{"id":13532,"date":"2026-04-20T21:51:41","date_gmt":"2026-04-20T20:51:41","guid":{"rendered":"https:\/\/geometriktarget.com\/equipamentos\/"},"modified":"2026-05-05T11:37:47","modified_gmt":"2026-05-05T10:37:47","slug":"equipamiento-para-gimnasios","status":"publish","type":"page","link":"https:\/\/geometriktarget.com\/es\/equipamiento-para-gimnasios\/","title":{"rendered":"Equipamiento para gimnasios"},"content":{"rendered":"\n<div class=\"wp-block-group alignwide p-block-60 p-inline-30 xs-p-t-30 xs-p-b-0 xs-p-inline-0 has-global-padding is-layout-constrained wp-block-group-is-layout-constrained\">\n<div class=\"wp-block-group alignwide is-layout-flow wp-block-group-is-layout-flow\">\n<div class=\"wp-block-group xs-p-inline-30 has-global-padding is-layout-constrained wp-block-group-is-layout-constrained\" style=\"margin-bottom:var(--wp--preset--spacing--40)\">\n<h1 class=\"wp-block-heading has-text-align-center\">Equipamiento para gimnasios<\/h1>\n\n\n\n<hr class=\"wp-block-separator has-alpha-channel-opacity is-style-separator-geometrik\"\/>\n\n\n\n<p class=\"has-text-align-center has-medium-font-size\" style=\"margin-bottom:var(--wp--preset--spacing--40)\">Cada gimnasio necesita la combinaci\u00f3n adecuada de equipamiento. El espacio, el tipo de entrenamiento y el perfil de los usuarios no pueden tratarse como algo est\u00e1ndar. Por eso analizamos tu proyecto antes de recomendar cualquier soluci\u00f3n. Trabajamos con marcas que conocemos bien para que tu espacio de entrenamiento funcione desde el primer d\u00eda. Todo el equipamiento se entrega listo para instalar.<\/p>\n\n\n\n\n\n<ul class=\"wp-block-list is-style-pills block-visibility-hide-small-screen block-visibility-hide-extra-small-screen\">\n<li>An\u00e1lisis del espacio<\/li>\n\n\n\n<li>Propuesta personalizada<\/li>\n\n\n\n<li>Instalaci\u00f3n completada<\/li>\n\n\n\n<li>Seguimiento postventa<\/li>\n<\/ul>\n<\/div>\n\n\n\n<div class=\"wp-block-query alignwide display-grid is-layout-flow wp-block-query-is-layout-flow\"><ul class=\"grid grid-2 gap-40 l-grid-1 xs-gap-0 wp-block-post-template is-layout-flow wp-block-post-template-is-layout-flow\"><li class=\"wp-block-post post-13508 equipamento type-equipamento status-publish has-post-thumbnail hentry tipo-equipamento-chest-press tipo-equipamento-leg-curl tipo-equipamento-leg-press tipo-equipamento-pull-down tipo-equipamento-shoulder-press\">\n\n<div class=\"wp-block-group flex product-loop-item has-white-background-color has-background is-layout-flow wp-block-group-is-layout-flow\" style=\"padding-top:0;padding-right:0;padding-bottom:0;padding-left:0\"><figure style=\"aspect-ratio:auto;\" class=\"flex-1 max-w-50 m-max-w-100 product-loop-image wp-block-post-featured-image\"><a href=\"https:\/\/geometriktarget.com\/es\/equipamiento-para-gimnasios\/maquinas-de-fuerza-peso-guiado\/\" target=\"_self\"  ><img loading=\"lazy\" decoding=\"async\" width=\"1024\" height=\"1024\" src=\"https:\/\/geometriktarget.com\/wp-content\/uploads\/2026\/04\/equipamento-peso-guiado.jpg\" class=\"attachment-post-thumbnail size-post-thumbnail wp-post-image\" alt=\"M\u00e1quinas de Fuerza (Peso Guiado)\" style=\"width:100%;height:100%;object-fit:cover;\" srcset=\"https:\/\/geometriktarget.com\/wp-content\/uploads\/2026\/04\/equipamento-peso-guiado.jpg 1024w, https:\/\/geometriktarget.com\/wp-content\/uploads\/2026\/04\/equipamento-peso-guiado-300x300.jpg 300w, https:\/\/geometriktarget.com\/wp-content\/uploads\/2026\/04\/equipamento-peso-guiado-150x150.jpg 150w, https:\/\/geometriktarget.com\/wp-content\/uploads\/2026\/04\/equipamento-peso-guiado-768x768.jpg 768w, https:\/\/geometriktarget.com\/wp-content\/uploads\/2026\/04\/equipamento-peso-guiado-100x100.jpg 100w, https:\/\/geometriktarget.com\/wp-content\/uploads\/2026\/04\/equipamento-peso-guiado-400x400.jpg 400w, https:\/\/geometriktarget.com\/wp-content\/uploads\/2026\/04\/equipamento-peso-guiado-620x620.jpg 620w, https:\/\/geometriktarget.com\/wp-content\/uploads\/2026\/04\/equipamento-peso-guiado-800x800.jpg 800w\" sizes=\"auto, (max-width: 1024px) 100vw, 1024px\" \/><\/a><\/figure>\n\n\n<div class=\"wp-block-group flex-1 max-w-50 flex flex-col flex-space-between flex-align-start m-max-w-100 is-layout-flow wp-block-group-is-layout-flow\" style=\"padding-top:var(--wp--preset--spacing--20);padding-right:var(--wp--preset--spacing--20);padding-bottom:var(--wp--preset--spacing--20);padding-left:var(--wp--preset--spacing--20)\">\n<div class=\"wp-block-group is-layout-flow wp-container-core-group-is-layout-9b635ac4 wp-block-group-is-layout-flow\"><h2 style=\"font-size:clamp(0.929rem, 0.929rem + ((1vw - 0.2rem) * 0.785), 1.4rem);\" class=\"has-link-color wp-elements-bf0a5e91eae6f7c06bc9300491aea595 wp-block-post-title has-text-color has-black-color\">M\u00e1quinas de Fuerza (Peso Guiado)<\/h2>\n\n\n<div class=\"wp-block-group is-layout-flow wp-container-core-group-is-layout-81d5c4b5 wp-block-group-is-layout-flow\">\n<h3 class=\"wp-block-heading has-primary-color has-text-color has-link-color wp-elements-f3374de5f0cacfea15302ea369d6bb9e\" style=\"font-size:clamp(0.875rem, 0.875rem + ((1vw - 0.2rem) * 0.375), 1.1rem);font-style:normal;font-weight:600;line-height:1.2\">Movimiento guiado y seguro<\/h3>\n\n\n\n<p class=\"short-intro\" style=\"margin-top:var(--wp--preset--spacing--10);margin-bottom:var(--wp--preset--spacing--10);font-size:0.81rem\">Equipamiento dise\u00f1ado para una ejecuci\u00f3n precisa y consistente. Permite entrenar con control, eficiencia y progresi\u00f3n en cualquier nivel.<\/p>\n\n\n<div class=\"icons taxonomy-terms flex flex-col gap-10 wp-elements-6bde7bce6bc0317ad5947e97f294866b wp-block-mindprocess-display-taxonomy has-text-color has-dark-grey-color\">\n<div class=\"term small\">Chest Press<\/div><div class=\"term small\">Leg Curl<\/div><div class=\"term small\">Leg Press<\/div><div class=\"term small\">Pull Down<\/div><\/div><\/div>\n<\/div>\n\n\n\n<div class=\"wp-block-group is-layout-flow wp-container-core-group-is-layout-81d5c4b5 wp-block-group-is-layout-flow\"><a href=\"https:\/\/geometriktarget.com\/es\/equipamiento-para-gimnasios\/maquinas-de-fuerza-peso-guiado\/\" class=\"wp-elements-59f774bd48954837f9c31d072f05f041 wp-block-mindprocess-read-more has-text-color has-white-color\">\n\tVer m\u00e1quinas<\/a><\/div>\n<\/div>\n<\/div>\n\n<\/li><li class=\"wp-block-post post-13510 equipamento type-equipamento status-publish has-post-thumbnail hentry tipo-equipamento-chest-press-iso-lateral tipo-equipamento-hack-slide tipo-equipamento-leg-press-45o tipo-equipamento-smith-machine\">\n\n<div class=\"wp-block-group flex product-loop-item has-white-background-color has-background is-layout-flow wp-block-group-is-layout-flow\" style=\"padding-top:0;padding-right:0;padding-bottom:0;padding-left:0\"><figure style=\"aspect-ratio:auto;\" class=\"flex-1 max-w-50 m-max-w-100 product-loop-image wp-block-post-featured-image\"><a href=\"https:\/\/geometriktarget.com\/es\/equipamiento-para-gimnasios\/maquinas-de-fuerza-peso-libre\/\" target=\"_self\"  ><img loading=\"lazy\" decoding=\"async\" width=\"1024\" height=\"1024\" src=\"https:\/\/geometriktarget.com\/wp-content\/uploads\/2026\/04\/equipamento-peso-livre.jpg\" class=\"attachment-post-thumbnail size-post-thumbnail wp-post-image\" alt=\"M\u00e1quinas de Fuerza (Peso Libre)\" style=\"width:100%;height:100%;object-fit:cover;\" srcset=\"https:\/\/geometriktarget.com\/wp-content\/uploads\/2026\/04\/equipamento-peso-livre.jpg 1024w, https:\/\/geometriktarget.com\/wp-content\/uploads\/2026\/04\/equipamento-peso-livre-300x300.jpg 300w, https:\/\/geometriktarget.com\/wp-content\/uploads\/2026\/04\/equipamento-peso-livre-150x150.jpg 150w, https:\/\/geometriktarget.com\/wp-content\/uploads\/2026\/04\/equipamento-peso-livre-768x768.jpg 768w, https:\/\/geometriktarget.com\/wp-content\/uploads\/2026\/04\/equipamento-peso-livre-100x100.jpg 100w, https:\/\/geometriktarget.com\/wp-content\/uploads\/2026\/04\/equipamento-peso-livre-400x400.jpg 400w, https:\/\/geometriktarget.com\/wp-content\/uploads\/2026\/04\/equipamento-peso-livre-620x620.jpg 620w, https:\/\/geometriktarget.com\/wp-content\/uploads\/2026\/04\/equipamento-peso-livre-800x800.jpg 800w\" sizes=\"auto, (max-width: 1024px) 100vw, 1024px\" \/><\/a><\/figure>\n\n\n<div class=\"wp-block-group flex-1 max-w-50 flex flex-col flex-space-between flex-align-start m-max-w-100 is-layout-flow wp-block-group-is-layout-flow\" style=\"padding-top:var(--wp--preset--spacing--20);padding-right:var(--wp--preset--spacing--20);padding-bottom:var(--wp--preset--spacing--20);padding-left:var(--wp--preset--spacing--20)\">\n<div class=\"wp-block-group is-layout-flow wp-container-core-group-is-layout-9b635ac4 wp-block-group-is-layout-flow\"><h2 style=\"font-size:clamp(0.929rem, 0.929rem + ((1vw - 0.2rem) * 0.785), 1.4rem);\" class=\"has-link-color wp-elements-bf0a5e91eae6f7c06bc9300491aea595 wp-block-post-title has-text-color has-black-color\">M\u00e1quinas de Fuerza (Peso Libre)<\/h2>\n\n\n<div class=\"wp-block-group is-layout-flow wp-container-core-group-is-layout-81d5c4b5 wp-block-group-is-layout-flow\">\n<h3 class=\"wp-block-heading has-primary-color has-text-color has-link-color wp-elements-f3374de5f0cacfea15302ea369d6bb9e\" style=\"font-size:clamp(0.875rem, 0.875rem + ((1vw - 0.2rem) * 0.375), 1.1rem);font-style:normal;font-weight:600;line-height:1.2\">Movimiento libre con m\u00e1xima intensidad<\/h3>\n\n\n\n<p class=\"short-intro\" style=\"margin-top:var(--wp--preset--spacing--10);margin-bottom:var(--wp--preset--spacing--10);font-size:0.81rem\">Mayor amplitud y activaci\u00f3n muscular. Pensadas para entrenamientos exigentes, con foco en rendimiento y progresi\u00f3n.<\/p>\n\n\n<div class=\"icons taxonomy-terms flex flex-col gap-10 wp-elements-6bde7bce6bc0317ad5947e97f294866b wp-block-mindprocess-display-taxonomy has-text-color has-dark-grey-color\">\n<div class=\"term small\">Chest Press Iso-Lateral<\/div><div class=\"term small\">Hack Slide<\/div><div class=\"term small\">Leg Press 45\u00ba<\/div><div class=\"term small\">Smith Machine<\/div><\/div><\/div>\n<\/div>\n\n\n\n<div class=\"wp-block-group is-layout-flow wp-container-core-group-is-layout-81d5c4b5 wp-block-group-is-layout-flow\"><a href=\"https:\/\/geometriktarget.com\/es\/equipamiento-para-gimnasios\/maquinas-de-fuerza-peso-libre\/\" class=\"wp-elements-59f774bd48954837f9c31d072f05f041 wp-block-mindprocess-read-more has-text-color has-white-color\">\n\tVer m\u00e1quinas<\/a><\/div>\n<\/div>\n<\/div>\n\n<\/li><li class=\"wp-block-post post-13512 equipamento type-equipamento status-publish has-post-thumbnail hentry tipo-equipamento-polea-doble-ajustable tipo-equipamento-multiestacion-4-estaciones tipo-equipamento-multiestacion-5-estaciones\">\n\n<div class=\"wp-block-group flex product-loop-item has-white-background-color has-background is-layout-flow wp-block-group-is-layout-flow\" style=\"padding-top:0;padding-right:0;padding-bottom:0;padding-left:0\"><figure style=\"aspect-ratio:auto;\" class=\"flex-1 max-w-50 m-max-w-100 product-loop-image wp-block-post-featured-image\"><a href=\"https:\/\/geometriktarget.com\/es\/equipamiento-para-gimnasios\/multiestaciones-y-poleas\/\" target=\"_self\"  ><img loading=\"lazy\" decoding=\"async\" width=\"1024\" height=\"1024\" src=\"https:\/\/geometriktarget.com\/wp-content\/uploads\/2026\/04\/equipamento-multiestacoes-polias.jpg\" class=\"attachment-post-thumbnail size-post-thumbnail wp-post-image\" alt=\"Multiestaciones y Poleas\" style=\"width:100%;height:100%;object-fit:cover;\" srcset=\"https:\/\/geometriktarget.com\/wp-content\/uploads\/2026\/04\/equipamento-multiestacoes-polias.jpg 1024w, https:\/\/geometriktarget.com\/wp-content\/uploads\/2026\/04\/equipamento-multiestacoes-polias-300x300.jpg 300w, https:\/\/geometriktarget.com\/wp-content\/uploads\/2026\/04\/equipamento-multiestacoes-polias-150x150.jpg 150w, https:\/\/geometriktarget.com\/wp-content\/uploads\/2026\/04\/equipamento-multiestacoes-polias-768x768.jpg 768w, https:\/\/geometriktarget.com\/wp-content\/uploads\/2026\/04\/equipamento-multiestacoes-polias-100x100.jpg 100w, https:\/\/geometriktarget.com\/wp-content\/uploads\/2026\/04\/equipamento-multiestacoes-polias-400x400.jpg 400w, https:\/\/geometriktarget.com\/wp-content\/uploads\/2026\/04\/equipamento-multiestacoes-polias-620x620.jpg 620w, https:\/\/geometriktarget.com\/wp-content\/uploads\/2026\/04\/equipamento-multiestacoes-polias-800x800.jpg 800w\" sizes=\"auto, (max-width: 1024px) 100vw, 1024px\" \/><\/a><\/figure>\n\n\n<div class=\"wp-block-group flex-1 max-w-50 flex flex-col flex-space-between flex-align-start m-max-w-100 is-layout-flow wp-block-group-is-layout-flow\" style=\"padding-top:var(--wp--preset--spacing--20);padding-right:var(--wp--preset--spacing--20);padding-bottom:var(--wp--preset--spacing--20);padding-left:var(--wp--preset--spacing--20)\">\n<div class=\"wp-block-group is-layout-flow wp-container-core-group-is-layout-9b635ac4 wp-block-group-is-layout-flow\"><h2 style=\"font-size:clamp(0.929rem, 0.929rem + ((1vw - 0.2rem) * 0.785), 1.4rem);\" class=\"has-link-color wp-elements-bf0a5e91eae6f7c06bc9300491aea595 wp-block-post-title has-text-color has-black-color\">Multiestaciones y Poleas<\/h2>\n\n\n<div class=\"wp-block-group is-layout-flow wp-container-core-group-is-layout-81d5c4b5 wp-block-group-is-layout-flow\">\n<h3 class=\"wp-block-heading has-primary-color has-text-color has-link-color wp-elements-f3374de5f0cacfea15302ea369d6bb9e\" style=\"font-size:clamp(0.875rem, 0.875rem + ((1vw - 0.2rem) * 0.375), 1.1rem);font-style:normal;font-weight:600;line-height:1.2\">M\u00e1xima versatilidad en el mismo espacio<\/h3>\n\n\n\n<p class=\"short-intro\" style=\"margin-top:var(--wp--preset--spacing--10);margin-bottom:var(--wp--preset--spacing--10);font-size:0.81rem\">Una estaci\u00f3n, decenas de posibilidades. Ideales para espacios que necesitan flexibilidad y organizaci\u00f3n.<\/p>\n\n\n<div class=\"icons taxonomy-terms flex flex-col gap-10 wp-elements-6bde7bce6bc0317ad5947e97f294866b wp-block-mindprocess-display-taxonomy has-text-color has-dark-grey-color\">\n<div class=\"term small\">Polea doble ajustable<\/div><div class=\"term small\">Multiestaci\u00f3n 4 estaciones<\/div><div class=\"term small\">Multiestaci\u00f3n 5 estaciones<\/div><\/div><\/div>\n<\/div>\n\n\n\n<div class=\"wp-block-group is-layout-flow wp-container-core-group-is-layout-81d5c4b5 wp-block-group-is-layout-flow\"><a href=\"https:\/\/geometriktarget.com\/es\/equipamiento-para-gimnasios\/multiestaciones-y-poleas\/\" class=\"wp-elements-59f774bd48954837f9c31d072f05f041 wp-block-mindprocess-read-more has-text-color has-white-color\">\n\tVer m\u00e1quinas<\/a><\/div>\n<\/div>\n<\/div>\n\n<\/li><li class=\"wp-block-post post-13514 equipamento type-equipamento status-publish has-post-thumbnail hentry tipo-equipamento-airbike tipo-equipamento-elipticas tipo-equipamento-cintas tipo-equipamento-rower tipo-equipamento-skierg\">\n\n<div class=\"wp-block-group flex product-loop-item has-white-background-color has-background is-layout-flow wp-block-group-is-layout-flow\" style=\"padding-top:0;padding-right:0;padding-bottom:0;padding-left:0\"><figure style=\"aspect-ratio:auto;\" class=\"flex-1 max-w-50 m-max-w-100 product-loop-image wp-block-post-featured-image\"><a href=\"https:\/\/geometriktarget.com\/es\/equipamiento-para-gimnasios\/maquinas-de-cardio\/\" target=\"_self\"  ><img loading=\"lazy\" decoding=\"async\" width=\"1024\" height=\"1024\" src=\"https:\/\/geometriktarget.com\/wp-content\/uploads\/2026\/04\/equipamento-cardio.jpg\" class=\"attachment-post-thumbnail size-post-thumbnail wp-post-image\" alt=\"M\u00e1quinas de Cardio\" style=\"width:100%;height:100%;object-fit:cover;\" srcset=\"https:\/\/geometriktarget.com\/wp-content\/uploads\/2026\/04\/equipamento-cardio.jpg 1024w, https:\/\/geometriktarget.com\/wp-content\/uploads\/2026\/04\/equipamento-cardio-300x300.jpg 300w, https:\/\/geometriktarget.com\/wp-content\/uploads\/2026\/04\/equipamento-cardio-150x150.jpg 150w, https:\/\/geometriktarget.com\/wp-content\/uploads\/2026\/04\/equipamento-cardio-768x768.jpg 768w, https:\/\/geometriktarget.com\/wp-content\/uploads\/2026\/04\/equipamento-cardio-100x100.jpg 100w, https:\/\/geometriktarget.com\/wp-content\/uploads\/2026\/04\/equipamento-cardio-400x400.jpg 400w, https:\/\/geometriktarget.com\/wp-content\/uploads\/2026\/04\/equipamento-cardio-620x620.jpg 620w, https:\/\/geometriktarget.com\/wp-content\/uploads\/2026\/04\/equipamento-cardio-800x800.jpg 800w\" sizes=\"auto, (max-width: 1024px) 100vw, 1024px\" \/><\/a><\/figure>\n\n\n<div class=\"wp-block-group flex-1 max-w-50 flex flex-col flex-space-between flex-align-start m-max-w-100 is-layout-flow wp-block-group-is-layout-flow\" style=\"padding-top:var(--wp--preset--spacing--20);padding-right:var(--wp--preset--spacing--20);padding-bottom:var(--wp--preset--spacing--20);padding-left:var(--wp--preset--spacing--20)\">\n<div class=\"wp-block-group is-layout-flow wp-container-core-group-is-layout-9b635ac4 wp-block-group-is-layout-flow\"><h2 style=\"font-size:clamp(0.929rem, 0.929rem + ((1vw - 0.2rem) * 0.785), 1.4rem);\" class=\"has-link-color wp-elements-bf0a5e91eae6f7c06bc9300491aea595 wp-block-post-title has-text-color has-black-color\">M\u00e1quinas de Cardio<\/h2>\n\n\n<div class=\"wp-block-group is-layout-flow wp-container-core-group-is-layout-81d5c4b5 wp-block-group-is-layout-flow\">\n<h3 class=\"wp-block-heading has-primary-color has-text-color has-link-color wp-elements-f3374de5f0cacfea15302ea369d6bb9e\" style=\"font-size:clamp(0.875rem, 0.875rem + ((1vw - 0.2rem) * 0.375), 1.1rem);font-style:normal;font-weight:600;line-height:1.2\">Preparadas para uso intensivo<\/h3>\n\n\n\n<p class=\"short-intro\" style=\"margin-top:var(--wp--preset--spacing--10);margin-bottom:var(--wp--preset--spacing--10);font-size:0.81rem\">Equipamiento optimizado para uso continuo, con alta durabilidad para evitar interrupciones en la operaci\u00f3n.<\/p>\n\n\n<div class=\"icons taxonomy-terms flex flex-col gap-10 wp-elements-6bde7bce6bc0317ad5947e97f294866b wp-block-mindprocess-display-taxonomy has-text-color has-dark-grey-color\">\n<div class=\"term small\">AirBike<\/div><div class=\"term small\">El\u00edpticas<\/div><div class=\"term small\">Cintas<\/div><div class=\"term small\">Rower<\/div><\/div><\/div>\n<\/div>\n\n\n\n<div class=\"wp-block-group is-layout-flow wp-container-core-group-is-layout-81d5c4b5 wp-block-group-is-layout-flow\"><a href=\"https:\/\/geometriktarget.com\/es\/equipamiento-para-gimnasios\/maquinas-de-cardio\/\" class=\"wp-elements-59f774bd48954837f9c31d072f05f041 wp-block-mindprocess-read-more has-text-color has-white-color\">\n\tVer m\u00e1quinas<\/a><\/div>\n<\/div>\n<\/div>\n\n<\/li><li class=\"wp-block-post post-13516 equipamento type-equipamento status-publish has-post-thumbnail hentry tipo-equipamento-barras-y-discos tipo-equipamento-mancuernas tipo-equipamento-kettlebells tipo-equipamento-slam-balls\">\n\n<div class=\"wp-block-group flex product-loop-item has-white-background-color has-background is-layout-flow wp-block-group-is-layout-flow\" style=\"padding-top:0;padding-right:0;padding-bottom:0;padding-left:0\"><figure style=\"aspect-ratio:auto;\" class=\"flex-1 max-w-50 m-max-w-100 product-loop-image wp-block-post-featured-image\"><a href=\"https:\/\/geometriktarget.com\/es\/equipamiento-para-gimnasios\/equipamiento-y-accesorios-de-entrenamiento\/\" target=\"_self\"  ><img loading=\"lazy\" decoding=\"async\" width=\"1024\" height=\"1024\" src=\"https:\/\/geometriktarget.com\/wp-content\/uploads\/2026\/04\/equipamento-acessorios-treino-e1777891651190.jpg\" class=\"attachment-post-thumbnail size-post-thumbnail wp-post-image\" alt=\"Equipamiento y Accesorios de Entrenamiento\" style=\"width:100%;height:100%;object-fit:cover;\" \/><\/a><\/figure>\n\n\n<div class=\"wp-block-group flex-1 max-w-50 flex flex-col flex-space-between flex-align-start m-max-w-100 is-layout-flow wp-block-group-is-layout-flow\" style=\"padding-top:var(--wp--preset--spacing--20);padding-right:var(--wp--preset--spacing--20);padding-bottom:var(--wp--preset--spacing--20);padding-left:var(--wp--preset--spacing--20)\">\n<div class=\"wp-block-group is-layout-flow wp-container-core-group-is-layout-9b635ac4 wp-block-group-is-layout-flow\"><h2 style=\"font-size:clamp(0.929rem, 0.929rem + ((1vw - 0.2rem) * 0.785), 1.4rem);\" class=\"has-link-color wp-elements-bf0a5e91eae6f7c06bc9300491aea595 wp-block-post-title has-text-color has-black-color\">Equipamiento y Accesorios de Entrenamiento<\/h2>\n\n\n<div class=\"wp-block-group is-layout-flow wp-container-core-group-is-layout-81d5c4b5 wp-block-group-is-layout-flow\">\n<h3 class=\"wp-block-heading has-primary-color has-text-color has-link-color wp-elements-f3374de5f0cacfea15302ea369d6bb9e\" style=\"font-size:clamp(0.875rem, 0.875rem + ((1vw - 0.2rem) * 0.375), 1.1rem);font-style:normal;font-weight:600;line-height:1.2\">Versatilidad para cualquier zona<\/h3>\n\n\n\n<p class=\"short-intro\" style=\"margin-top:var(--wp--preset--spacing--10);margin-bottom:var(--wp--preset--spacing--10);font-size:0.81rem\">Permiten diversificar ejercicios y adaptar el entrenamiento a distintos perfiles. Ideales para aprovechar las zonas libres.<\/p>\n\n\n<div class=\"icons taxonomy-terms flex flex-col gap-10 wp-elements-6bde7bce6bc0317ad5947e97f294866b wp-block-mindprocess-display-taxonomy has-text-color has-dark-grey-color\">\n<div class=\"term small\">Barras y Discos<\/div><div class=\"term small\">Mancuernas<\/div><div class=\"term small\">Kettlebells<\/div><div class=\"term small\">Slam Balls<\/div><\/div><\/div>\n<\/div>\n\n\n\n<div class=\"wp-block-group is-layout-flow wp-container-core-group-is-layout-81d5c4b5 wp-block-group-is-layout-flow\"><a href=\"https:\/\/geometriktarget.com\/es\/equipamiento-para-gimnasios\/equipamiento-y-accesorios-de-entrenamiento\/\" class=\"wp-elements-59f774bd48954837f9c31d072f05f041 wp-block-mindprocess-read-more has-text-color has-white-color\">\n\tVer m\u00e1quinas<\/a><\/div>\n<\/div>\n<\/div>\n\n<\/li><\/ul><\/div>\n<\/div>\n<\/div>\n\n\n\n<div class=\"wp-block-group flex flex-justify-start flex-align-center xs-flex-align-end relative has-x-dark-grey-background-color has-background has-global-padding is-layout-constrained wp-container-core-group-is-layout-941b2030 wp-block-group-is-layout-constrained\" style=\"min-height:286px;padding-top:var(--wp--preset--spacing--60);padding-right:var(--wp--preset--spacing--30);padding-bottom:var(--wp--preset--spacing--60);padding-left:var(--wp--preset--spacing--30)\">\n<div class=\"wp-block-group alignwide w-100 is-layout-flow wp-container-core-group-is-layout-148b7bd4 wp-block-group-is-layout-flow\" style=\"padding-bottom:0\">\n<h3 class=\"wp-block-heading has-text-align-center has-white-color has-text-color has-link-color has-x-large-font-size wp-elements-16c576f26a79c7b4088fb15ff12eac8c\">\u00bfEquipamos tu gimnasio?<\/h3>\n\n\n\n<hr class=\"wp-block-separator has-alpha-channel-opacity is-style-separator-geometrik\"\/>\n\n\n\n<p class=\"has-text-align-center has-light-grey-color has-text-color has-link-color wp-elements-7f106df0ccb523814e7b295f014b0e66\">Cu\u00e9ntanos sobre tu espacio y el tipo de entrenamiento.<\/p>\n\n\n\n<p class=\"has-text-align-center has-light-grey-color has-text-color has-link-color wp-elements-77ed5bbdba0390e7836f3ab7b0baac35\">Nos pondremos en contacto para entender mejor tu proyecto y enviarte una propuesta.<\/p>\n\n\n<div style=\"margin-top:var(--wp--preset--spacing--40);margin-bottom:var(--wp--preset--spacing--40);\" class=\"is-visible-mobile wp-block-mindprocess-active-campaign-modal has-text-align-center\">\n\t<sl-dialog>\n\t\t<div class=\"intro-text\">Rellena los datos a continuaci\u00f3n. Un especialista de Geometrik se pondr\u00e1 en contacto contigo.<\/div><div class='_form_331'><\/div><script type='text\/javascript' src='https:\/\/geometriktarget.activehosted.com\/f\/embed.php?static=0&#038;id=331&#038;69F9DFD8E0C79&#038;nostyles=0&#038;preview=0'><\/script>\t<\/sl-dialog>\n\t<div class=\"modal-button-container\">\n\t\t<button class=\"ac-form-modal-open\">Pedir propuesta<\/button>\n\t<\/div>\n<\/div>\n\n\n<ul style=\"margin-right:0;margin-left:0\" class=\"wp-block-list is-style-pills-dark\">\n<li>Presupuesto adaptado a tu espacio<\/li>\n\n\n\n<li>Instalaci\u00f3n y configuraci\u00f3n incluidas<\/li>\n\n\n\n<li>Asistencia postventa<\/li>\n<\/ul>\n<\/div>\n<\/div>\n","protected":false},"excerpt":{"rendered":"<p>Equipamiento para gimnasios Cada gimnasio necesita la combinaci\u00f3n adecuada de equipamiento. El espacio, el tipo de entrenamiento y el perfil de los usuarios no pueden tratarse como algo est\u00e1ndar. Por eso analizamos tu proyecto antes de recomendar cualquier soluci\u00f3n. Trabajamos con marcas que conocemos bien para que tu espacio de entrenamiento funcione desde el primer [&hellip;]<\/p>\n","protected":false},"author":1,"featured_media":0,"parent":0,"menu_order":9,"comment_status":"closed","ping_status":"closed","template":"","meta":{"_acf_changed":false,"footnotes":""},"class_list":["post-13532","page","type-page","status-publish","hentry"],"acf":[],"_links":{"self":[{"href":"https:\/\/geometriktarget.com\/es\/wp-json\/wp\/v2\/pages\/13532","targetHints":{"allow":["GET"]}}],"collection":[{"href":"https:\/\/geometriktarget.com\/es\/wp-json\/wp\/v2\/pages"}],"about":[{"href":"https:\/\/geometriktarget.com\/es\/wp-json\/wp\/v2\/types\/page"}],"author":[{"embeddable":true,"href":"https:\/\/geometriktarget.com\/es\/wp-json\/wp\/v2\/users\/1"}],"replies":[{"embeddable":true,"href":"https:\/\/geometriktarget.com\/es\/wp-json\/wp\/v2\/comments?post=13532"}],"version-history":[{"count":12,"href":"https:\/\/geometriktarget.com\/es\/wp-json\/wp\/v2\/pages\/13532\/revisions"}],"predecessor-version":[{"id":14026,"href":"https:\/\/geometriktarget.com\/es\/wp-json\/wp\/v2\/pages\/13532\/revisions\/14026"}],"wp:attachment":[{"href":"https:\/\/geometriktarget.com\/es\/wp-json\/wp\/v2\/media?parent=13532"}],"curies":[{"name":"wp","href":"https:\/\/api.w.org\/{rel}","templated":true}]}}