{"id":13707,"date":"2026-04-28T23:36:40","date_gmt":"2026-04-28T22:36:40","guid":{"rendered":"https:\/\/geometriktarget.com\/ginasio-completo\/"},"modified":"2026-05-04T18:35:14","modified_gmt":"2026-05-04T17:35:14","slug":"gimnasio-completo","status":"publish","type":"page","link":"https:\/\/geometriktarget.com\/es\/gimnasio-completo\/","title":{"rendered":"Gimnasio completo"},"content":{"rendered":"\n<div class=\"wp-block-cover\" style=\"padding-top:var(--wp--preset--spacing--100);padding-bottom:var(--wp--preset--spacing--100)\"><img loading=\"lazy\" decoding=\"async\" width=\"1920\" height=\"1080\" class=\"wp-block-cover__image-background wp-image-13557 size-full\" alt=\"\" src=\"https:\/\/geometriktarget.com\/wp-content\/uploads\/2026\/04\/header-ginasio-completo.jpg\" data-object-fit=\"cover\" srcset=\"https:\/\/geometriktarget.com\/wp-content\/uploads\/2026\/04\/header-ginasio-completo.jpg 1920w, https:\/\/geometriktarget.com\/wp-content\/uploads\/2026\/04\/header-ginasio-completo-300x169.jpg 300w, https:\/\/geometriktarget.com\/wp-content\/uploads\/2026\/04\/header-ginasio-completo-1024x576.jpg 1024w, https:\/\/geometriktarget.com\/wp-content\/uploads\/2026\/04\/header-ginasio-completo-768x432.jpg 768w, https:\/\/geometriktarget.com\/wp-content\/uploads\/2026\/04\/header-ginasio-completo-1536x864.jpg 1536w\" sizes=\"auto, (max-width: 1920px) 100vw, 1920px\" \/><span aria-hidden=\"true\" class=\"wp-block-cover__background has-black-background-color has-background-dim-60 has-background-dim\"><\/span><div class=\"wp-block-cover__inner-container has-global-padding is-layout-constrained wp-container-core-cover-is-layout-e07d3f18 wp-block-cover-is-layout-constrained\">\n<h1 class=\"wp-block-heading has-text-align-center text-balance\">El gimnasio que imaginaste, equipado sin complicaciones<\/h1>\n\n\n\n<hr class=\"wp-block-separator has-alpha-channel-opacity is-style-separator-geometrik\"\/>\n\n\n\n<p class=\"has-text-align-center text-balance\">Suelo, m\u00e1quinas y accesorios en un solo proyecto. Planificamos contigo y suministramos lo que necesitas para abrir o renovar tu gimnasio. Todo el equipamiento se entrega listo para instalar.<\/p>\n\n\n\n<div class=\"wp-block-group has-black-color has-text-color has-link-color wp-elements-4bf45c497875da8aa967cb201b21e3e5 has-global-padding is-layout-constrained wp-block-group-is-layout-constrained\"><div class=\"is-visible-mobile wp-block-mindprocess-active-campaign-modal has-text-align-center\">\n\t<sl-dialog>\n\t\t<div class=\"intro-text\">Rellena los datos a continuaci\u00f3n. Un especialista de Geometrik se pondr\u00e1 en contacto contigo.<\/div><div class='_form_341'><\/div><script type='text\/javascript' src='https:\/\/geometriktarget.activehosted.com\/f\/embed.php?static=0&#038;id=341&#038;69F9DFD936552&#038;nostyles=0&#038;preview=0'><\/script>\t<\/sl-dialog>\n\t<div class=\"modal-button-container\">\n\t\t<button class=\"ac-form-modal-open\">Pedir propuesta<\/button>\n\t<\/div>\n<\/div><\/div>\n<\/div><\/div>\n\n\n\n<div class=\"wp-block-group p-block-fluid-2-6 p-inline-30 has-white-background-color has-background has-global-padding is-layout-constrained wp-block-group-is-layout-constrained\">\n<h2 class=\"wp-block-heading has-text-align-center\">Todo para equipar tu gimnasio<\/h2>\n\n\n\n<hr class=\"wp-block-separator has-alpha-channel-opacity is-style-separator-geometrik\"\/>\n\n\n\n<div class=\"wp-block-group alignwide image-grid is-layout-flow wp-block-group-is-layout-flow\" style=\"padding-right:var(--wp--preset--spacing--20);padding-left:var(--wp--preset--spacing--20)\">\n<div class=\"wp-block-group is-layout-flow wp-block-group-is-layout-flow\">\n<figure class=\"wp-block-image aligncenter size-400x260\"><a href=\"https:\/\/geometriktarget.com\/es\/suelos-gimnasio\/\"><img loading=\"lazy\" decoding=\"async\" width=\"400\" height=\"260\" src=\"https:\/\/geometriktarget.com\/wp-content\/uploads\/2024\/03\/Alpha-Burly-Preto-Cinza-400x260.jpg\" alt=\"\" class=\"wp-image-12638\"\/><\/a><\/figure>\n\n\n\n<h3 class=\"wp-block-heading\">Suelos gimnasio<\/h3>\n<\/div>\n\n\n\n<div class=\"wp-block-group is-layout-flow wp-block-group-is-layout-flow\">\n<figure class=\"wp-block-image aligncenter size-400x260\"><a href=\"https:\/\/geometriktarget.com\/es\/equipamiento-para-gimnasios\/maquinas-de-fuerza-peso-guiado\/\"><img loading=\"lazy\" decoding=\"async\" width=\"400\" height=\"260\" src=\"https:\/\/geometriktarget.com\/wp-content\/uploads\/2026\/04\/equipamento-peso-guiado-400x260.jpg\" alt=\"\" class=\"wp-image-13260\"\/><\/a><\/figure>\n\n\n\n<h3 class=\"wp-block-heading\">M\u00e1quinas de Fuerza (Peso Guiado)<\/h3>\n<\/div>\n\n\n\n<div class=\"wp-block-group is-layout-flow wp-block-group-is-layout-flow\">\n<figure class=\"wp-block-image aligncenter size-400x260\"><a href=\"https:\/\/geometriktarget.com\/es\/equipamiento-para-gimnasios\/maquinas-de-fuerza-peso-libre\/\"><img loading=\"lazy\" decoding=\"async\" width=\"400\" height=\"260\" src=\"https:\/\/geometriktarget.com\/wp-content\/uploads\/2026\/04\/equipamento-peso-livre-400x260.jpg\" alt=\"\" class=\"wp-image-13265\"\/><\/a><\/figure>\n\n\n\n<h3 class=\"wp-block-heading\">M\u00e1quinas de Fuerza (Peso Libre)<\/h3>\n<\/div>\n\n\n\n<div class=\"wp-block-group is-layout-flow wp-block-group-is-layout-flow\">\n<figure class=\"wp-block-image aligncenter size-400x260\"><a href=\"https:\/\/geometriktarget.com\/es\/equipamiento-para-gimnasios\/multiestaciones-y-poleas\/\"><img loading=\"lazy\" decoding=\"async\" width=\"400\" height=\"260\" src=\"https:\/\/geometriktarget.com\/wp-content\/uploads\/2026\/04\/equipamento-multiestacoes-polias-400x260.jpg\" alt=\"\" class=\"wp-image-13255\"\/><\/a><\/figure>\n\n\n\n<h3 class=\"wp-block-heading\">Multiestaciones y Poleas<\/h3>\n<\/div>\n\n\n\n<div class=\"wp-block-group is-layout-flow wp-block-group-is-layout-flow\">\n<figure class=\"wp-block-image aligncenter size-400x260\"><a href=\"https:\/\/geometriktarget.com\/es\/equipamiento-para-gimnasios\/maquinas-de-cardio\/\"><img loading=\"lazy\" decoding=\"async\" width=\"400\" height=\"260\" src=\"https:\/\/geometriktarget.com\/wp-content\/uploads\/2026\/04\/equipamento-cardio-400x260.jpg\" alt=\"\" class=\"wp-image-13250\"\/><\/a><\/figure>\n\n\n\n<h3 class=\"wp-block-heading\">M\u00e1quinas de Cardio<\/h3>\n<\/div>\n\n\n\n<div class=\"wp-block-group is-layout-flow wp-block-group-is-layout-flow\">\n<figure class=\"wp-block-image aligncenter size-400x260\"><a href=\"https:\/\/geometriktarget.com\/es\/equipamiento-para-gimnasios\/equipamiento-y-accesorios-de-entrenamiento\/\"><img loading=\"lazy\" decoding=\"async\" width=\"1024\" height=\"690\" src=\"https:\/\/geometriktarget.com\/wp-content\/uploads\/2026\/04\/equipamento-acessorios-treino-e1777891651190.jpg\" alt=\"\" class=\"wp-image-13245\" srcset=\"https:\/\/geometriktarget.com\/wp-content\/uploads\/2026\/04\/equipamento-acessorios-treino-e1777891651190.jpg 1024w, https:\/\/geometriktarget.com\/wp-content\/uploads\/2026\/04\/equipamento-acessorios-treino-e1777891651190-300x202.jpg 300w, https:\/\/geometriktarget.com\/wp-content\/uploads\/2026\/04\/equipamento-acessorios-treino-e1777891651190-768x518.jpg 768w\" sizes=\"auto, (max-width: 1024px) 100vw, 1024px\" \/><\/a><\/figure>\n\n\n\n<h3 class=\"wp-block-heading\">Equipamiento y Accesorios de Entrenamiento<\/h3>\n<\/div>\n<\/div>\n<\/div>\n\n\n\n<div class=\"wp-block-group p-block-fluid-2-6 p-inline-30 has-xx-light-grey-background-color has-background has-global-padding is-layout-constrained wp-block-group-is-layout-constrained\">\n<h2 class=\"wp-block-heading has-text-align-center\">\u00bfQu\u00e9 significa \u201cgimnasio completo\u201d?<\/h2>\n\n\n\n<hr class=\"wp-block-separator has-alpha-channel-opacity is-style-separator-geometrik\"\/>\n\n\n\n<p class=\"has-text-align-center\">Un socio para todo el proyecto. Menos proveedores, menos retrasos y menos decisiones sueltas por el camino.<\/p>\n\n\n\n<div class=\"wp-block-group alignwide grid grid-4 gap-20 m-grid-2 xs-grid-1 is-layout-flow wp-block-group-is-layout-flow\" style=\"margin-top:var(--wp--preset--spacing--60)\">\n<div class=\"wp-block-group has-border-color has-medium-light-grey-border-color has-white-background-color has-background is-layout-flow wp-container-core-group-is-layout-13a5d8f9 wp-block-group-is-layout-flow\" style=\"border-width:1px;padding-top:var(--wp--preset--spacing--20);padding-right:var(--wp--preset--spacing--20);padding-bottom:var(--wp--preset--spacing--20);padding-left:var(--wp--preset--spacing--20)\">\n<figure class=\"wp-block-image size-full is-resized\"><img loading=\"lazy\" decoding=\"async\" width=\"24\" height=\"24\" src=\"https:\/\/geometriktarget.com\/wp-content\/uploads\/2026\/04\/icon-planeamento.svg\" alt=\"\" class=\"wp-image-13634\" style=\"object-fit:cover;width:32px;height:32px\"\/><\/figure>\n\n\n\n<h3 class=\"wp-block-heading has-medium-font-size\" style=\"font-style:normal;font-weight:600\">Planificaci\u00f3n<\/h3>\n\n\n\n<ul class=\"wp-block-list is-style-icons-vertical\">\n<li>An\u00e1lisis del espacio, objetivos y tipo de uso.<\/li>\n\n\n\n<li>Sugerencias de distribuci\u00f3n adaptadas a tu modelo de entrenamiento.<\/li>\n<\/ul>\n<\/div>\n\n\n\n<div class=\"wp-block-group has-border-color has-medium-light-grey-border-color has-white-background-color has-background is-layout-flow wp-container-core-group-is-layout-13a5d8f9 wp-block-group-is-layout-flow\" style=\"border-width:1px;padding-top:var(--wp--preset--spacing--20);padding-right:var(--wp--preset--spacing--20);padding-bottom:var(--wp--preset--spacing--20);padding-left:var(--wp--preset--spacing--20)\">\n<figure class=\"wp-block-image size-large is-resized\"><img loading=\"lazy\" decoding=\"async\" width=\"24\" height=\"24\" src=\"https:\/\/geometriktarget.com\/wp-content\/uploads\/2026\/04\/icon-pavimento.svg\" alt=\"\" class=\"wp-image-13629\" style=\"object-fit:cover;width:32px;height:32px\"\/><\/figure>\n\n\n\n<h3 class=\"wp-block-heading has-medium-font-size\" style=\"font-style:normal;font-weight:600\">Suelo<\/h3>\n\n\n\n<ul class=\"wp-block-list is-style-icons-vertical\">\n<li>Definici\u00f3n del pavimento zona por zona.<\/li>\n\n\n\n<li>Resistencia, confort y reducci\u00f3n de ruido, seg\u00fan la intensidad de cada \u00e1rea.<\/li>\n<\/ul>\n<\/div>\n\n\n\n<div class=\"wp-block-group has-border-color has-medium-light-grey-border-color has-white-background-color has-background is-layout-flow wp-container-core-group-is-layout-13a5d8f9 wp-block-group-is-layout-flow\" style=\"border-width:1px;padding-top:var(--wp--preset--spacing--20);padding-right:var(--wp--preset--spacing--20);padding-bottom:var(--wp--preset--spacing--20);padding-left:var(--wp--preset--spacing--20)\">\n<figure class=\"wp-block-image size-large is-resized\"><img loading=\"lazy\" decoding=\"async\" width=\"24\" height=\"24\" src=\"https:\/\/geometriktarget.com\/wp-content\/uploads\/2026\/04\/icon-equipamentos.svg\" alt=\"\" class=\"wp-image-13619\" style=\"object-fit:cover;width:32px;height:32px\"\/><\/figure>\n\n\n\n<h3 class=\"wp-block-heading has-medium-font-size\" style=\"font-style:normal;font-weight:600\">Equipamiento<\/h3>\n\n\n\n<ul class=\"wp-block-list is-style-icons-vertical\">\n<li>Selecci\u00f3n de las m\u00e1quinas adecuadas para tu proyecto.<\/li>\n\n\n\n<li>Elecci\u00f3n entre distintas marcas y gamas.<\/li>\n\n\n\n<li>Equilibrio entre rendimiento e inversi\u00f3n.<\/li>\n<\/ul>\n<\/div>\n\n\n\n<div class=\"wp-block-group has-border-color has-medium-light-grey-border-color has-white-background-color has-background is-layout-flow wp-container-core-group-is-layout-13a5d8f9 wp-block-group-is-layout-flow\" style=\"border-width:1px;padding-top:var(--wp--preset--spacing--20);padding-right:var(--wp--preset--spacing--20);padding-bottom:var(--wp--preset--spacing--20);padding-left:var(--wp--preset--spacing--20)\">\n<figure class=\"wp-block-image size-large is-resized\"><img loading=\"lazy\" decoding=\"async\" width=\"24\" height=\"24\" src=\"https:\/\/geometriktarget.com\/wp-content\/uploads\/2026\/04\/icon-execucao.svg\" alt=\"\" class=\"wp-image-13624\" style=\"object-fit:cover;width:32px;height:32px\"\/><\/figure>\n\n\n\n<h3 class=\"wp-block-heading has-medium-font-size\" style=\"font-style:normal;font-weight:600\">Entrega<\/h3>\n\n\n\n<ul class=\"wp-block-list is-style-icons-vertical\">\n<li>Suministro coordinado de todo el material.<\/li>\n\n\n\n<li>Todo se entrega listo para instalar, para que tu gimnasio est\u00e9 operativo cuanto antes.<\/li>\n<\/ul>\n<\/div>\n<\/div>\n<\/div>\n\n\n\n<div class=\"wp-block-group p-block-fluid-2-6 p-inline-30 has-white-background-color has-background has-global-padding is-layout-constrained wp-block-group-is-layout-constrained\">\n<h2 class=\"wp-block-heading has-text-align-center\">\u00bfQu\u00e9 ganas al hacer tu proyecto con nosotros?<\/h2>\n\n\n\n<hr class=\"wp-block-separator has-alpha-channel-opacity is-style-separator-geometrik\"\/>\n\n\n\n<div class=\"wp-block-group alignwide grid grid-3 gap-50 xs-grid-1 is-layout-flow wp-block-group-is-layout-flow\">\n<div class=\"wp-block-group flex flex-col flex-space-between has-global-padding is-layout-constrained wp-container-core-group-is-layout-c19476fc wp-block-group-is-layout-constrained\">\n<div class=\"wp-block-group flex flex-col flex-align-center flex-justify-center has-global-padding is-layout-constrained wp-container-core-group-is-layout-c19476fc wp-block-group-is-layout-constrained\">\n<div class=\"wp-block-group has-xx-light-grey-background-color has-background is-layout-flow wp-block-group-is-layout-flow\" style=\"border-top-left-radius:999px;border-top-right-radius:999px;border-bottom-left-radius:999px;border-bottom-right-radius:999px;padding-top:var(--wp--preset--spacing--30);padding-right:var(--wp--preset--spacing--30);padding-bottom:var(--wp--preset--spacing--30);padding-left:var(--wp--preset--spacing--30)\">\n<figure class=\"wp-block-image aligncenter size-large is-resized\" style=\"margin-top:0;margin-bottom:0\"><img loading=\"lazy\" decoding=\"async\" width=\"514\" height=\"512\" src=\"https:\/\/geometriktarget.com\/wp-content\/uploads\/2026\/04\/icon-central-management.svg\" alt=\"\" class=\"wp-image-13662\" style=\"object-fit:cover;width:80px;height:80px\"\/><\/figure>\n<\/div>\n\n\n\n<h3 class=\"wp-block-heading has-text-align-center has-medium-font-size\" style=\"font-style:normal;font-weight:600\">Menos proveedores, menos problemas<\/h3>\n<\/div>\n\n\n\n<p class=\"has-text-align-center has-grey-color has-text-color has-link-color has-small-font-size wp-elements-1266cb40b1d9a21f2e4b71c638c2ce36\">Un punto de contacto, un calendario. Sin coordinar plazos y entregas de varios lados.<\/p>\n<\/div>\n\n\n\n<div class=\"wp-block-group flex flex-col flex-space-between has-global-padding is-layout-constrained wp-container-core-group-is-layout-c19476fc wp-block-group-is-layout-constrained\">\n<div class=\"wp-block-group flex flex-col flex-align-center flex-justify-center has-global-padding is-layout-constrained wp-container-core-group-is-layout-c19476fc wp-block-group-is-layout-constrained\">\n<div class=\"wp-block-group has-xx-light-grey-background-color has-background is-layout-flow wp-block-group-is-layout-flow\" style=\"border-top-left-radius:999px;border-top-right-radius:999px;border-bottom-left-radius:999px;border-bottom-right-radius:999px;padding-top:var(--wp--preset--spacing--30);padding-right:var(--wp--preset--spacing--30);padding-bottom:var(--wp--preset--spacing--30);padding-left:var(--wp--preset--spacing--30)\">\n<figure class=\"wp-block-image aligncenter size-large is-resized\" style=\"margin-top:0;margin-bottom:0\"><img loading=\"lazy\" decoding=\"async\" width=\"512\" height=\"512\" src=\"https:\/\/geometriktarget.com\/wp-content\/uploads\/2026\/04\/icon-spaces.svg\" alt=\"\" class=\"wp-image-13667\" style=\"object-fit:cover;width:80px;height:80px\"\/><\/figure>\n<\/div>\n\n\n\n<h3 class=\"wp-block-heading has-text-align-center has-medium-font-size\" style=\"font-style:normal;font-weight:600\">El espacio pensado como un todo<\/h3>\n<\/div>\n\n\n\n<p class=\"has-text-align-center has-grey-color has-text-color has-link-color has-small-font-size wp-elements-47684a760113fc22c3df3623e4fc5ef0\">Suelo, equipamiento y disposici\u00f3n definidos en conjunto. Todo encaja desde el principio.<\/p>\n<\/div>\n\n\n\n<div class=\"wp-block-group flex flex-col flex-space-between has-global-padding is-layout-constrained wp-container-core-group-is-layout-c19476fc wp-block-group-is-layout-constrained\">\n<div class=\"wp-block-group flex flex-col flex-align-center flex-justify-center has-global-padding is-layout-constrained wp-container-core-group-is-layout-c19476fc wp-block-group-is-layout-constrained\">\n<div class=\"wp-block-group has-xx-light-grey-background-color has-background is-layout-flow wp-block-group-is-layout-flow\" style=\"border-top-left-radius:999px;border-top-right-radius:999px;border-bottom-left-radius:999px;border-bottom-right-radius:999px;padding-top:var(--wp--preset--spacing--30);padding-right:var(--wp--preset--spacing--30);padding-bottom:var(--wp--preset--spacing--30);padding-left:var(--wp--preset--spacing--30)\">\n<figure class=\"wp-block-image aligncenter size-large is-resized\" style=\"margin-top:0;margin-bottom:0\"><img loading=\"lazy\" decoding=\"async\" width=\"512\" height=\"512\" src=\"https:\/\/geometriktarget.com\/wp-content\/uploads\/2026\/04\/icon-timeline.svg\" alt=\"\" class=\"wp-image-13672\" style=\"object-fit:cover;width:80px;height:80px\"\/><\/figure>\n<\/div>\n\n\n\n<h3 class=\"wp-block-heading has-text-align-center has-medium-font-size\" style=\"font-style:normal;font-weight:600\">Plazos que no se desv\u00edan<\/h3>\n<\/div>\n\n\n\n<p class=\"has-text-align-center has-grey-color has-text-color has-link-color has-small-font-size wp-elements-3f51ffffef3afbc78cdff7d3faff3526\">Calendario definido de entrada. Sabes qu\u00e9 llega, cu\u00e1ndo llega y cu\u00e1ndo est\u00e1 listo.<\/p>\n<\/div>\n<\/div>\n<\/div>\n\n\n\n<div class=\"wp-block-group p-block-fluid-2-6 p-inline-30 has-xx-light-grey-background-color has-background has-global-padding is-layout-constrained wp-block-group-is-layout-constrained\">\n<div class=\"wp-block-group has-global-padding is-layout-constrained wp-container-core-group-is-layout-21deba94 wp-block-group-is-layout-constrained\">\n<h2 class=\"wp-block-heading has-text-align-center\">C\u00f3mo funciona<\/h2>\n\n\n\n<hr class=\"wp-block-separator has-alpha-channel-opacity is-style-separator-geometrik\"\/>\n\n\n\n<div class=\"wp-block-group has-global-padding is-layout-constrained wp-container-core-group-is-layout-346627ba wp-block-group-is-layout-constrained\">\n<div class=\"wp-block-group flex flex-align-start gap-20 has-global-padding is-layout-constrained wp-block-group-is-layout-constrained\">\n<div class=\"wp-block-group w-50-px h-50-px flex flex-align-center flex-justify-center has-white-color has-primary-background-color has-text-color has-background has-link-color wp-elements-d7345264f998e137dd9df54fd0662aa9 has-global-padding is-layout-constrained wp-block-group-is-layout-constrained\">\n<p class=\"has-large-font-size\" style=\"font-style:normal;font-weight:600\">1<\/p>\n<\/div>\n\n\n\n<div class=\"wp-block-group flex-1 has-global-padding is-layout-constrained wp-container-core-group-is-layout-c19476fc wp-block-group-is-layout-constrained\">\n<h3 class=\"wp-block-heading\">Habla con nosotros<\/h3>\n\n\n\n<p>Cu\u00e9ntanos lo que necesitas: el tipo de espacio, el entrenamiento que vas a ofrecer y tu presupuesto. Nosotros hacemos las preguntas adecuadas.<\/p>\n<\/div>\n<\/div>\n\n\n\n<div class=\"wp-block-group flex flex-align-start gap-20 has-global-padding is-layout-constrained wp-block-group-is-layout-constrained\">\n<div class=\"wp-block-group w-50-px h-50-px flex flex-align-center flex-justify-center has-white-color has-primary-background-color has-text-color has-background has-link-color wp-elements-c1da7247166e5f2b593d2f7adb602a17 has-global-padding is-layout-constrained wp-block-group-is-layout-constrained\">\n<p class=\"has-large-font-size\" style=\"font-style:normal;font-weight:600\">2<\/p>\n<\/div>\n\n\n\n<div class=\"wp-block-group flex-1 has-global-padding is-layout-constrained wp-container-core-group-is-layout-c19476fc wp-block-group-is-layout-constrained\">\n<h3 class=\"wp-block-heading\">Recibe una propuesta a medida<\/h3>\n\n\n\n<p>Te presentamos una propuesta con equipamiento, suelo y distribuci\u00f3n del espacio, alineada con tus objetivos y tu inversi\u00f3n.<\/p>\n<\/div>\n<\/div>\n\n\n\n<div class=\"wp-block-group flex flex-align-start gap-20 has-global-padding is-layout-constrained wp-block-group-is-layout-constrained\">\n<div class=\"wp-block-group w-50-px h-50-px flex flex-align-center flex-justify-center has-white-color has-primary-background-color has-text-color has-background has-link-color wp-elements-b845791ac9a2086daa042267e91e1db5 has-global-padding is-layout-constrained wp-block-group-is-layout-constrained\">\n<p class=\"has-large-font-size\" style=\"font-style:normal;font-weight:600\">3<\/p>\n<\/div>\n\n\n\n<div class=\"wp-block-group flex-1 has-global-padding is-layout-constrained wp-container-core-group-is-layout-c19476fc wp-block-group-is-layout-constrained\">\n<h3 class=\"wp-block-heading\">Te lo entregamos listo para instalar<\/h3>\n\n\n\n<p>Nos encargamos del suministro y la entrega. Todo llega listo para su instalaci\u00f3n, para que tu gimnasio funcione cuanto antes.<\/p>\n<\/div>\n<\/div>\n<\/div>\n<\/div>\n<\/div>\n\n\n\n<div class=\"wp-block-group p-block-fluid-2-6 p-inline-30 has-x-dark-grey-background-color has-background has-global-padding is-layout-constrained wp-block-group-is-layout-constrained\" style=\"min-height:286px\">\n<div class=\"wp-block-group alignwide w-100 is-layout-flow wp-container-core-group-is-layout-148b7bd4 wp-block-group-is-layout-flow\" style=\"padding-bottom:0\">\n<h3 class=\"wp-block-heading has-text-align-center has-white-color has-text-color has-link-color has-x-large-font-size wp-elements-16c576f26a79c7b4088fb15ff12eac8c\">\u00bfEquipamos tu gimnasio?<\/h3>\n\n\n\n<hr class=\"wp-block-separator has-alpha-channel-opacity is-style-separator-geometrik\"\/>\n\n\n\n<p class=\"has-text-align-center has-light-grey-color has-text-color has-link-color wp-elements-7f106df0ccb523814e7b295f014b0e66\">Cu\u00e9ntanos sobre tu espacio y el tipo de entrenamiento.<\/p>\n\n\n\n<p class=\"has-text-align-center has-light-grey-color has-text-color has-link-color wp-elements-77ed5bbdba0390e7836f3ab7b0baac35\">Nos pondremos en contacto para entender mejor tu proyecto y enviarte una propuesta.<\/p>\n\n\n<div style=\"margin-top:var(--wp--preset--spacing--40);margin-bottom:var(--wp--preset--spacing--40);\" class=\"is-visible-mobile wp-block-mindprocess-active-campaign-modal has-text-align-center\">\n\t<sl-dialog>\n\t\t<div class=\"intro-text\">Rellena los datos a continuaci\u00f3n. Un especialista de Geometrik se pondr\u00e1 en contacto contigo.<\/div><div class='_form_341'><\/div><script type='text\/javascript' src='https:\/\/geometriktarget.activehosted.com\/f\/embed.php?static=0&#038;id=341&#038;69F9DFD93D37D&#038;nostyles=0&#038;preview=0'><\/script>\t<\/sl-dialog>\n\t<div class=\"modal-button-container\">\n\t\t<button class=\"ac-form-modal-open\">Pedir propuesta<\/button>\n\t<\/div>\n<\/div>\n\n\n<ul style=\"margin-right:0;margin-left:0\" class=\"wp-block-list is-style-pills-dark\">\n<li>Presupuesto adaptado a tu espacio<\/li>\n\n\n\n<li>Instalaci\u00f3n y configuraci\u00f3n incluidas<\/li>\n\n\n\n<li>Asistencia postventa<\/li>\n<\/ul>\n<\/div>\n<\/div>\n","protected":false},"excerpt":{"rendered":"<p>Todo para equipar tu gimnasio Suelos gimnasio M\u00e1quinas de Fuerza (Peso Guiado) M\u00e1quinas de Fuerza (Peso Libre) Multiestaciones y Poleas M\u00e1quinas de Cardio Equipamiento y Accesorios de Entrenamiento \u00bfQu\u00e9 significa \u201cgimnasio completo\u201d? Un socio para todo el proyecto. Menos proveedores, menos retrasos y menos decisiones sueltas por el camino. Planificaci\u00f3n Suelo Equipamiento Entrega \u00bfQu\u00e9 ganas [&hellip;]<\/p>\n","protected":false},"author":1,"featured_media":0,"parent":0,"menu_order":1,"comment_status":"closed","ping_status":"closed","template":"","meta":{"_acf_changed":false,"footnotes":""},"class_list":["post-13707","page","type-page","status-publish","hentry"],"acf":[],"_links":{"self":[{"href":"https:\/\/geometriktarget.com\/es\/wp-json\/wp\/v2\/pages\/13707","targetHints":{"allow":["GET"]}}],"collection":[{"href":"https:\/\/geometriktarget.com\/es\/wp-json\/wp\/v2\/pages"}],"about":[{"href":"https:\/\/geometriktarget.com\/es\/wp-json\/wp\/v2\/types\/page"}],"author":[{"embeddable":true,"href":"https:\/\/geometriktarget.com\/es\/wp-json\/wp\/v2\/users\/1"}],"replies":[{"embeddable":true,"href":"https:\/\/geometriktarget.com\/es\/wp-json\/wp\/v2\/comments?post=13707"}],"version-history":[{"count":3,"href":"https:\/\/geometriktarget.com\/es\/wp-json\/wp\/v2\/pages\/13707\/revisions"}],"predecessor-version":[{"id":13859,"href":"https:\/\/geometriktarget.com\/es\/wp-json\/wp\/v2\/pages\/13707\/revisions\/13859"}],"wp:attachment":[{"href":"https:\/\/geometriktarget.com\/es\/wp-json\/wp\/v2\/media?parent=13707"}],"curies":[{"name":"wp","href":"https:\/\/api.w.org\/{rel}","templated":true}]}}