{"id":4159,"date":"2024-03-07T21:21:23","date_gmt":"2024-03-07T21:21:23","guid":{"rendered":"http:\/\/geometrik.local\/contactos\/"},"modified":"2024-09-02T09:08:55","modified_gmt":"2024-09-02T08:08:55","slug":"contactos","status":"publish","type":"page","link":"https:\/\/geometriktarget.com\/es\/contactos\/","title":{"rendered":"Contactos"},"content":{"rendered":"\n<div class=\"wp-block-group p-block-40 p-inline-30 xxs-p-30 has-white-background-color has-background has-global-padding is-layout-constrained wp-block-group-is-layout-constrained\">\n<div class=\"wp-block-group m-text-center has-global-padding is-layout-constrained wp-block-group-is-layout-constrained\" style=\"margin-bottom:var(--wp--preset--spacing--40)\">\n<h2 class=\"wp-block-heading\">Contactos<\/h2>\n\n\n\n<p>Estamos a tu disposici\u00f3n para ayudarte en lo que necesites.<br>Tambi\u00e9n puedes visitar la secci\u00f3n <a href=\"https:\/\/geometriktarget.com\/es\/preguntas-frecuentes\/\" data-type=\"page\" data-id=\"4635\">Preguntas Frecuentes<\/a>.<\/p>\n<\/div>\n\n\n\n<div class=\"wp-block-group flex gap-40 m-flex-col-reverse has-global-padding is-layout-constrained wp-block-group-is-layout-constrained\">\n<div class=\"wp-block-group flex-1 is-layout-flow wp-block-group-is-layout-flow\">\n<div class=\"wp-block-group flex gap-20 is-layout-flow wp-block-group-is-layout-flow\" style=\"margin-bottom:var(--wp--preset--spacing--40)\">\n<figure class=\"wp-block-image size-full is-resized\"><img loading=\"lazy\" decoding=\"async\" width=\"120\" height=\"120\" src=\"https:\/\/geometriktarget.com\/wp-content\/uploads\/2024\/04\/aconselhamento-tecnico.svg\" alt=\"\" class=\"wp-image-4745\" style=\"width:50px\"\/><\/figure>\n\n\n\n<div class=\"wp-block-group has-global-padding is-layout-constrained wp-block-group-is-layout-constrained\">\n<h3 class=\"wp-block-heading has-medium-font-size\">Oficina<\/h3>\n\n\n\n<p>Rua Fam\u00edlia Malaquias, Lote 2<br>3880-327 Ovar<br>Portugal<\/p>\n\n\n\n<p class=\"has-small-font-size\"><a href=\"https:\/\/maps.app.goo.gl\/6zqYwdfzgZQLjxPh9\" target=\"_blank\" rel=\"noreferrer noopener\">Ver localizaci\u00f3n<\/a><\/p>\n<\/div>\n<\/div>\n\n\n\n<div class=\"wp-block-group flex gap-20 is-layout-flow wp-block-group-is-layout-flow\" style=\"margin-bottom:var(--wp--preset--spacing--40)\">\n<figure class=\"wp-block-image size-full is-resized\"><img loading=\"lazy\" decoding=\"async\" width=\"120\" height=\"120\" src=\"https:\/\/geometriktarget.com\/wp-content\/uploads\/2024\/04\/servico-pos-venda.svg\" alt=\"\" class=\"wp-image-4735\" style=\"width:50px\"\/><\/figure>\n\n\n\n<div class=\"wp-block-group has-global-padding is-layout-constrained wp-block-group-is-layout-constrained\">\n<h3 class=\"wp-block-heading has-medium-font-size\">Tel\u00e9fono<\/h3>\n\n\n\n<p>ES <a href=\"tel:+34919032658\">(+34) 919 03 26 58<\/a><\/p>\n\n\n\n<p>Lunes &#8211; Jueves: 9:30h a 19:00h<br>Viernes: 9:30h a 13:30h<\/p>\n<\/div>\n<\/div>\n\n\n\n<div class=\"wp-block-group flex gap-20 is-layout-flow wp-block-group-is-layout-flow\">\n<figure class=\"wp-block-image size-full is-resized\"><img loading=\"lazy\" decoding=\"async\" width=\"120\" height=\"120\" src=\"https:\/\/geometriktarget.com\/wp-content\/uploads\/2024\/04\/email.svg\" alt=\"\" class=\"wp-image-4787\" style=\"width:50px\"\/><\/figure>\n\n\n\n<div class=\"wp-block-group has-global-padding is-layout-constrained wp-block-group-is-layout-constrained\">\n<h3 class=\"wp-block-heading has-medium-font-size\">E-mail<\/h3>\n\n\n\n<p><a href=\"mailto:info@geometriktarget.com\">info@geometriktarget.com<\/a><\/p>\n<\/div>\n<\/div>\n<\/div>\n\n\n\n<div class=\"wp-block-group flex-1 has-global-padding is-layout-constrained wp-block-group-is-layout-constrained\"><div class=\"\"><div class='_form_133'><\/div><script type='text\/javascript' src='https:\/\/geometriktarget.activehosted.com\/f\/embed.php?static=0&id=133&69F093F8A4DAF&nostyles=0&preview=0'><\/script><\/div><\/div>\n<\/div>\n<\/div>\n","protected":false},"excerpt":{"rendered":"<p>Contactos Estamos a tu disposici\u00f3n para ayudarte en lo que necesites.Tambi\u00e9n puedes visitar la secci\u00f3n Preguntas Frecuentes. Oficina Rua Fam\u00edlia Malaquias, Lote 23880-327 OvarPortugal Ver localizaci\u00f3n Tel\u00e9fono ES (+34) 919 03 26 58 Lunes &#8211; Jueves: 9:30h a 19:00hViernes: 9:30h a 13:30h E-mail info@geometriktarget.com<\/p>\n","protected":false},"author":1,"featured_media":0,"parent":0,"menu_order":71,"comment_status":"closed","ping_status":"closed","template":"","meta":{"_acf_changed":false,"footnotes":""},"class_list":["post-4159","page","type-page","status-publish","hentry"],"acf":[],"_links":{"self":[{"href":"https:\/\/geometriktarget.com\/es\/wp-json\/wp\/v2\/pages\/4159","targetHints":{"allow":["GET"]}}],"collection":[{"href":"https:\/\/geometriktarget.com\/es\/wp-json\/wp\/v2\/pages"}],"about":[{"href":"https:\/\/geometriktarget.com\/es\/wp-json\/wp\/v2\/types\/page"}],"author":[{"embeddable":true,"href":"https:\/\/geometriktarget.com\/es\/wp-json\/wp\/v2\/users\/1"}],"replies":[{"embeddable":true,"href":"https:\/\/geometriktarget.com\/es\/wp-json\/wp\/v2\/comments?post=4159"}],"version-history":[{"count":18,"href":"https:\/\/geometriktarget.com\/es\/wp-json\/wp\/v2\/pages\/4159\/revisions"}],"predecessor-version":[{"id":9416,"href":"https:\/\/geometriktarget.com\/es\/wp-json\/wp\/v2\/pages\/4159\/revisions\/9416"}],"wp:attachment":[{"href":"https:\/\/geometriktarget.com\/es\/wp-json\/wp\/v2\/media?parent=4159"}],"curies":[{"name":"wp","href":"https:\/\/api.w.org\/{rel}","templated":true}]}}