{"id":4653,"date":"2024-03-10T03:52:19","date_gmt":"2024-03-10T03:52:19","guid":{"rendered":"http:\/\/geometrik.local\/termos-e-condicoes\/"},"modified":"2024-04-11T17:04:38","modified_gmt":"2024-04-11T16:04:38","slug":"terminos-condiciones","status":"publish","type":"page","link":"https:\/\/geometriktarget.com\/es\/terminos-condiciones\/","title":{"rendered":"T\u00e9rminos y Condiciones de uso del sitio web"},"content":{"rendered":"\n<div class=\"wp-block-group has-global-padding is-layout-constrained wp-container-core-group-is-layout-c5292bcf wp-block-group-is-layout-constrained\" style=\"padding-top:var(--wp--preset--spacing--60);padding-right:var(--wp--preset--spacing--30);padding-bottom:var(--wp--preset--spacing--60);padding-left:var(--wp--preset--spacing--30)\">\n<div class=\"wp-block-group has-global-padding is-layout-constrained wp-block-group-is-layout-constrained\">\n<h1 class=\"wp-block-heading has-text-align-center\">T\u00e9rminos y Condiciones de uso del sitio web<\/h1>\n\n\n\n<hr class=\"wp-block-separator has-alpha-channel-opacity is-style-separator-geometrik-left\"\/>\n\n\n\n<h3 class=\"wp-block-heading\">Titularidad, contactos y apoyo al cliente<\/h3>\n\n\n\n<p>Geometriktarget Lda (en adelante, Geometrik o el vendedor), con sede en Rua dos Carvalhais, n\u00ba320, 3885-033 Arada-Ovar, Portugal, persona jur\u00eddica con n.\u00ba de registro PT 510&nbsp;385 486, es la leg\u00edtima propietaria del sitio web con el dominio https:\/\/geometriktarget.com.<\/p>\n\n\n\n<p>En caso de duda sobre los presentes t\u00e9rminos y condiciones, ponte en contacto con nosotros:<\/p>\n\n\n\n<ul class=\"wp-block-list\">\n<li>por <strong>e-mail<\/strong>: info@geometriktarget.com<\/li>\n\n\n\n<li>por <strong>correo<\/strong>: Geometriktarget, Rua Fam\u00edlia Malaquias, Lote 2, 3880-327 Ovar;<\/li>\n\n\n\n<li>por <strong>tel\u00e9fono<\/strong>: +351&nbsp;256 333&nbsp;180<\/li>\n<\/ul>\n\n\n\n<p>Debes tener en cuenta que, sin aviso previo, GEOMETRIK podr\u00e1, de forma unilateral, modificar tanto los contenidos y servicios de esta como los propios t\u00e9rminos y condiciones de uso, aplic\u00e1ndose a cada pedido las condiciones que estuvieran vigentes el d\u00eda que t\u00fa lo hagas.<\/p>\n\n\n\n<h3 class=\"wp-block-heading\">Declaraci\u00f3n de aceptaci\u00f3n<\/h3>\n\n\n\n<p>La navegaci\u00f3n por medio del sitio web y\/o aplicaciones digitales implica la aceptaci\u00f3n de las presentes Condiciones, as\u00ed como de la Pol\u00edtica de privacidad.<\/p>\n\n\n\n<h3 class=\"wp-block-heading\">Propiedad intelectual<\/h3>\n\n\n\n<p>GEOMETRIK es propietaria de este sitio web. Salvo indicaci\u00f3n expresa en sentido contrario, GEOMETRIK y\/o sus socios\/proveedores son los propietarios de todos sus contenidos (logotipos de marcas, dise\u00f1o, fotograf\u00eda y presentaciones), que est\u00e1n protegidos por las normas de propiedad intelectual e industrial. Por lo tanto, ning\u00fan contenido puede ser modificado, reproducido, publicado o distribuido sin autorizaci\u00f3n previa de GEOMETRIK.<\/p>\n\n\n\n<h3 class=\"wp-block-heading\">Objeto<\/h3>\n\n\n\n<p>Mediante estas condiciones de compra y venta, se definen las reglas generales que regulan la compra y venta entre el Usuario, en calidad de comprador, y GEOMETRIKTARGET, como vendedor, incluidos los modos de pago y las condiciones de entrega de la mercanc\u00eda.<\/p>\n\n\n\n<p>El Cliente, como Comprador, acepta las presentes Condiciones generales de venta, que son de aplicaci\u00f3n general, salvo derogaci\u00f3n expresa y por escrito de GEOMETRIKTARGET.<\/p>\n\n\n\n<h3 class=\"wp-block-heading\">Consumidor y cliente profesional<\/h3>\n\n\n\n<p>La expresi\u00f3n Consumidor indica la persona f\u00edsica que, en lo que respecta a las presentes condiciones, act\u00faa con fines que no se incluyan, predominantemente, en el \u00e1mbito de su actividad comercial, industrial, artesanal o profesional.<\/p>\n\n\n\n<p>La expresi\u00f3n cliente profesional indica el Usuario individuo o empresa que act\u00faa\/compra en el \u00e1mbito de su actividad profesional.<\/p>\n\n\n\n<p>La expresi\u00f3n Usuario se refiere a ambos Consumidor o Cliente profesional indistintamente.<\/p>\n\n\n\n<p>En el an\u00e1lisis de las presentes condiciones generales de venta, deber\u00e1s tener en cuenta que pueden existir diferencias de r\u00e9gimen dependiendo de si eres un consumidor o un cliente profesional, y comprobar siempre aquellas que te son aplicables.<\/p>\n\n\n\n<h3 class=\"wp-block-heading\">Pedido<\/h3>\n\n\n\n<p>El usuario podr\u00e1 realizar una solicitud de informaci\u00f3n o de presupuesto a trav\u00e9s de este sitio web o por correo electr\u00f3nico en el email <a href=\"mailto:info@geometriktarget.com\"><u>info@geometriktarget.com<\/u><\/a>&nbsp;.<\/p>\n\n\n\n<p>Para realizar una solicitud de informaci\u00f3n o de presupuesto, el usuario debe facilitar determinados datos personales, tales como email, nombre, tel\u00e9fono, completando as\u00ed todos los campos obligatorios del formulario.<\/p>\n\n\n\n<p>GEOMETRIKTARGET solo estar\u00e1 vinculada a un pedido si, tras el contacto del Usuario con nuestro equipo comercial y el env\u00edo del presupuesto solicitado, el usuario confirma las condiciones generales de venta y los precios de los art\u00edculos, manifiesta su aceptaci\u00f3n por escrito y procede al pago del valor total del pedido. Solamente tras el cumplimiento de todos estos requisitos el pedido ser\u00e1 validado por GEOMETRIKTARGET y se le dar\u00e1 el seguimiento debido.<\/p>\n\n\n\n<p>En caso de no confirmaci\u00f3n del pago, pedidos incompletos o incorrectos o incumplimiento de cualesquiera de las condiciones y t\u00e9rminos de venta, Geometrik se reserva el derecho de no aceptar el pedido del usuario o de cancelarlo total o parcialmente, incluso despu\u00e9s de la confirmaci\u00f3n de este, notificando al usuario por email de que el contrato de venta no se realiz\u00f3 y el vendedor no sigui\u00f3 con la venta, especificando las razones para ello.<\/p>\n\n\n\n<p>Todos los productos\/equipamientos est\u00e1n sujetos a pago anticipado. La expedici\u00f3n\/entrega solamente se efectuar\u00e1 tras el correcto cobro del importe total del pedido. GEOMETRIKTARGET puede negarse a cumplir el pedido si el usuario debe cualquier importe.<\/p>\n\n\n\n<p>Incluso tras la confirmaci\u00f3n del pedido, GEOMETRIKTARGET se reserva el derecho a cancelarlo en las siguientes condiciones, exenta de responsabilidad por cualesquiera da\u00f1os o costes:<\/p>\n\n\n\n<ul class=\"wp-block-list\">\n<li>El producto ya no se encuentra disponible en stock;<\/li>\n\n\n\n<li>La informaci\u00f3n que consta en la factura no es correcta o verificable;<\/li>\n\n\n\n<li>Nuestros Sistemas de Seguridad se\u00f1alan el pedido como incorrecto o susceptible de fraude;<\/li>\n\n\n\n<li>Si el pago del pedido no se recibiera en un periodo de 30 d\u00edas tras la aceptaci\u00f3n de su pedido;<\/li>\n\n\n\n<li>Cuando no fuera posible entregar el pedido en la direcci\u00f3n proporcionada por el Usuario;<\/li>\n\n\n\n<li>Si considera que el usuario no ten\u00eda capacidad para realizar dicho acto;<\/li>\n<\/ul>\n\n\n\n<h3 class=\"wp-block-heading\">Responsabilidad<\/h3>\n\n\n\n<p>Todos los Productos presentados en el sitio web est\u00e1n en conformidad con la legislaci\u00f3n portuguesa.<\/p>\n\n\n\n<p>Geometrik no es responsable de prejuicios derivados de interferencias, interrupciones, virus inform\u00e1ticos, aver\u00edas o desconexiones del sistema operativo que puedan impedir temporalmente el acceso, la navegaci\u00f3n o la prestaci\u00f3n de servicios al Usuario.<\/p>\n\n\n\n<p>Geometrik rechaza cualquier responsabilidad por posibles atrasos o imposibilidad del procesamiento del pedido, en particular, en el acto de entrega, derivada de errores o insuficiencias de los datos comunicados por el Usuario. De igual modo, Geometrik no podr\u00e1 responsabilizarse en caso de que el incumplimiento de sus obligaciones sea imputable a un hecho imprevisible o insalvable de un tercero, o un caso de fuerza mayor.<\/p>\n\n\n\n<p>Geometrik no se responsabilizar\u00e1 de los da\u00f1os sufridos a consecuencia de un uso indebido de nuestros productos.<\/p>\n\n\n\n<h3 class=\"wp-block-heading\">Validez de la promoci\u00f3n<\/h3>\n\n\n\n<p>Cualesquiera ofertas que se puedan anunciar en este sitio web ser\u00e1n v\u00e1lidas \u00fanicamente para el momento en que se exhiben, a menos que se comunique informaci\u00f3n en sentido contrario.&nbsp;Geometrik&nbsp;no est\u00e1 vinculada a ninguna oferta, en caso de que se registren errores o equ\u00edvocos de ortograf\u00eda, precios u otros en la informaci\u00f3n existente en el sitio web. El vendedor se reserva el derecho a cancela cualquier compra y venta celebrada en virtud de tales errores.<\/p>\n\n\n\n<h3 class=\"wp-block-heading\">Marcas y propiedad intelectual<\/h3>\n\n\n\n<p>Al realizar cualquier transacci\u00f3n con GEOMETRIKTARGET, el Usuario acepta las presentes condiciones generales, reconoce expresamente que las marcas y los modelos de los productos suministrados por GEOMETRIKTARGET son propiedad exclusiva de esta y no cuestionar\u00e1 nunca dicha titularidad, ni los usar\u00e1, copiar\u00e1 o divulgar\u00e1 por cualquier forma o medio, salvo que est\u00e9 expresamente autorizado por escrito por GEOMETRIKTARGET.<\/p>\n\n\n\n<h3 class=\"wp-block-heading\">Acuerdo total<\/h3>\n\n\n\n<p>Las presentes condiciones de venta constituyen el acuerdo total entre el Usuario y Geometrik.<\/p>\n\n\n\n<hr class=\"wp-block-separator has-alpha-channel-opacity is-style-separator-geometrik\"\/>\n\n\n\n<h3 class=\"wp-block-heading\" id=\"ral\">Resoluci\u00f3n de litigios online y libro de reclamaciones online<\/h3>\n\n\n\n<p>Est\u00e1 disponible el libro de reclamaciones en l\u00ednea, al que podr\u00e1s acceder a trav\u00e9s del siguiente sitio web: <a href=\"https:\/\/www.livroreclamacoes.pt\/inicio\" target=\"_blank\" rel=\"noreferrer noopener\">https:\/\/www.livroreclamacoes.pt\/inicio<\/a><\/p>\n\n\n\n<p>La Uni\u00f3n Europea ha creado un sitio web para ayudar a los consumidores a presentar sus reclamaciones sobre cualquier litigio en el que se vean involucrados. En este \u00e1mbito, ponemos a tu disposici\u00f3n toda la informaci\u00f3n para que puedas ejercer tu derecho de reclamaci\u00f3n ante una entidad oficial, independiente e imparcial en el proceso (\u00abentidad de resoluci\u00f3n de litigios\u00bb) que te ayudar\u00e1 a resolver el litigio en cuesti\u00f3n.<\/p>\n\n\n\n<p>De esta forma, si est\u00e1s insatisfecho con la adquisici\u00f3n de un producto o servicio, o con la soluci\u00f3n presentada por nosotros para resolver la situaci\u00f3n, puedes acceder a este sitio web oficial <a href=\"https:\/\/webgate.ec.europa.eu\/odr\/main\/?event=main.home.show\" target=\"_blank\" rel=\"noreferrer noopener\"><u>https:\/\/webgate.ec.europa.eu\/odr\/main\/?event=main.home.show<\/u><\/a>&nbsp;y exponer tu argumento.<\/p>\n\n\n\n<h3 class=\"wp-block-heading\">\u00bfQu\u00e9 es la resoluci\u00f3n alternativa de litigios?<\/h3>\n\n\n\n<p>La resoluci\u00f3n alternativa de litigios es la posibilidad que todos los consumidores tienen a su disposici\u00f3n de recurrir a entidades oficiales que los ayuden en la resoluci\u00f3n u orientaci\u00f3n de alg\u00fan conflicto antes de abrir procedimientos legales en los tribunales.<\/p>\n\n\n\n<p>Por regla general, el procedimiento es el siguiente: el Usuario pide a un tercero imparcial que intervenga como intermediario entre este y el comerciante que es objeto de la reclamaci\u00f3n. El intermediario puede sugerir una soluci\u00f3n para su reclamaci\u00f3n, imponer una soluci\u00f3n a ambas partes o reunir a las partes para encontrar una soluci\u00f3n.<\/p>\n\n\n\n<p>Tal vez conozcas el concepto de resoluci\u00f3n alternativa de litigios por otro nombre: \u00abmediaci\u00f3n\u00bb, \u00abconciliaci\u00f3n\u00bb, \u00abarbitraje\u00bb o \u00abcomisi\u00f3n competente en el \u00e1mbito de los litigios de consumo\u00bb.<\/p>\n\n\n\n<p>La resoluci\u00f3n alternativa de litigios es, generalmente, menos costosa, menos formal y m\u00e1s r\u00e1pida que la v\u00eda judicial.<\/p>\n\n\n\n<p>En caso de litigio de consumo, el consumidor puede recurrir a las siguientes entidades de resoluci\u00f3n alternativa de litigios de consumo:<\/p>\n\n\n\n<ul class=\"wp-block-list\">\n<li>CNIACC \u2013 Centro Nacional de Informaci\u00f3n y Arbitraje de Conflictos de Consumo \u2013 <a href=\"https:\/\/www.cniacc.pt\" target=\"_blank\" rel=\"noreferrer noopener\">https:\/\/www.cniacc.pt<\/a><\/li>\n\n\n\n<li>Centro de Informaci\u00f3n de Consumo y Arbitraje de Oporto (CICAP) \u2013 <a href=\"http:\/\/www.cicap.pt\/\" target=\"_blank\" rel=\"noreferrer noopener\">http:\/\/www.cicap.pt\/<\/a><\/li>\n\n\n\n<li>Centro de Arbitraje de Conflictos de Consumo de Lisboa (CACCL) \u2013 <a href=\"http:\/\/www.centroarbitragemlisboa.pt\/\" target=\"_blank\" rel=\"noreferrer noopener\">http:\/\/www.centroarbitragemlisboa.pt\/<\/a><\/li>\n\n\n\n<li>Centro de Arbitraje de Conflictos de Consumo del Distrito de Co\u00edmbra (CACCDC) \u2013 <a href=\"http:\/\/www.centrodearbitragemdecoimbra.com\/\" target=\"_blank\" rel=\"noreferrer noopener\">http:\/\/www.centrodearbitragemdecoimbra.com\/<\/a><\/li>\n\n\n\n<li>TRIAVE \u2013 Centro de Arbitraje de Conflictos de Consumo del Valle del Ave \u2013 <a href=\"http:\/\/www.triave.pt\/\" target=\"_blank\" rel=\"noreferrer noopener\">http:\/\/www.triave.pt\/<\/a><\/li>\n\n\n\n<li>Centro de Informaci\u00f3n, Mediaci\u00f3n y Arbitraje de Conflictos de Consumo del Algarve (CIMAAL) \u2013 <a href=\"http:\/\/www.consumidoronline.pt\/\" target=\"_blank\" rel=\"noreferrer noopener\">http:\/\/www.consumidoronline.pt\/<\/a><\/li>\n\n\n\n<li>Centro de Arbitraje de Conflictos de Consumo de la Regi\u00f3n de Madeira (CACC-RAM) \u2013 <a href=\"http:\/\/www.srrh.gov-madeira.pt\/cacc\" target=\"_blank\" rel=\"noreferrer noopener\">http:\/\/www.srrh.gov-madeira.pt\/cacc<\/a><\/li>\n\n\n\n<li>CIAB \u2013 Tribunal Arbitral de Consumo \u2013 <a href=\"https:\/\/www.ciab.pt\/\" target=\"_blank\" rel=\"noreferrer noopener\">https:\/\/www.ciab.pt\/<\/a><\/li>\n<\/ul>\n<\/div>\n<\/div>\n","protected":false},"excerpt":{"rendered":"<p>T\u00e9rminos y Condiciones de uso del sitio web Titularidad, contactos y apoyo al cliente Geometriktarget Lda (en adelante, Geometrik o el vendedor), con sede en Rua dos Carvalhais, n\u00ba320, 3885-033 Arada-Ovar, Portugal, persona jur\u00eddica con n.\u00ba de registro PT 510&nbsp;385 486, es la leg\u00edtima propietaria del sitio web con el dominio https:\/\/geometriktarget.com. En caso de [&hellip;]<\/p>\n","protected":false},"author":1,"featured_media":0,"parent":0,"menu_order":48,"comment_status":"closed","ping_status":"closed","template":"","meta":{"_acf_changed":false,"footnotes":""},"class_list":["post-4653","page","type-page","status-publish","hentry"],"acf":[],"_links":{"self":[{"href":"https:\/\/geometriktarget.com\/es\/wp-json\/wp\/v2\/pages\/4653","targetHints":{"allow":["GET"]}}],"collection":[{"href":"https:\/\/geometriktarget.com\/es\/wp-json\/wp\/v2\/pages"}],"about":[{"href":"https:\/\/geometriktarget.com\/es\/wp-json\/wp\/v2\/types\/page"}],"author":[{"embeddable":true,"href":"https:\/\/geometriktarget.com\/es\/wp-json\/wp\/v2\/users\/1"}],"replies":[{"embeddable":true,"href":"https:\/\/geometriktarget.com\/es\/wp-json\/wp\/v2\/comments?post=4653"}],"version-history":[{"count":2,"href":"https:\/\/geometriktarget.com\/es\/wp-json\/wp\/v2\/pages\/4653\/revisions"}],"predecessor-version":[{"id":4701,"href":"https:\/\/geometriktarget.com\/es\/wp-json\/wp\/v2\/pages\/4653\/revisions\/4701"}],"wp:attachment":[{"href":"https:\/\/geometriktarget.com\/es\/wp-json\/wp\/v2\/media?parent=4653"}],"curies":[{"name":"wp","href":"https:\/\/api.w.org\/{rel}","templated":true}]}}