{"id":4667,"date":"2024-03-10T03:52:31","date_gmt":"2024-03-10T03:52:31","guid":{"rendered":"http:\/\/geometrik.local\/politica-de-qualidade\/"},"modified":"2026-04-30T14:14:44","modified_gmt":"2026-04-30T13:14:44","slug":"politica-calidad","status":"publish","type":"page","link":"https:\/\/geometriktarget.com\/es\/politica-calidad\/","title":{"rendered":"Pol\u00edtica de Calidad"},"content":{"rendered":"\n<div class=\"wp-block-group has-global-padding is-layout-constrained wp-container-core-group-is-layout-c5292bcf wp-block-group-is-layout-constrained\" style=\"padding-top:var(--wp--preset--spacing--60);padding-right:var(--wp--preset--spacing--30);padding-bottom:var(--wp--preset--spacing--60);padding-left:var(--wp--preset--spacing--30)\">\n<div class=\"wp-block-group has-global-padding is-layout-constrained wp-block-group-is-layout-constrained\">\n<h1 class=\"wp-block-heading has-text-align-center\">Pol\u00edtica de Calidad<\/h1>\n\n\n\n<hr class=\"wp-block-separator has-alpha-channel-opacity is-style-separator-geometrik-left\"\/>\n\n\n\n<p>Con vistas a la satisfacci\u00f3n de las necesidades de los Clientes, Geometrik est\u00e1 en el mercado con el objetivo de ofrecer soluciones de revestimientos a medida de cada espacio deportivo, comercial y residencial, as\u00ed como equipamientos deportivos y art\u00edculos de decoraci\u00f3n de ambiente.<br>Para ello, Geometrik asume los siguientes compromisos:<\/p>\n\n\n\n<ul class=\"wp-block-list is-style-icons-vertical\">\n<li>Garantizar un Sistema de Gesti\u00f3n de la Calidad y el Medio Ambiente de acuerdo con las normas NP EN ISO 9001 y NP EN ISO 14001, optimizando los m\u00e9todos de trabajo, asegurando la mejora continua y el desempe\u00f1o ambiental de los procesos implementados;<\/li>\n\n\n\n<li>Suministrar productos de revestimientos a medida de cada espacio deportivo, comercial y residencial, as\u00ed como equipamientos deportivos y art\u00edculos de decoraci\u00f3n de espacios, dentro del plazo establecido, garantizando estabilidad, seguridad, confort y durabilidad para los usuarios;<\/li>\n\n\n\n<li>Investigar y desarrollar nuevas soluciones, asegurando el \u00e9xito y la sostenibilidad de la organizaci\u00f3n, buscando aumentar los niveles de satisfacci\u00f3n de los Clientes;<\/li>\n\n\n\n<li>Promover el desarrollo continuo de los colaboradores proporcion\u00e1ndoles los medios para desempe\u00f1ar sus funciones de acuerdo con el est\u00e1ndar de rendimiento definido, garantizando un equipo satisfecho y cohesionado;<\/li>\n\n\n\n<li>Proteger el medio ambiente mediante la reducci\u00f3n de la huella de carbono, el uso sostenible de los recursos, la prevenci\u00f3n de la contaminaci\u00f3n y la mitigaci\u00f3n de los impactos ambientales, contribuyendo a la adaptaci\u00f3n al cambio clim\u00e1tico;<\/li>\n\n\n\n<li>Garantizar el cumplimiento de los requisitos legales y dem\u00e1s requisitos aplicables.<\/li>\n<\/ul>\n\n\n\n<p>Nos comprometemos a crear las condiciones favorables dentro de la organizaci\u00f3n para que esta Pol\u00edtica sea comprendida, implementada y mantenida por todos los colaboradores.<\/p>\n\n\n\n<p><br>Ovar, 5 de septiembre de 2025<\/p>\n<\/div>\n<\/div>\n","protected":false},"excerpt":{"rendered":"<p>Pol\u00edtica de Calidad Con vistas a la satisfacci\u00f3n de las necesidades de los Clientes, Geometrik est\u00e1 en el mercado con el objetivo de ofrecer soluciones de revestimientos a medida de cada espacio deportivo, comercial y residencial, as\u00ed como equipamientos deportivos y art\u00edculos de decoraci\u00f3n de ambiente.Para ello, Geometrik asume los siguientes compromisos: Nos comprometemos a [&hellip;]<\/p>\n","protected":false},"author":1,"featured_media":0,"parent":0,"menu_order":51,"comment_status":"closed","ping_status":"closed","template":"","meta":{"_acf_changed":false,"footnotes":""},"class_list":["post-4667","page","type-page","status-publish","hentry"],"acf":[],"_links":{"self":[{"href":"https:\/\/geometriktarget.com\/es\/wp-json\/wp\/v2\/pages\/4667","targetHints":{"allow":["GET"]}}],"collection":[{"href":"https:\/\/geometriktarget.com\/es\/wp-json\/wp\/v2\/pages"}],"about":[{"href":"https:\/\/geometriktarget.com\/es\/wp-json\/wp\/v2\/types\/page"}],"author":[{"embeddable":true,"href":"https:\/\/geometriktarget.com\/es\/wp-json\/wp\/v2\/users\/1"}],"replies":[{"embeddable":true,"href":"https:\/\/geometriktarget.com\/es\/wp-json\/wp\/v2\/comments?post=4667"}],"version-history":[{"count":2,"href":"https:\/\/geometriktarget.com\/es\/wp-json\/wp\/v2\/pages\/4667\/revisions"}],"predecessor-version":[{"id":13784,"href":"https:\/\/geometriktarget.com\/es\/wp-json\/wp\/v2\/pages\/4667\/revisions\/13784"}],"wp:attachment":[{"href":"https:\/\/geometriktarget.com\/es\/wp-json\/wp\/v2\/media?parent=4667"}],"curies":[{"name":"wp","href":"https:\/\/api.w.org\/{rel}","templated":true}]}}