{"id":13459,"date":"2026-04-20T21:51:41","date_gmt":"2026-04-20T20:51:41","guid":{"rendered":"https:\/\/geometriktarget.com\/equipamentos\/"},"modified":"2026-05-05T11:36:35","modified_gmt":"2026-05-05T10:36:35","slug":"equipements-pour-salles-de-sport","status":"publish","type":"page","link":"https:\/\/geometriktarget.com\/fr\/equipements-pour-salles-de-sport\/","title":{"rendered":"\u00c9quipements pour salles de sport"},"content":{"rendered":"\n<div class=\"wp-block-group alignwide p-block-60 p-inline-30 xs-p-t-30 xs-p-b-0 xs-p-inline-0 has-global-padding is-layout-constrained wp-block-group-is-layout-constrained\">\n<div class=\"wp-block-group alignwide is-layout-flow wp-block-group-is-layout-flow\">\n<div class=\"wp-block-group xs-p-inline-30 has-global-padding is-layout-constrained wp-block-group-is-layout-constrained\" style=\"margin-bottom:var(--wp--preset--spacing--40)\">\n<h1 class=\"wp-block-heading has-text-align-center\">\u00c9quipements pour salles de sport<\/h1>\n\n\n\n<hr class=\"wp-block-separator has-alpha-channel-opacity is-style-separator-geometrik\"\/>\n\n\n\n<p class=\"has-text-align-center has-medium-font-size\" style=\"margin-bottom:var(--wp--preset--spacing--40)\">Chaque salle de sport demande la bonne combinaison d\u2019\u00e9quipements. L\u2019espace, le type d\u2019entra\u00eenement et le profil des utilisateurs ne peuvent pas \u00eatre trait\u00e9s de mani\u00e8re standard. C\u2019est pourquoi nous analysons ton projet avant de recommander quoi que ce soit. Nous travaillons avec des marques que nous connaissons bien, pour que ton espace d\u2019entra\u00eenement fonctionne d\u00e8s le premier jour. Tous les \u00e9quipements sont livr\u00e9s pr\u00eats \u00e0 installer.<\/p>\n\n\n\n\n\n<ul class=\"wp-block-list is-style-pills block-visibility-hide-small-screen block-visibility-hide-extra-small-screen\">\n<li>Analyse de l\u2019espace<\/li>\n\n\n\n<li>Proposition personnalis\u00e9e<\/li>\n\n\n\n<li>Installation termin\u00e9e<\/li>\n\n\n\n<li>Suivi apr\u00e8s-vente<\/li>\n<\/ul>\n<\/div>\n\n\n\n<div class=\"wp-block-query alignwide display-grid is-layout-flow wp-block-query-is-layout-flow\"><ul class=\"grid grid-2 gap-40 l-grid-1 xs-gap-0 wp-block-post-template is-layout-flow wp-block-post-template-is-layout-flow\"><li class=\"wp-block-post post-13466 equipamento type-equipamento status-publish has-post-thumbnail hentry tipo-equipamento-chest-press tipo-equipamento-leg-curl tipo-equipamento-leg-press tipo-equipamento-pull-down tipo-equipamento-shoulder-press\">\n\n<div class=\"wp-block-group flex product-loop-item has-white-background-color has-background is-layout-flow wp-block-group-is-layout-flow\" style=\"padding-top:0;padding-right:0;padding-bottom:0;padding-left:0\"><figure style=\"aspect-ratio:auto;\" class=\"flex-1 max-w-50 m-max-w-100 product-loop-image wp-block-post-featured-image\"><a href=\"https:\/\/geometriktarget.com\/fr\/equipements-pour-salles-de-sport\/machines-de-musculation-poids-guide\/\" target=\"_self\"  ><img loading=\"lazy\" decoding=\"async\" width=\"1024\" height=\"1024\" src=\"https:\/\/geometriktarget.com\/wp-content\/uploads\/2026\/04\/equipamento-peso-guiado.jpg\" class=\"attachment-post-thumbnail size-post-thumbnail wp-post-image\" alt=\"Machines de Musculation (Poids Guid\u00e9)\" style=\"width:100%;height:100%;object-fit:cover;\" srcset=\"https:\/\/geometriktarget.com\/wp-content\/uploads\/2026\/04\/equipamento-peso-guiado.jpg 1024w, https:\/\/geometriktarget.com\/wp-content\/uploads\/2026\/04\/equipamento-peso-guiado-300x300.jpg 300w, https:\/\/geometriktarget.com\/wp-content\/uploads\/2026\/04\/equipamento-peso-guiado-150x150.jpg 150w, https:\/\/geometriktarget.com\/wp-content\/uploads\/2026\/04\/equipamento-peso-guiado-768x768.jpg 768w, https:\/\/geometriktarget.com\/wp-content\/uploads\/2026\/04\/equipamento-peso-guiado-100x100.jpg 100w, https:\/\/geometriktarget.com\/wp-content\/uploads\/2026\/04\/equipamento-peso-guiado-400x400.jpg 400w, https:\/\/geometriktarget.com\/wp-content\/uploads\/2026\/04\/equipamento-peso-guiado-620x620.jpg 620w, https:\/\/geometriktarget.com\/wp-content\/uploads\/2026\/04\/equipamento-peso-guiado-800x800.jpg 800w\" sizes=\"auto, (max-width: 1024px) 100vw, 1024px\" \/><\/a><\/figure>\n\n\n<div class=\"wp-block-group flex-1 max-w-50 flex flex-col flex-space-between flex-align-start m-max-w-100 is-layout-flow wp-block-group-is-layout-flow\" style=\"padding-top:var(--wp--preset--spacing--20);padding-right:var(--wp--preset--spacing--20);padding-bottom:var(--wp--preset--spacing--20);padding-left:var(--wp--preset--spacing--20)\">\n<div class=\"wp-block-group is-layout-flow wp-container-core-group-is-layout-9b635ac4 wp-block-group-is-layout-flow\"><h2 style=\"font-size:clamp(0.929rem, 0.929rem + ((1vw - 0.2rem) * 0.785), 1.4rem);\" class=\"has-link-color wp-elements-bf0a5e91eae6f7c06bc9300491aea595 wp-block-post-title has-text-color has-black-color\">Machines de Musculation (Poids Guid\u00e9)<\/h2>\n\n\n<div class=\"wp-block-group is-layout-flow wp-container-core-group-is-layout-81d5c4b5 wp-block-group-is-layout-flow\">\n<h3 class=\"wp-block-heading has-primary-color has-text-color has-link-color wp-elements-f3374de5f0cacfea15302ea369d6bb9e\" style=\"font-size:clamp(0.875rem, 0.875rem + ((1vw - 0.2rem) * 0.375), 1.1rem);font-style:normal;font-weight:600;line-height:1.2\">Mouvement guid\u00e9 et s\u00e9curis\u00e9<\/h3>\n\n\n\n<p class=\"short-intro\" style=\"margin-top:var(--wp--preset--spacing--10);margin-bottom:var(--wp--preset--spacing--10);font-size:0.81rem\">\u00c9quipements con\u00e7us pour une ex\u00e9cution pr\u00e9cise et r\u00e9guli\u00e8re. Entra\u00eene-toi avec contr\u00f4le, efficacit\u00e9 et progression, quel que soit ton niveau.<\/p>\n\n\n<div class=\"icons taxonomy-terms flex flex-col gap-10 wp-elements-6bde7bce6bc0317ad5947e97f294866b wp-block-mindprocess-display-taxonomy has-text-color has-dark-grey-color\">\n<div class=\"term small\">Chest Press<\/div><div class=\"term small\">Leg Curl<\/div><div class=\"term small\">Leg Press<\/div><div class=\"term small\">Pull Down<\/div><\/div><\/div>\n<\/div>\n\n\n\n<div class=\"wp-block-group is-layout-flow wp-container-core-group-is-layout-81d5c4b5 wp-block-group-is-layout-flow\"><a href=\"https:\/\/geometriktarget.com\/fr\/equipements-pour-salles-de-sport\/machines-de-musculation-poids-guide\/\" class=\"wp-elements-91087d24bfe2d9352b79a42f67a56fd7 wp-block-mindprocess-read-more has-text-color has-white-color\">\n\tVoir les machines<\/a><\/div>\n<\/div>\n<\/div>\n\n<\/li><li class=\"wp-block-post post-13467 equipamento type-equipamento status-publish has-post-thumbnail hentry tipo-equipamento-chest-press-iso-lateral tipo-equipamento-hack-slide tipo-equipamento-leg-press-45o tipo-equipamento-smith-machine\">\n\n<div class=\"wp-block-group flex product-loop-item has-white-background-color has-background is-layout-flow wp-block-group-is-layout-flow\" style=\"padding-top:0;padding-right:0;padding-bottom:0;padding-left:0\"><figure style=\"aspect-ratio:auto;\" class=\"flex-1 max-w-50 m-max-w-100 product-loop-image wp-block-post-featured-image\"><a href=\"https:\/\/geometriktarget.com\/fr\/equipements-pour-salles-de-sport\/machines-de-musculation-poids-libre\/\" target=\"_self\"  ><img loading=\"lazy\" decoding=\"async\" width=\"1024\" height=\"1024\" src=\"https:\/\/geometriktarget.com\/wp-content\/uploads\/2026\/04\/equipamento-peso-livre.jpg\" class=\"attachment-post-thumbnail size-post-thumbnail wp-post-image\" alt=\"Machines de Musculation (Poids Libre)\" style=\"width:100%;height:100%;object-fit:cover;\" srcset=\"https:\/\/geometriktarget.com\/wp-content\/uploads\/2026\/04\/equipamento-peso-livre.jpg 1024w, https:\/\/geometriktarget.com\/wp-content\/uploads\/2026\/04\/equipamento-peso-livre-300x300.jpg 300w, https:\/\/geometriktarget.com\/wp-content\/uploads\/2026\/04\/equipamento-peso-livre-150x150.jpg 150w, https:\/\/geometriktarget.com\/wp-content\/uploads\/2026\/04\/equipamento-peso-livre-768x768.jpg 768w, https:\/\/geometriktarget.com\/wp-content\/uploads\/2026\/04\/equipamento-peso-livre-100x100.jpg 100w, https:\/\/geometriktarget.com\/wp-content\/uploads\/2026\/04\/equipamento-peso-livre-400x400.jpg 400w, https:\/\/geometriktarget.com\/wp-content\/uploads\/2026\/04\/equipamento-peso-livre-620x620.jpg 620w, https:\/\/geometriktarget.com\/wp-content\/uploads\/2026\/04\/equipamento-peso-livre-800x800.jpg 800w\" sizes=\"auto, (max-width: 1024px) 100vw, 1024px\" \/><\/a><\/figure>\n\n\n<div class=\"wp-block-group flex-1 max-w-50 flex flex-col flex-space-between flex-align-start m-max-w-100 is-layout-flow wp-block-group-is-layout-flow\" style=\"padding-top:var(--wp--preset--spacing--20);padding-right:var(--wp--preset--spacing--20);padding-bottom:var(--wp--preset--spacing--20);padding-left:var(--wp--preset--spacing--20)\">\n<div class=\"wp-block-group is-layout-flow wp-container-core-group-is-layout-9b635ac4 wp-block-group-is-layout-flow\"><h2 style=\"font-size:clamp(0.929rem, 0.929rem + ((1vw - 0.2rem) * 0.785), 1.4rem);\" class=\"has-link-color wp-elements-bf0a5e91eae6f7c06bc9300491aea595 wp-block-post-title has-text-color has-black-color\">Machines de Musculation (Poids Libre)<\/h2>\n\n\n<div class=\"wp-block-group is-layout-flow wp-container-core-group-is-layout-81d5c4b5 wp-block-group-is-layout-flow\">\n<h3 class=\"wp-block-heading has-primary-color has-text-color has-link-color wp-elements-f3374de5f0cacfea15302ea369d6bb9e\" style=\"font-size:clamp(0.875rem, 0.875rem + ((1vw - 0.2rem) * 0.375), 1.1rem);font-style:normal;font-weight:600;line-height:1.2\">Mouvement libre avec intensit\u00e9 maximale<\/h3>\n\n\n\n<p class=\"short-intro\" style=\"margin-top:var(--wp--preset--spacing--10);margin-bottom:var(--wp--preset--spacing--10);font-size:0.81rem\">Plus d\u2019amplitude et d\u2019activation musculaire. Con\u00e7ues pour des entra\u00eenements exigeants, ax\u00e9es sur la performance et la progression.<\/p>\n\n\n<div class=\"icons taxonomy-terms flex flex-col gap-10 wp-elements-6bde7bce6bc0317ad5947e97f294866b wp-block-mindprocess-display-taxonomy has-text-color has-dark-grey-color\">\n<div class=\"term small\">Chest Press Iso-Lat\u00e9ral<\/div><div class=\"term small\">Hack Slide<\/div><div class=\"term small\">Leg Press 45\u00ba<\/div><div class=\"term small\">Smith Machine<\/div><\/div><\/div>\n<\/div>\n\n\n\n<div class=\"wp-block-group is-layout-flow wp-container-core-group-is-layout-81d5c4b5 wp-block-group-is-layout-flow\"><a href=\"https:\/\/geometriktarget.com\/fr\/equipements-pour-salles-de-sport\/machines-de-musculation-poids-libre\/\" class=\"wp-elements-91087d24bfe2d9352b79a42f67a56fd7 wp-block-mindprocess-read-more has-text-color has-white-color\">\n\tVoir les machines<\/a><\/div>\n<\/div>\n<\/div>\n\n<\/li><li class=\"wp-block-post post-13468 equipamento type-equipamento status-publish has-post-thumbnail hentry tipo-equipamento-multistation-4-postes tipo-equipamento-multistation-5-postes tipo-equipamento-poulie-double-reglable\">\n\n<div class=\"wp-block-group flex product-loop-item has-white-background-color has-background is-layout-flow wp-block-group-is-layout-flow\" style=\"padding-top:0;padding-right:0;padding-bottom:0;padding-left:0\"><figure style=\"aspect-ratio:auto;\" class=\"flex-1 max-w-50 m-max-w-100 product-loop-image wp-block-post-featured-image\"><a href=\"https:\/\/geometriktarget.com\/fr\/equipements-pour-salles-de-sport\/multistations-et-poulies\/\" target=\"_self\"  ><img loading=\"lazy\" decoding=\"async\" width=\"1024\" height=\"1024\" src=\"https:\/\/geometriktarget.com\/wp-content\/uploads\/2026\/04\/equipamento-multiestacoes-polias.jpg\" class=\"attachment-post-thumbnail size-post-thumbnail wp-post-image\" alt=\"Multistations et Poulies\" style=\"width:100%;height:100%;object-fit:cover;\" srcset=\"https:\/\/geometriktarget.com\/wp-content\/uploads\/2026\/04\/equipamento-multiestacoes-polias.jpg 1024w, https:\/\/geometriktarget.com\/wp-content\/uploads\/2026\/04\/equipamento-multiestacoes-polias-300x300.jpg 300w, https:\/\/geometriktarget.com\/wp-content\/uploads\/2026\/04\/equipamento-multiestacoes-polias-150x150.jpg 150w, https:\/\/geometriktarget.com\/wp-content\/uploads\/2026\/04\/equipamento-multiestacoes-polias-768x768.jpg 768w, https:\/\/geometriktarget.com\/wp-content\/uploads\/2026\/04\/equipamento-multiestacoes-polias-100x100.jpg 100w, https:\/\/geometriktarget.com\/wp-content\/uploads\/2026\/04\/equipamento-multiestacoes-polias-400x400.jpg 400w, https:\/\/geometriktarget.com\/wp-content\/uploads\/2026\/04\/equipamento-multiestacoes-polias-620x620.jpg 620w, https:\/\/geometriktarget.com\/wp-content\/uploads\/2026\/04\/equipamento-multiestacoes-polias-800x800.jpg 800w\" sizes=\"auto, (max-width: 1024px) 100vw, 1024px\" \/><\/a><\/figure>\n\n\n<div class=\"wp-block-group flex-1 max-w-50 flex flex-col flex-space-between flex-align-start m-max-w-100 is-layout-flow wp-block-group-is-layout-flow\" style=\"padding-top:var(--wp--preset--spacing--20);padding-right:var(--wp--preset--spacing--20);padding-bottom:var(--wp--preset--spacing--20);padding-left:var(--wp--preset--spacing--20)\">\n<div class=\"wp-block-group is-layout-flow wp-container-core-group-is-layout-9b635ac4 wp-block-group-is-layout-flow\"><h2 style=\"font-size:clamp(0.929rem, 0.929rem + ((1vw - 0.2rem) * 0.785), 1.4rem);\" class=\"has-link-color wp-elements-bf0a5e91eae6f7c06bc9300491aea595 wp-block-post-title has-text-color has-black-color\">Multistations et Poulies<\/h2>\n\n\n<div class=\"wp-block-group is-layout-flow wp-container-core-group-is-layout-81d5c4b5 wp-block-group-is-layout-flow\">\n<h3 class=\"wp-block-heading has-primary-color has-text-color has-link-color wp-elements-f3374de5f0cacfea15302ea369d6bb9e\" style=\"font-size:clamp(0.875rem, 0.875rem + ((1vw - 0.2rem) * 0.375), 1.1rem);font-style:normal;font-weight:600;line-height:1.2\">Polyvalence maximale dans le m\u00eame espace<\/h3>\n\n\n\n<p class=\"short-intro\" style=\"margin-top:var(--wp--preset--spacing--10);margin-bottom:var(--wp--preset--spacing--10);font-size:0.81rem\">Une station, des dizaines de possibilit\u00e9s. Parfaites pour les espaces qui ont besoin de flexibilit\u00e9 et d\u2019organisation.<\/p>\n\n\n<div class=\"icons taxonomy-terms flex flex-col gap-10 wp-elements-6bde7bce6bc0317ad5947e97f294866b wp-block-mindprocess-display-taxonomy has-text-color has-dark-grey-color\">\n<div class=\"term small\">Multistation 4 postes<\/div><div class=\"term small\">Multistation 5 postes<\/div><div class=\"term small\">Poulie double r\u00e9glable<\/div><\/div><\/div>\n<\/div>\n\n\n\n<div class=\"wp-block-group is-layout-flow wp-container-core-group-is-layout-81d5c4b5 wp-block-group-is-layout-flow\"><a href=\"https:\/\/geometriktarget.com\/fr\/equipements-pour-salles-de-sport\/multistations-et-poulies\/\" class=\"wp-elements-91087d24bfe2d9352b79a42f67a56fd7 wp-block-mindprocess-read-more has-text-color has-white-color\">\n\tVoir les machines<\/a><\/div>\n<\/div>\n<\/div>\n\n<\/li><li class=\"wp-block-post post-13469 equipamento type-equipamento status-publish has-post-thumbnail hentry tipo-equipamento-airbike tipo-equipamento-elliptiques tipo-equipamento-tapis-de-course tipo-equipamento-rameur tipo-equipamento-skierg\">\n\n<div class=\"wp-block-group flex product-loop-item has-white-background-color has-background is-layout-flow wp-block-group-is-layout-flow\" style=\"padding-top:0;padding-right:0;padding-bottom:0;padding-left:0\"><figure style=\"aspect-ratio:auto;\" class=\"flex-1 max-w-50 m-max-w-100 product-loop-image wp-block-post-featured-image\"><a href=\"https:\/\/geometriktarget.com\/fr\/equipements-pour-salles-de-sport\/machines-de-cardio\/\" target=\"_self\"  ><img loading=\"lazy\" decoding=\"async\" width=\"1024\" height=\"1024\" src=\"https:\/\/geometriktarget.com\/wp-content\/uploads\/2026\/04\/equipamento-cardio.jpg\" class=\"attachment-post-thumbnail size-post-thumbnail wp-post-image\" alt=\"Machines de Cardio\" style=\"width:100%;height:100%;object-fit:cover;\" srcset=\"https:\/\/geometriktarget.com\/wp-content\/uploads\/2026\/04\/equipamento-cardio.jpg 1024w, https:\/\/geometriktarget.com\/wp-content\/uploads\/2026\/04\/equipamento-cardio-300x300.jpg 300w, https:\/\/geometriktarget.com\/wp-content\/uploads\/2026\/04\/equipamento-cardio-150x150.jpg 150w, https:\/\/geometriktarget.com\/wp-content\/uploads\/2026\/04\/equipamento-cardio-768x768.jpg 768w, https:\/\/geometriktarget.com\/wp-content\/uploads\/2026\/04\/equipamento-cardio-100x100.jpg 100w, https:\/\/geometriktarget.com\/wp-content\/uploads\/2026\/04\/equipamento-cardio-400x400.jpg 400w, https:\/\/geometriktarget.com\/wp-content\/uploads\/2026\/04\/equipamento-cardio-620x620.jpg 620w, https:\/\/geometriktarget.com\/wp-content\/uploads\/2026\/04\/equipamento-cardio-800x800.jpg 800w\" sizes=\"auto, (max-width: 1024px) 100vw, 1024px\" \/><\/a><\/figure>\n\n\n<div class=\"wp-block-group flex-1 max-w-50 flex flex-col flex-space-between flex-align-start m-max-w-100 is-layout-flow wp-block-group-is-layout-flow\" style=\"padding-top:var(--wp--preset--spacing--20);padding-right:var(--wp--preset--spacing--20);padding-bottom:var(--wp--preset--spacing--20);padding-left:var(--wp--preset--spacing--20)\">\n<div class=\"wp-block-group is-layout-flow wp-container-core-group-is-layout-9b635ac4 wp-block-group-is-layout-flow\"><h2 style=\"font-size:clamp(0.929rem, 0.929rem + ((1vw - 0.2rem) * 0.785), 1.4rem);\" class=\"has-link-color wp-elements-bf0a5e91eae6f7c06bc9300491aea595 wp-block-post-title has-text-color has-black-color\">Machines de Cardio<\/h2>\n\n\n<div class=\"wp-block-group is-layout-flow wp-container-core-group-is-layout-81d5c4b5 wp-block-group-is-layout-flow\">\n<h3 class=\"wp-block-heading has-primary-color has-text-color has-link-color wp-elements-f3374de5f0cacfea15302ea369d6bb9e\" style=\"font-size:clamp(0.875rem, 0.875rem + ((1vw - 0.2rem) * 0.375), 1.1rem);font-style:normal;font-weight:600;line-height:1.2\">Con\u00e7ues pour une utilisation intensive<\/h3>\n\n\n\n<p class=\"short-intro\" style=\"margin-top:var(--wp--preset--spacing--10);margin-bottom:var(--wp--preset--spacing--10);font-size:0.81rem\">\u00c9quipements optimis\u00e9s pour un usage continu, avec une durabilit\u00e9 \u00e9lev\u00e9e pour \u00e9viter les interruptions.<\/p>\n\n\n<div class=\"icons taxonomy-terms flex flex-col gap-10 wp-elements-6bde7bce6bc0317ad5947e97f294866b wp-block-mindprocess-display-taxonomy has-text-color has-dark-grey-color\">\n<div class=\"term small\">AirBike<\/div><div class=\"term small\">Elliptiques<\/div><div class=\"term small\">Tapis de course<\/div><div class=\"term small\">Rameur<\/div><\/div><\/div>\n<\/div>\n\n\n\n<div class=\"wp-block-group is-layout-flow wp-container-core-group-is-layout-81d5c4b5 wp-block-group-is-layout-flow\"><a href=\"https:\/\/geometriktarget.com\/fr\/equipements-pour-salles-de-sport\/machines-de-cardio\/\" class=\"wp-elements-91087d24bfe2d9352b79a42f67a56fd7 wp-block-mindprocess-read-more has-text-color has-white-color\">\n\tVoir les machines<\/a><\/div>\n<\/div>\n<\/div>\n\n<\/li><li class=\"wp-block-post post-13470 equipamento type-equipamento status-publish has-post-thumbnail hentry tipo-equipamento-barres-et-disques tipo-equipamento-halteres tipo-equipamento-kettlebells tipo-equipamento-slam-balls\">\n\n<div class=\"wp-block-group flex product-loop-item has-white-background-color has-background is-layout-flow wp-block-group-is-layout-flow\" style=\"padding-top:0;padding-right:0;padding-bottom:0;padding-left:0\"><figure style=\"aspect-ratio:auto;\" class=\"flex-1 max-w-50 m-max-w-100 product-loop-image wp-block-post-featured-image\"><a href=\"https:\/\/geometriktarget.com\/fr\/equipements-pour-salles-de-sport\/equipements-et-accessoires-dentrainement\/\" target=\"_self\"  ><img loading=\"lazy\" decoding=\"async\" width=\"1024\" height=\"1024\" src=\"https:\/\/geometriktarget.com\/wp-content\/uploads\/2026\/04\/equipamento-acessorios-treino-e1777891651190.jpg\" class=\"attachment-post-thumbnail size-post-thumbnail wp-post-image\" alt=\"\u00c9quipements et Accessoires d\u2019Entra\u00eenement\" style=\"width:100%;height:100%;object-fit:cover;\" \/><\/a><\/figure>\n\n\n<div class=\"wp-block-group flex-1 max-w-50 flex flex-col flex-space-between flex-align-start m-max-w-100 is-layout-flow wp-block-group-is-layout-flow\" style=\"padding-top:var(--wp--preset--spacing--20);padding-right:var(--wp--preset--spacing--20);padding-bottom:var(--wp--preset--spacing--20);padding-left:var(--wp--preset--spacing--20)\">\n<div class=\"wp-block-group is-layout-flow wp-container-core-group-is-layout-9b635ac4 wp-block-group-is-layout-flow\"><h2 style=\"font-size:clamp(0.929rem, 0.929rem + ((1vw - 0.2rem) * 0.785), 1.4rem);\" class=\"has-link-color wp-elements-bf0a5e91eae6f7c06bc9300491aea595 wp-block-post-title has-text-color has-black-color\">\u00c9quipements et Accessoires d\u2019Entra\u00eenement<\/h2>\n\n\n<div class=\"wp-block-group is-layout-flow wp-container-core-group-is-layout-81d5c4b5 wp-block-group-is-layout-flow\">\n<h3 class=\"wp-block-heading has-primary-color has-text-color has-link-color wp-elements-f3374de5f0cacfea15302ea369d6bb9e\" style=\"font-size:clamp(0.875rem, 0.875rem + ((1vw - 0.2rem) * 0.375), 1.1rem);font-style:normal;font-weight:600;line-height:1.2\">Polyvalence pour chaque zone<\/h3>\n\n\n\n<p class=\"short-intro\" style=\"margin-top:var(--wp--preset--spacing--10);margin-bottom:var(--wp--preset--spacing--10);font-size:0.81rem\">Diversifient les exercices et adaptent l\u2019entra\u00eenement \u00e0 diff\u00e9rents profils. Id\u00e9aux pour maximiser l\u2019utilisation des zones libres.<\/p>\n\n\n<div class=\"icons taxonomy-terms flex flex-col gap-10 wp-elements-6bde7bce6bc0317ad5947e97f294866b wp-block-mindprocess-display-taxonomy has-text-color has-dark-grey-color\">\n<div class=\"term small\">Barres et Disques<\/div><div class=\"term small\">Halt\u00e8res<\/div><div class=\"term small\">Kettlebells<\/div><div class=\"term small\">Slam Balls<\/div><\/div><\/div>\n<\/div>\n\n\n\n<div class=\"wp-block-group is-layout-flow wp-container-core-group-is-layout-81d5c4b5 wp-block-group-is-layout-flow\"><a href=\"https:\/\/geometriktarget.com\/fr\/equipements-pour-salles-de-sport\/equipements-et-accessoires-dentrainement\/\" class=\"wp-elements-91087d24bfe2d9352b79a42f67a56fd7 wp-block-mindprocess-read-more has-text-color has-white-color\">\n\tVoir les machines<\/a><\/div>\n<\/div>\n<\/div>\n\n<\/li><\/ul><\/div>\n<\/div>\n<\/div>\n\n\n\n<div class=\"wp-block-group flex flex-justify-start flex-align-center xs-flex-align-end relative has-x-dark-grey-background-color has-background has-global-padding is-layout-constrained wp-container-core-group-is-layout-941b2030 wp-block-group-is-layout-constrained\" style=\"min-height:286px;padding-top:var(--wp--preset--spacing--60);padding-right:var(--wp--preset--spacing--30);padding-bottom:var(--wp--preset--spacing--60);padding-left:var(--wp--preset--spacing--30)\">\n<div class=\"wp-block-group alignwide w-100 is-layout-flow wp-container-core-group-is-layout-148b7bd4 wp-block-group-is-layout-flow\" style=\"padding-bottom:0\">\n<h3 class=\"wp-block-heading has-text-align-center has-white-color has-text-color has-link-color has-x-large-font-size wp-elements-29ac062517d14e3855136bb2411a95fd\">On \u00e9quipe ta salle ?<\/h3>\n\n\n\n<hr class=\"wp-block-separator has-alpha-channel-opacity is-style-separator-geometrik\"\/>\n\n\n\n<p class=\"has-text-align-center has-light-grey-color has-text-color has-link-color wp-elements-1ca8227ea2de17424da796e287645935\">D\u00e9cris-nous ton espace et le type d\u2019entra\u00eenement.<\/p>\n\n\n\n<p class=\"has-text-align-center has-light-grey-color has-text-color has-link-color wp-elements-b02c6c7468ba53994c5491037ed86743\">Nous te recontacterons pour mieux comprendre ton projet et t\u2019envoyer une proposition.<\/p>\n\n\n<div style=\"margin-top:var(--wp--preset--spacing--40);margin-bottom:var(--wp--preset--spacing--40);\" class=\"is-visible-mobile wp-block-mindprocess-active-campaign-modal has-text-align-center\">\n\t<sl-dialog>\n\t\t<div class=\"intro-text\">Remplissez les informations ci-dessous. Un sp\u00e9cialiste Geometrik vous contactera.<\/div><div class='_form_329'><\/div><script type='text\/javascript' src='https:\/\/geometriktarget.activehosted.com\/f\/embed.php?static=0&#038;id=329&#038;69F9E0AF03CA4&#038;nostyles=0&#038;preview=0'><\/script>\t<\/sl-dialog>\n\t<div class=\"modal-button-container\">\n\t\t<button class=\"ac-form-modal-open\">Demander un devis<\/button>\n\t<\/div>\n<\/div>\n\n\n<ul style=\"margin-right:0;margin-left:0\" class=\"wp-block-list is-style-pills-dark\">\n<li>Devis adapt\u00e9 \u00e0 votre espace<\/li>\n\n\n\n<li>Installation et configuration incluses<\/li>\n\n\n\n<li>Service apr\u00e8s-vente<\/li>\n<\/ul>\n<\/div>\n<\/div>\n","protected":false},"excerpt":{"rendered":"<p>\u00c9quipements pour salles de sport Chaque salle de sport demande la bonne combinaison d\u2019\u00e9quipements. L\u2019espace, le type d\u2019entra\u00eenement et le profil des utilisateurs ne peuvent pas \u00eatre trait\u00e9s de mani\u00e8re standard. C\u2019est pourquoi nous analysons ton projet avant de recommander quoi que ce soit. Nous travaillons avec des marques que nous connaissons bien, pour que [&hellip;]<\/p>\n","protected":false},"author":1,"featured_media":0,"parent":0,"menu_order":9,"comment_status":"closed","ping_status":"closed","template":"","meta":{"_acf_changed":false,"footnotes":""},"class_list":["post-13459","page","type-page","status-publish","hentry"],"acf":[],"_links":{"self":[{"href":"https:\/\/geometriktarget.com\/fr\/wp-json\/wp\/v2\/pages\/13459","targetHints":{"allow":["GET"]}}],"collection":[{"href":"https:\/\/geometriktarget.com\/fr\/wp-json\/wp\/v2\/pages"}],"about":[{"href":"https:\/\/geometriktarget.com\/fr\/wp-json\/wp\/v2\/types\/page"}],"author":[{"embeddable":true,"href":"https:\/\/geometriktarget.com\/fr\/wp-json\/wp\/v2\/users\/1"}],"replies":[{"embeddable":true,"href":"https:\/\/geometriktarget.com\/fr\/wp-json\/wp\/v2\/comments?post=13459"}],"version-history":[{"count":7,"href":"https:\/\/geometriktarget.com\/fr\/wp-json\/wp\/v2\/pages\/13459\/revisions"}],"predecessor-version":[{"id":14024,"href":"https:\/\/geometriktarget.com\/fr\/wp-json\/wp\/v2\/pages\/13459\/revisions\/14024"}],"wp:attachment":[{"href":"https:\/\/geometriktarget.com\/fr\/wp-json\/wp\/v2\/media?parent=13459"}],"curies":[{"name":"wp","href":"https:\/\/api.w.org\/{rel}","templated":true}]}}