{"id":13705,"date":"2026-04-28T23:36:40","date_gmt":"2026-04-28T22:36:40","guid":{"rendered":"https:\/\/geometriktarget.com\/ginasio-completo\/"},"modified":"2026-05-04T18:29:18","modified_gmt":"2026-05-04T17:29:18","slug":"salle-complete","status":"publish","type":"page","link":"https:\/\/geometriktarget.com\/fr\/salle-complete\/","title":{"rendered":"Salle compl\u00e8te"},"content":{"rendered":"\n<div class=\"wp-block-cover\" style=\"padding-top:var(--wp--preset--spacing--100);padding-bottom:var(--wp--preset--spacing--100)\"><img loading=\"lazy\" decoding=\"async\" width=\"1920\" height=\"1080\" class=\"wp-block-cover__image-background wp-image-13557 size-full\" alt=\"\" src=\"https:\/\/geometriktarget.com\/wp-content\/uploads\/2026\/04\/header-ginasio-completo.jpg\" data-object-fit=\"cover\" srcset=\"https:\/\/geometriktarget.com\/wp-content\/uploads\/2026\/04\/header-ginasio-completo.jpg 1920w, https:\/\/geometriktarget.com\/wp-content\/uploads\/2026\/04\/header-ginasio-completo-300x169.jpg 300w, https:\/\/geometriktarget.com\/wp-content\/uploads\/2026\/04\/header-ginasio-completo-1024x576.jpg 1024w, https:\/\/geometriktarget.com\/wp-content\/uploads\/2026\/04\/header-ginasio-completo-768x432.jpg 768w, https:\/\/geometriktarget.com\/wp-content\/uploads\/2026\/04\/header-ginasio-completo-1536x864.jpg 1536w\" sizes=\"auto, (max-width: 1920px) 100vw, 1920px\" \/><span aria-hidden=\"true\" class=\"wp-block-cover__background has-black-background-color has-background-dim-60 has-background-dim\"><\/span><div class=\"wp-block-cover__inner-container has-global-padding is-layout-constrained wp-container-core-cover-is-layout-e07d3f18 wp-block-cover-is-layout-constrained\">\n<h1 class=\"wp-block-heading has-text-align-center text-balance\">La salle que tu imaginais, \u00e9quip\u00e9e sans prise de t\u00eate<\/h1>\n\n\n\n<hr class=\"wp-block-separator has-alpha-channel-opacity is-style-separator-geometrik\"\/>\n\n\n\n<p class=\"has-text-align-center text-balance\">Sol, machines et accessoires dans un seul projet. Nous planifions avec toi et fournissons tout ce qu\u2019il te faut pour ouvrir ou r\u00e9nover ta salle. Tous les \u00e9quipements sont livr\u00e9s pr\u00eats \u00e0 installer.<\/p>\n\n\n\n<div class=\"wp-block-group has-black-color has-text-color has-link-color wp-elements-b8a342d66b59effc8025df01f71cc6ef has-global-padding is-layout-constrained wp-block-group-is-layout-constrained\"><div class=\"is-visible-mobile wp-block-mindprocess-active-campaign-modal has-text-align-center\">\n\t<sl-dialog>\n\t\t<div class=\"intro-text\">Remplissez les informations ci-dessous. Un sp\u00e9cialiste Geometrik vous contactera.<\/div><div class='_form_343'><\/div><script type='text\/javascript' src='https:\/\/geometriktarget.activehosted.com\/f\/embed.php?static=0&#038;id=343&#038;69F9E0B0218BC&#038;nostyles=0&#038;preview=0'><\/script>\t<\/sl-dialog>\n\t<div class=\"modal-button-container\">\n\t\t<button class=\"ac-form-modal-open\">Demander un devis<\/button>\n\t<\/div>\n<\/div><\/div>\n<\/div><\/div>\n\n\n\n<div class=\"wp-block-group p-block-fluid-2-6 p-inline-30 has-white-background-color has-background has-global-padding is-layout-constrained wp-block-group-is-layout-constrained\">\n<h2 class=\"wp-block-heading has-text-align-center\">Tout pour \u00e9quiper votre salle de sport<\/h2>\n\n\n\n<hr class=\"wp-block-separator has-alpha-channel-opacity is-style-separator-geometrik\"\/>\n\n\n\n<div class=\"wp-block-group alignwide image-grid is-layout-flow wp-block-group-is-layout-flow\" style=\"padding-right:var(--wp--preset--spacing--20);padding-left:var(--wp--preset--spacing--20)\">\n<div class=\"wp-block-group is-layout-flow wp-block-group-is-layout-flow\">\n<figure class=\"wp-block-image aligncenter size-400x260\"><a href=\"https:\/\/geometriktarget.com\/fr\/sol-salle-sport\/\"><img loading=\"lazy\" decoding=\"async\" width=\"400\" height=\"260\" src=\"https:\/\/geometriktarget.com\/wp-content\/uploads\/2024\/03\/Alpha-Burly-Preto-Cinza-400x260.jpg\" alt=\"\" class=\"wp-image-12638\"\/><\/a><\/figure>\n\n\n\n<h3 class=\"wp-block-heading\">Sol salle de sport<\/h3>\n<\/div>\n\n\n\n<div class=\"wp-block-group is-layout-flow wp-block-group-is-layout-flow\">\n<figure class=\"wp-block-image aligncenter size-400x260\"><a href=\"https:\/\/geometriktarget.com\/fr\/equipements-pour-salles-de-sport\/machines-de-musculation-poids-guide\/\"><img loading=\"lazy\" decoding=\"async\" width=\"400\" height=\"260\" src=\"https:\/\/geometriktarget.com\/wp-content\/uploads\/2026\/04\/equipamento-peso-guiado-400x260.jpg\" alt=\"\" class=\"wp-image-13260\"\/><\/a><\/figure>\n\n\n\n<h3 class=\"wp-block-heading\">Machines de Musculation (Poids Guid\u00e9)<\/h3>\n<\/div>\n\n\n\n<div class=\"wp-block-group is-layout-flow wp-block-group-is-layout-flow\">\n<figure class=\"wp-block-image aligncenter size-400x260\"><a href=\"https:\/\/geometriktarget.com\/fr\/equipements-pour-salles-de-sport\/machines-de-musculation-poids-libre\/\"><img loading=\"lazy\" decoding=\"async\" width=\"400\" height=\"260\" src=\"https:\/\/geometriktarget.com\/wp-content\/uploads\/2026\/04\/equipamento-peso-livre-400x260.jpg\" alt=\"\" class=\"wp-image-13265\"\/><\/a><\/figure>\n\n\n\n<h3 class=\"wp-block-heading\">Machines de Musculation (Poids Libre)<\/h3>\n<\/div>\n\n\n\n<div class=\"wp-block-group is-layout-flow wp-block-group-is-layout-flow\">\n<figure class=\"wp-block-image aligncenter size-400x260\"><a href=\"https:\/\/geometriktarget.com\/fr\/equipements-pour-salles-de-sport\/multistations-et-poulies\/\"><img loading=\"lazy\" decoding=\"async\" width=\"400\" height=\"260\" src=\"https:\/\/geometriktarget.com\/wp-content\/uploads\/2026\/04\/equipamento-multiestacoes-polias-400x260.jpg\" alt=\"\" class=\"wp-image-13255\"\/><\/a><\/figure>\n\n\n\n<h3 class=\"wp-block-heading\">Multistations et Poulies<\/h3>\n<\/div>\n\n\n\n<div class=\"wp-block-group is-layout-flow wp-block-group-is-layout-flow\">\n<figure class=\"wp-block-image aligncenter size-400x260\"><a href=\"https:\/\/geometriktarget.com\/fr\/equipements-pour-salles-de-sport\/machines-de-cardio\/\"><img loading=\"lazy\" decoding=\"async\" width=\"400\" height=\"260\" src=\"https:\/\/geometriktarget.com\/wp-content\/uploads\/2026\/04\/equipamento-cardio-400x260.jpg\" alt=\"\" class=\"wp-image-13250\"\/><\/a><\/figure>\n\n\n\n<h3 class=\"wp-block-heading\">Machines de Cardio<\/h3>\n<\/div>\n\n\n\n<div class=\"wp-block-group is-layout-flow wp-block-group-is-layout-flow\">\n<figure class=\"wp-block-image aligncenter size-400x260\"><a href=\"https:\/\/geometriktarget.com\/fr\/equipements-pour-salles-de-sport\/equipements-et-accessoires-dentrainement\/\"><img loading=\"lazy\" decoding=\"async\" width=\"1024\" height=\"690\" src=\"https:\/\/geometriktarget.com\/wp-content\/uploads\/2026\/04\/equipamento-acessorios-treino-e1777891651190.jpg\" alt=\"\" class=\"wp-image-13245\" srcset=\"https:\/\/geometriktarget.com\/wp-content\/uploads\/2026\/04\/equipamento-acessorios-treino-e1777891651190.jpg 1024w, https:\/\/geometriktarget.com\/wp-content\/uploads\/2026\/04\/equipamento-acessorios-treino-e1777891651190-300x202.jpg 300w, https:\/\/geometriktarget.com\/wp-content\/uploads\/2026\/04\/equipamento-acessorios-treino-e1777891651190-768x518.jpg 768w\" sizes=\"auto, (max-width: 1024px) 100vw, 1024px\" \/><\/a><\/figure>\n\n\n\n<h3 class=\"wp-block-heading\">\u00c9quipements et Accessoires d\u2019Entra\u00eenement<\/h3>\n<\/div>\n<\/div>\n<\/div>\n\n\n\n<div class=\"wp-block-group p-block-fluid-2-6 p-inline-30 has-xx-light-grey-background-color has-background has-global-padding is-layout-constrained wp-block-group-is-layout-constrained\">\n<h2 class=\"wp-block-heading has-text-align-center\">Que signifie \u00ab salle compl\u00e8te \u00bb ?<\/h2>\n\n\n\n<hr class=\"wp-block-separator has-alpha-channel-opacity is-style-separator-geometrik\"\/>\n\n\n\n<p class=\"has-text-align-center\">Un partenaire pour tout le projet. Moins de fournisseurs, moins de retards et moins de d\u00e9cisions en suspens.<\/p>\n\n\n\n<div class=\"wp-block-group alignwide grid grid-4 gap-20 m-grid-2 xs-grid-1 is-layout-flow wp-block-group-is-layout-flow\" style=\"margin-top:var(--wp--preset--spacing--60)\">\n<div class=\"wp-block-group has-border-color has-medium-light-grey-border-color has-white-background-color has-background is-layout-flow wp-container-core-group-is-layout-13a5d8f9 wp-block-group-is-layout-flow\" style=\"border-width:1px;padding-top:var(--wp--preset--spacing--20);padding-right:var(--wp--preset--spacing--20);padding-bottom:var(--wp--preset--spacing--20);padding-left:var(--wp--preset--spacing--20)\">\n<figure class=\"wp-block-image size-full is-resized\"><img loading=\"lazy\" decoding=\"async\" width=\"24\" height=\"24\" src=\"https:\/\/geometriktarget.com\/wp-content\/uploads\/2026\/04\/icon-planeamento.svg\" alt=\"\" class=\"wp-image-13634\" style=\"object-fit:cover;width:32px;height:32px\"\/><\/figure>\n\n\n\n<h3 class=\"wp-block-heading has-medium-font-size\" style=\"font-style:normal;font-weight:600\">Planification<\/h3>\n\n\n\n<ul class=\"wp-block-list is-style-icons-vertical\">\n<li>Analyse de l\u2019espace, des objectifs et du type d\u2019utilisation.<\/li>\n\n\n\n<li>Suggestions d\u2019am\u00e9nagement adapt\u00e9es \u00e0 ton mod\u00e8le d\u2019entra\u00eenement.<\/li>\n<\/ul>\n<\/div>\n\n\n\n<div class=\"wp-block-group has-border-color has-medium-light-grey-border-color has-white-background-color has-background is-layout-flow wp-container-core-group-is-layout-13a5d8f9 wp-block-group-is-layout-flow\" style=\"border-width:1px;padding-top:var(--wp--preset--spacing--20);padding-right:var(--wp--preset--spacing--20);padding-bottom:var(--wp--preset--spacing--20);padding-left:var(--wp--preset--spacing--20)\">\n<figure class=\"wp-block-image size-large is-resized\"><img loading=\"lazy\" decoding=\"async\" width=\"24\" height=\"24\" src=\"https:\/\/geometriktarget.com\/wp-content\/uploads\/2026\/04\/icon-pavimento.svg\" alt=\"\" class=\"wp-image-13629\" style=\"object-fit:cover;width:32px;height:32px\"\/><\/figure>\n\n\n\n<h3 class=\"wp-block-heading has-medium-font-size\" style=\"font-style:normal;font-weight:600\">Sol<\/h3>\n\n\n\n<ul class=\"wp-block-list is-style-icons-vertical\">\n<li>D\u00e9finition du rev\u00eatement zone par zone.<\/li>\n\n\n\n<li>R\u00e9sistance, confort et r\u00e9duction du bruit, selon l\u2019intensit\u00e9 de chaque zone.<\/li>\n<\/ul>\n<\/div>\n\n\n\n<div class=\"wp-block-group has-border-color has-medium-light-grey-border-color has-white-background-color has-background is-layout-flow wp-container-core-group-is-layout-13a5d8f9 wp-block-group-is-layout-flow\" style=\"border-width:1px;padding-top:var(--wp--preset--spacing--20);padding-right:var(--wp--preset--spacing--20);padding-bottom:var(--wp--preset--spacing--20);padding-left:var(--wp--preset--spacing--20)\">\n<figure class=\"wp-block-image size-large is-resized\"><img loading=\"lazy\" decoding=\"async\" width=\"24\" height=\"24\" src=\"https:\/\/geometriktarget.com\/wp-content\/uploads\/2026\/04\/icon-equipamentos.svg\" alt=\"\" class=\"wp-image-13619\" style=\"object-fit:cover;width:32px;height:32px\"\/><\/figure>\n\n\n\n<h3 class=\"wp-block-heading has-medium-font-size\" style=\"font-style:normal;font-weight:600\">\u00c9quipements<\/h3>\n\n\n\n<ul class=\"wp-block-list is-style-icons-vertical\">\n<li>S\u00e9lection des machines adapt\u00e9es \u00e0 ton projet.<\/li>\n\n\n\n<li>Choix entre diff\u00e9rentes marques et gammes.<\/li>\n\n\n\n<li>\u00c9quilibre entre performance et investissement.<\/li>\n<\/ul>\n<\/div>\n\n\n\n<div class=\"wp-block-group has-border-color has-medium-light-grey-border-color has-white-background-color has-background is-layout-flow wp-container-core-group-is-layout-13a5d8f9 wp-block-group-is-layout-flow\" style=\"border-width:1px;padding-top:var(--wp--preset--spacing--20);padding-right:var(--wp--preset--spacing--20);padding-bottom:var(--wp--preset--spacing--20);padding-left:var(--wp--preset--spacing--20)\">\n<figure class=\"wp-block-image size-large is-resized\"><img loading=\"lazy\" decoding=\"async\" width=\"24\" height=\"24\" src=\"https:\/\/geometriktarget.com\/wp-content\/uploads\/2026\/04\/icon-execucao.svg\" alt=\"\" class=\"wp-image-13624\" style=\"object-fit:cover;width:32px;height:32px\"\/><\/figure>\n\n\n\n<h3 class=\"wp-block-heading has-medium-font-size\" style=\"font-style:normal;font-weight:600\">Livraison<\/h3>\n\n\n\n<ul class=\"wp-block-list is-style-icons-vertical\">\n<li>Fourniture coordonn\u00e9e de tout le mat\u00e9riel.<\/li>\n\n\n\n<li>Tout est livr\u00e9 pr\u00eat \u00e0 installer, pour que ta salle soit op\u00e9rationnelle au plus vite.<\/li>\n<\/ul>\n<\/div>\n<\/div>\n<\/div>\n\n\n\n<div class=\"wp-block-group p-block-fluid-2-6 p-inline-30 has-white-background-color has-background has-global-padding is-layout-constrained wp-block-group-is-layout-constrained\">\n<h2 class=\"wp-block-heading has-text-align-center\">Pourquoi travailler avec nous ?<\/h2>\n\n\n\n<hr class=\"wp-block-separator has-alpha-channel-opacity is-style-separator-geometrik\"\/>\n\n\n\n<div class=\"wp-block-group alignwide grid grid-3 gap-50 xs-grid-1 is-layout-flow wp-block-group-is-layout-flow\">\n<div class=\"wp-block-group flex flex-col flex-space-between has-global-padding is-layout-constrained wp-container-core-group-is-layout-c19476fc wp-block-group-is-layout-constrained\">\n<div class=\"wp-block-group flex flex-col flex-align-center flex-justify-center has-global-padding is-layout-constrained wp-container-core-group-is-layout-c19476fc wp-block-group-is-layout-constrained\">\n<div class=\"wp-block-group has-xx-light-grey-background-color has-background is-layout-flow wp-block-group-is-layout-flow\" style=\"border-top-left-radius:999px;border-top-right-radius:999px;border-bottom-left-radius:999px;border-bottom-right-radius:999px;padding-top:var(--wp--preset--spacing--30);padding-right:var(--wp--preset--spacing--30);padding-bottom:var(--wp--preset--spacing--30);padding-left:var(--wp--preset--spacing--30)\">\n<figure class=\"wp-block-image aligncenter size-large is-resized\" style=\"margin-top:0;margin-bottom:0\"><img loading=\"lazy\" decoding=\"async\" width=\"514\" height=\"512\" src=\"https:\/\/geometriktarget.com\/wp-content\/uploads\/2026\/04\/icon-central-management.svg\" alt=\"\" class=\"wp-image-13662\" style=\"object-fit:cover;width:80px;height:80px\"\/><\/figure>\n<\/div>\n\n\n\n<h3 class=\"wp-block-heading has-text-align-center has-medium-font-size\" style=\"font-style:normal;font-weight:600\">Moins de fournisseurs, moins de probl\u00e8mes<\/h3>\n<\/div>\n\n\n\n<p class=\"has-text-align-center has-grey-color has-text-color has-link-color has-small-font-size wp-elements-4db1e331dc7c677f7fe6c72ada4c26dd\">Un seul interlocuteur, un seul calendrier. Sans jongler entre les d\u00e9lais et les livraisons de diff\u00e9rents c\u00f4t\u00e9s.<\/p>\n<\/div>\n\n\n\n<div class=\"wp-block-group flex flex-col flex-space-between has-global-padding is-layout-constrained wp-container-core-group-is-layout-c19476fc wp-block-group-is-layout-constrained\">\n<div class=\"wp-block-group flex flex-col flex-align-center flex-justify-center has-global-padding is-layout-constrained wp-container-core-group-is-layout-c19476fc wp-block-group-is-layout-constrained\">\n<div class=\"wp-block-group has-xx-light-grey-background-color has-background is-layout-flow wp-block-group-is-layout-flow\" style=\"border-top-left-radius:999px;border-top-right-radius:999px;border-bottom-left-radius:999px;border-bottom-right-radius:999px;padding-top:var(--wp--preset--spacing--30);padding-right:var(--wp--preset--spacing--30);padding-bottom:var(--wp--preset--spacing--30);padding-left:var(--wp--preset--spacing--30)\">\n<figure class=\"wp-block-image aligncenter size-large is-resized\" style=\"margin-top:0;margin-bottom:0\"><img loading=\"lazy\" decoding=\"async\" width=\"512\" height=\"512\" src=\"https:\/\/geometriktarget.com\/wp-content\/uploads\/2026\/04\/icon-spaces.svg\" alt=\"\" class=\"wp-image-13667\" style=\"object-fit:cover;width:80px;height:80px\"\/><\/figure>\n<\/div>\n\n\n\n<h3 class=\"wp-block-heading has-text-align-center has-medium-font-size\" style=\"font-style:normal;font-weight:600\">L\u2019espace pens\u00e9 comme un tout<\/h3>\n<\/div>\n\n\n\n<p class=\"has-text-align-center has-grey-color has-text-color has-link-color has-small-font-size wp-elements-c8ca8fb3631525dedf1a583b33a059e5\">Sol, \u00e9quipements et disposition d\u00e9finis ensemble. Tout s\u2019embo\u00eete d\u00e8s le d\u00e9part.<\/p>\n<\/div>\n\n\n\n<div class=\"wp-block-group flex flex-col flex-space-between has-global-padding is-layout-constrained wp-container-core-group-is-layout-c19476fc wp-block-group-is-layout-constrained\">\n<div class=\"wp-block-group flex flex-col flex-align-center flex-justify-center has-global-padding is-layout-constrained wp-container-core-group-is-layout-c19476fc wp-block-group-is-layout-constrained\">\n<div class=\"wp-block-group has-xx-light-grey-background-color has-background is-layout-flow wp-block-group-is-layout-flow\" style=\"border-top-left-radius:999px;border-top-right-radius:999px;border-bottom-left-radius:999px;border-bottom-right-radius:999px;padding-top:var(--wp--preset--spacing--30);padding-right:var(--wp--preset--spacing--30);padding-bottom:var(--wp--preset--spacing--30);padding-left:var(--wp--preset--spacing--30)\">\n<figure class=\"wp-block-image aligncenter size-large is-resized\" style=\"margin-top:0;margin-bottom:0\"><img loading=\"lazy\" decoding=\"async\" width=\"512\" height=\"512\" src=\"https:\/\/geometriktarget.com\/wp-content\/uploads\/2026\/04\/icon-timeline.svg\" alt=\"\" class=\"wp-image-13672\" style=\"object-fit:cover;width:80px;height:80px\"\/><\/figure>\n<\/div>\n\n\n\n<h3 class=\"wp-block-heading has-text-align-center has-medium-font-size\" style=\"font-style:normal;font-weight:600\">Des d\u00e9lais qui ne d\u00e9rapent pas<\/h3>\n<\/div>\n\n\n\n<p class=\"has-text-align-center has-grey-color has-text-color has-link-color has-small-font-size wp-elements-53545d33db3144ae3caf7d3209eb066f\">Calendrier fix\u00e9 d\u00e8s le d\u00e9part. Tu sais ce qui arrive, quand \u00e7a arrive et quand c\u2019est pr\u00eat.<\/p>\n<\/div>\n<\/div>\n<\/div>\n\n\n\n<div class=\"wp-block-group p-block-fluid-2-6 p-inline-30 has-xx-light-grey-background-color has-background has-global-padding is-layout-constrained wp-block-group-is-layout-constrained\">\n<div class=\"wp-block-group has-global-padding is-layout-constrained wp-container-core-group-is-layout-21deba94 wp-block-group-is-layout-constrained\">\n<h2 class=\"wp-block-heading has-text-align-center\">Comment \u00e7a fonctionne<\/h2>\n\n\n\n<hr class=\"wp-block-separator has-alpha-channel-opacity is-style-separator-geometrik\"\/>\n\n\n\n<div class=\"wp-block-group has-global-padding is-layout-constrained wp-container-core-group-is-layout-346627ba wp-block-group-is-layout-constrained\">\n<div class=\"wp-block-group flex flex-align-start gap-20 has-global-padding is-layout-constrained wp-block-group-is-layout-constrained\">\n<div class=\"wp-block-group w-50-px h-50-px flex flex-align-center flex-justify-center has-white-color has-primary-background-color has-text-color has-background has-link-color wp-elements-d7345264f998e137dd9df54fd0662aa9 has-global-padding is-layout-constrained wp-block-group-is-layout-constrained\">\n<p class=\"has-large-font-size\" style=\"font-style:normal;font-weight:600\">1<\/p>\n<\/div>\n\n\n\n<div class=\"wp-block-group flex-1 has-global-padding is-layout-constrained wp-container-core-group-is-layout-c19476fc wp-block-group-is-layout-constrained\">\n<h3 class=\"wp-block-heading\">Parle-nous<\/h3>\n\n\n\n<p>Dis-nous ce dont tu as besoin : le type d\u2019espace, l\u2019entra\u00eenement que tu vas proposer et ton budget. Nous posons les bonnes questions.<\/p>\n<\/div>\n<\/div>\n\n\n\n<div class=\"wp-block-group flex flex-align-start gap-20 has-global-padding is-layout-constrained wp-block-group-is-layout-constrained\">\n<div class=\"wp-block-group w-50-px h-50-px flex flex-align-center flex-justify-center has-white-color has-primary-background-color has-text-color has-background has-link-color wp-elements-c1da7247166e5f2b593d2f7adb602a17 has-global-padding is-layout-constrained wp-block-group-is-layout-constrained\">\n<p class=\"has-large-font-size\" style=\"font-style:normal;font-weight:600\">2<\/p>\n<\/div>\n\n\n\n<div class=\"wp-block-group flex-1 has-global-padding is-layout-constrained wp-container-core-group-is-layout-c19476fc wp-block-group-is-layout-constrained\">\n<h3 class=\"wp-block-heading\">Re\u00e7ois une proposition sur mesure<\/h3>\n\n\n\n<p>Nous te pr\u00e9sentons une proposition avec \u00e9quipements, sol et am\u00e9nagement de l\u2019espace, align\u00e9e sur tes objectifs et ton investissement.<\/p>\n<\/div>\n<\/div>\n\n\n\n<div class=\"wp-block-group flex flex-align-start gap-20 has-global-padding is-layout-constrained wp-block-group-is-layout-constrained\">\n<div class=\"wp-block-group w-50-px h-50-px flex flex-align-center flex-justify-center has-white-color has-primary-background-color has-text-color has-background has-link-color wp-elements-b845791ac9a2086daa042267e91e1db5 has-global-padding is-layout-constrained wp-block-group-is-layout-constrained\">\n<p class=\"has-large-font-size\" style=\"font-style:normal;font-weight:600\">3<\/p>\n<\/div>\n\n\n\n<div class=\"wp-block-group flex-1 has-global-padding is-layout-constrained wp-container-core-group-is-layout-c19476fc wp-block-group-is-layout-constrained\">\n<h3 class=\"wp-block-heading\">On te livre pr\u00eat \u00e0 installer<\/h3>\n\n\n\n<p>Nous g\u00e9rons l\u2019approvisionnement et la livraison. Tout arrive pr\u00eat pour l\u2019installation, pour que ta salle soit op\u00e9rationnelle le plus vite possible.<\/p>\n<\/div>\n<\/div>\n<\/div>\n<\/div>\n<\/div>\n\n\n\n<div class=\"wp-block-group p-block-fluid-2-6 p-inline-30 has-x-dark-grey-background-color has-background has-global-padding is-layout-constrained wp-block-group-is-layout-constrained\" style=\"min-height:286px\">\n<div class=\"wp-block-group alignwide w-100 is-layout-flow wp-container-core-group-is-layout-148b7bd4 wp-block-group-is-layout-flow\" style=\"padding-bottom:0\">\n<h3 class=\"wp-block-heading has-text-align-center has-white-color has-text-color has-link-color has-x-large-font-size wp-elements-29ac062517d14e3855136bb2411a95fd\">On \u00e9quipe ta salle ?<\/h3>\n\n\n\n<hr class=\"wp-block-separator has-alpha-channel-opacity is-style-separator-geometrik\"\/>\n\n\n\n<p class=\"has-text-align-center has-light-grey-color has-text-color has-link-color wp-elements-1ca8227ea2de17424da796e287645935\">D\u00e9cris-nous ton espace et le type d\u2019entra\u00eenement.<\/p>\n\n\n\n<p class=\"has-text-align-center has-light-grey-color has-text-color has-link-color wp-elements-b02c6c7468ba53994c5491037ed86743\">Nous te recontacterons pour mieux comprendre ton projet et t\u2019envoyer une proposition.<\/p>\n\n\n<div style=\"margin-top:var(--wp--preset--spacing--40);margin-bottom:var(--wp--preset--spacing--40);\" class=\"is-visible-mobile wp-block-mindprocess-active-campaign-modal has-text-align-center\">\n\t<sl-dialog>\n\t\t<div class=\"intro-text\">Remplissez les informations ci-dessous. Un sp\u00e9cialiste Geometrik vous contactera.<\/div><div class='_form_343'><\/div><script type='text\/javascript' src='https:\/\/geometriktarget.activehosted.com\/f\/embed.php?static=0&#038;id=343&#038;69F9E0B0282C9&#038;nostyles=0&#038;preview=0'><\/script>\t<\/sl-dialog>\n\t<div class=\"modal-button-container\">\n\t\t<button class=\"ac-form-modal-open\">Demander un devis<\/button>\n\t<\/div>\n<\/div>\n\n\n<ul style=\"margin-right:0;margin-left:0\" class=\"wp-block-list is-style-pills-dark\">\n<li>Devis adapt\u00e9 \u00e0 votre espace<\/li>\n\n\n\n<li>Installation et configuration incluses<\/li>\n\n\n\n<li>Service apr\u00e8s-vente<\/li>\n<\/ul>\n<\/div>\n<\/div>\n","protected":false},"excerpt":{"rendered":"<p>Tout pour \u00e9quiper votre salle de sport Sol salle de sport Machines de Musculation (Poids Guid\u00e9) Machines de Musculation (Poids Libre) Multistations et Poulies Machines de Cardio \u00c9quipements et Accessoires d\u2019Entra\u00eenement Que signifie \u00ab salle compl\u00e8te \u00bb ? Un partenaire pour tout le projet. Moins de fournisseurs, moins de retards et moins de d\u00e9cisions en [&hellip;]<\/p>\n","protected":false},"author":1,"featured_media":0,"parent":0,"menu_order":3,"comment_status":"closed","ping_status":"closed","template":"","meta":{"_acf_changed":false,"footnotes":""},"class_list":["post-13705","page","type-page","status-publish","hentry"],"acf":[],"_links":{"self":[{"href":"https:\/\/geometriktarget.com\/fr\/wp-json\/wp\/v2\/pages\/13705","targetHints":{"allow":["GET"]}}],"collection":[{"href":"https:\/\/geometriktarget.com\/fr\/wp-json\/wp\/v2\/pages"}],"about":[{"href":"https:\/\/geometriktarget.com\/fr\/wp-json\/wp\/v2\/types\/page"}],"author":[{"embeddable":true,"href":"https:\/\/geometriktarget.com\/fr\/wp-json\/wp\/v2\/users\/1"}],"replies":[{"embeddable":true,"href":"https:\/\/geometriktarget.com\/fr\/wp-json\/wp\/v2\/comments?post=13705"}],"version-history":[{"count":3,"href":"https:\/\/geometriktarget.com\/fr\/wp-json\/wp\/v2\/pages\/13705\/revisions"}],"predecessor-version":[{"id":13855,"href":"https:\/\/geometriktarget.com\/fr\/wp-json\/wp\/v2\/pages\/13705\/revisions\/13855"}],"wp:attachment":[{"href":"https:\/\/geometriktarget.com\/fr\/wp-json\/wp\/v2\/media?parent=13705"}],"curies":[{"name":"wp","href":"https:\/\/api.w.org\/{rel}","templated":true}]}}