{"id":2364,"date":"2024-03-07T17:41:47","date_gmt":"2024-03-07T17:41:47","guid":{"rendered":"http:\/\/geometrik.local\/homepage\/"},"modified":"2026-03-03T08:54:45","modified_gmt":"2026-03-03T08:54:45","slug":"homepage","status":"publish","type":"page","link":"https:\/\/geometriktarget.com\/fr\/","title":{"rendered":"Homepage"},"content":{"rendered":"\n<div class=\"wp-block-group alignfull is-layout-flow wp-block-group-is-layout-flow\">\n<div class=\"wp-block-mindprocess-dynamic-slider\">\n\t\t\t<div class=\"dynamic-slider-container relative\" style=\";\">\n\t\t\t\t\t\t<div class=\"dynamic-slider swiper\">\n\t\t\t\t<div class=\"swiper-wrapper\" style=\"height: 600px;\">\n\t\t\t\t\t\t\t\t\t\t\t<div class=\"swiper-slide dynamic-slide flex flex-justify-center flex-align-center relative\" style=\"background-image: url(https:\/\/geometriktarget.com\/wp-content\/uploads\/2024\/04\/header-02.webp);\">\n\t\t\t\t\t\t\t\t\t\t\t\t\t\t<div class=\"p-inline-30 w-100\">\n\t\t\t\t\t\t\t\t<div class=\"wide flex\">\n\t\t\t\t\t\t\t\t\t<div class=\"slide-content w-50 flex flex-col flex-align-start gap-30\">\n\t\t\t\t\t\t\t\t\t\tLe sol appropri\u00e9 pour ton espace de fitness!<a class=\"slide-cta\" href=\"https:\/\/geometriktarget.com\/fr\/sol-salle-sport\/\">Voir les sols<\/a>\t\t\t\t\t\t\t\t\t<\/div>\n\t\t\t\t\t\t\t\t<\/div>\n\t\t\t\t\t\t\t<\/div>\n\t\t\t\t\t\t<\/div>\n\t\t\t\t\t\t\t\t\t<\/div>\n\t\t\t<\/div>\n\t\t\t\t\t\t\t<script>\n\t\t\t\t\tconst dynamicSliderSwiperActive = false;\n\t\t\t\t<\/script>\n\t\t\t\t\t<\/div>\n\t<\/div><\/div>\n\n\n\n<div class=\"wp-block-group alignfull has-black-background-color has-background has-global-padding is-layout-constrained wp-container-core-group-is-layout-f90d3be4 wp-block-group-is-layout-constrained\" style=\"padding-top:var(--wp--preset--spacing--40);padding-right:var(--wp--preset--spacing--30);padding-bottom:var(--wp--preset--spacing--40);padding-left:var(--wp--preset--spacing--30)\">\n<div class=\"wp-block-group alignwide has-global-padding is-layout-constrained wp-container-core-group-is-layout-346627ba wp-block-group-is-layout-constrained\">\n<p class=\"has-text-align-center has-primary-color has-text-color has-link-color wp-elements-9733f7e972c929da48ca5f4c2a312cdf\" style=\"font-style:normal;font-weight:600\">Trouve le rev\u00eatement le plus adapt\u00e9 pour assurer :<\/p>\n\n\n\n<ul style=\"font-style:normal;font-weight:600;line-height:1.3\" class=\"is-style-icons-horizontal has-white-color has-text-color has-link-color wp-block-list wp-elements-45d298124d335a1b57a02bd78cb6285e\">\n<li>Une meilleure performance de l&rsquo; athl\u00e8te<\/li>\n\n\n\n<li>Une pratique plus s\u00fbre<\/li>\n\n\n\n<li>Une protection du site et des \u00e9quipements<\/li>\n<\/ul>\n<\/div>\n<\/div>\n\n\n\n<div class=\"wp-block-group alignfull p-block-60 p-inline-30 l-p-30 has-global-padding is-layout-constrained wp-block-group-is-layout-constrained\">\n<h1 class=\"wp-block-heading has-text-align-center\">Produits phares<\/h1>\n\n\n\n<hr class=\"wp-block-separator has-alpha-channel-opacity is-style-separator-geometrik\" style=\"margin-top:var(--wp--preset--spacing--30);margin-bottom:var(--wp--preset--spacing--30)\"\/>\n\n\n\n<p class=\"has-text-align-center has-medium-font-size\">D\u00e9couvre les produits pr\u00e9f\u00e9r\u00e9s de nos clients.<\/p>\n\n\n\n<div class=\"wp-block-group alignwide is-layout-flow wp-block-group-is-layout-flow\" style=\"padding-top:var(--wp--preset--spacing--40);padding-bottom:var(--wp--preset--spacing--40)\"><div class=\"square wp-block-mindprocess-featured-posts\">\n\t<div class=\"grid-container grid grid-3\"><div class=\"featured-item relative flex flex-col flex-space-between relative basic-item\"><a href=\"https:\/\/geometriktarget.com\/fr\/sol-salle-sport\/dalle-caoutchouc\/\"><img decoding=\"async\" class=\"item-thumbnail\" src=\"https:\/\/geometriktarget.com\/wp-content\/uploads\/2024\/03\/X_rx_ginasio_utilizacao_kalocf_1-400x400.jpg\" alt=\"Alpha RX\"><\/a><div class=\"item-info flex flex-col flex-align-center flex-1\"><div class=\"item-title p-20 p-b-20 flex-1 text-left\">Alpha RX<\/div><a class=\"button-m\" href=\"https:\/\/geometriktarget.com\/fr\/sol-salle-sport\/dalle-caoutchouc\/\">Voir le produit<\/a><\/div><\/div><div class=\"featured-item relative flex flex-col flex-space-between relative basic-item\"><a href=\"https:\/\/geometriktarget.com\/fr\/sol-salle-sport\/rouleau-caoutchouc\/\"><img decoding=\"async\" class=\"item-thumbnail\" src=\"https:\/\/geometriktarget.com\/wp-content\/uploads\/2024\/03\/X_gymfloor_preto_utilizacao_102fitnessstudio-400x400.jpg\" alt=\"Gymfloor\"><\/a><div class=\"item-info flex flex-col flex-align-center flex-1\"><div class=\"item-title p-20 p-b-20 flex-1 text-left\">Gymfloor<\/div><a class=\"button-m\" href=\"https:\/\/geometriktarget.com\/fr\/sol-salle-sport\/rouleau-caoutchouc\/\">Voir le produit<\/a><\/div><\/div><div class=\"featured-item relative flex flex-col flex-space-between relative basic-item\"><a href=\"https:\/\/geometriktarget.com\/fr\/sol-salle-sport\/gazon-sport-curledtrail\/\"><img decoding=\"async\" class=\"item-thumbnail\" src=\"https:\/\/geometriktarget.com\/wp-content\/uploads\/2024\/03\/pavimento-curledtrail-1-400x400.jpg\" alt=\"CurledTrail\"><\/a><div class=\"item-info flex flex-col flex-align-center flex-1\"><div class=\"item-title p-20 p-b-20 flex-1 text-left\">CurledTrail<\/div><a class=\"button-m\" href=\"https:\/\/geometriktarget.com\/fr\/sol-salle-sport\/gazon-sport-curledtrail\/\">Voir le produit<\/a><\/div><\/div><\/div><\/div>\n<style>\n\t.grid-container {\n\t\trow-gap: 0px;\n\t\tcolumn-gap: 40px;\n\t}\n<\/style><\/div>\n\n\n\n<p class=\"has-text-align-center\"><a href=\"https:\/\/geometriktarget.com\/fr\/revetements-de-sol\/\" data-type=\"page\" data-id=\"404\">Voir toutes les solutions de rev\u00eatement de sol<\/a><\/p>\n\n\n\n<div class=\"wp-block-group alignwide p-block-100 l-p-block-30 is-layout-flow wp-block-group-is-layout-flow\"><div class=\"wp-block-mindprocess-product-families\">\n\t\t\t\t<div class=\"product-families-carousel swiper\">\n\t\t\t\t<div class=\"swiper-wrapper\">\n\t\t\t\t\t\t\t\t\t\t\t<div class=\"item swiper-slide\">\n\t\t\t\t\t\t\t<div class=\"swiper-slide-container flex\">\n\t\t\t\t\t\t\t\t<div class=\"flex-1 min-w-50\">\n\t\t\t\t\t\t\t\t\t<a href=\"https:\/\/geometriktarget.com\/fr\/sol-salle-sport\/personnalise-ta-salle-de-sport\/\"><img decoding=\"async\" class=\"item-thumbnail img-cover\" alt=\"Personnalise ta salle de sport\" src=\"https:\/\/geometriktarget.com\/wp-content\/uploads\/2025\/11\/Design-sem-nome-8-310x420.png\"><\/a>\n\t\t\t\t\t\t\t\t<\/div>\n\t\t\t\t\t\t\t\t<div class=\"flex-1 min-w-50 bg-white flex flex-col\">\n\t\t\t\t\t\t\t\t\t<div class=\"item-info p-block-30 p-inline-20 flex flex-col gap-20 flex-space-between h-100\">\n\t\t\t\t\t\t\t\t\t\t<div class=\"item-header flex flex-col flex-align-start gap-10\">\n\t\t\t\t\t\t\t\t\t\t\t<h2 class=\"m-0\">Personnalise ta salle de sport<\/h2>\n\t\t\t\t\t\t\t\t\t\t\tAvec ton logo, tes couleurs et l\u2019identit\u00e9 de ton espace.\t\t\t\t\t\t\t\t\t\t<\/div>\n\t\t\t\t\t\t\t\t\t\t<div>\n\t\t\t\t\t\t\t\t\t\t\t<a class=\"button-m\" href=\"https:\/\/geometriktarget.com\/fr\/sol-salle-sport\/personnalise-ta-salle-de-sport\/\">Voir les produits<\/a>\n\t\t\t\t\t\t\t\t\t\t<\/div>\n\t\t\t\t\t\t\t\t\t<\/div>\n\t\t\t\t\t\t\t\t<\/div>\n\t\t\t\t\t\t\t<\/div>\n\t\t\t\t\t\t<\/div>\n\t\t\t\t\t\t\t\t\t\t\t<div class=\"item swiper-slide\">\n\t\t\t\t\t\t\t<div class=\"swiper-slide-container flex\">\n\t\t\t\t\t\t\t\t<div class=\"flex-1 min-w-50\">\n\t\t\t\t\t\t\t\t\t<a href=\"https:\/\/geometriktarget.com\/fr\/sol-salle-sport\/sols-en-caoutchouc\/\"><img decoding=\"async\" class=\"item-thumbnail img-cover\" alt=\"Pavimentos de Borracha Teste\" src=\"https:\/\/geometriktarget.com\/wp-content\/uploads\/2024\/03\/familia-produto-pavimentos-borracha-310x420.jpg\"><\/a>\n\t\t\t\t\t\t\t\t<\/div>\n\t\t\t\t\t\t\t\t<div class=\"flex-1 min-w-50 bg-white flex flex-col\">\n\t\t\t\t\t\t\t\t\t<div class=\"item-info p-block-30 p-inline-20 flex flex-col gap-20 flex-space-between h-100\">\n\t\t\t\t\t\t\t\t\t\t<div class=\"item-header flex flex-col flex-align-start gap-10\">\n\t\t\t\t\t\t\t\t\t\t\t<h2 class=\"m-0\">Sols en Caoutchouc<\/h2>\n\t\t\t\t\t\t\t\t\t\t\tGarantit les meilleures performances et la s\u00e9curit\u00e9 dans les espaces sportifs, les salles de fitness et les gymnases avec le rev\u00eatement de sol appropri\u00e9.\t\t\t\t\t\t\t\t\t\t<\/div>\n\t\t\t\t\t\t\t\t\t\t<div>\n\t\t\t\t\t\t\t\t\t\t\t<a class=\"button-m\" href=\"https:\/\/geometriktarget.com\/fr\/sol-salle-sport\/sols-en-caoutchouc\/\">Voir les produits<\/a>\n\t\t\t\t\t\t\t\t\t\t<\/div>\n\t\t\t\t\t\t\t\t\t<\/div>\n\t\t\t\t\t\t\t\t<\/div>\n\t\t\t\t\t\t\t<\/div>\n\t\t\t\t\t\t<\/div>\n\t\t\t\t\t\t\t\t\t\t\t<div class=\"item swiper-slide\">\n\t\t\t\t\t\t\t<div class=\"swiper-slide-container flex\">\n\t\t\t\t\t\t\t\t<div class=\"flex-1 min-w-50\">\n\t\t\t\t\t\t\t\t\t<a href=\"https:\/\/geometriktarget.com\/fr\/sol-salle-sport\/gazon-artificiel\/\"><img decoding=\"async\" class=\"item-thumbnail img-cover\" alt=\"Gazon Artificiel\" src=\"https:\/\/geometriktarget.com\/wp-content\/uploads\/2024\/03\/familia-produto-relvas-artificiais-310x420.jpg\"><\/a>\n\t\t\t\t\t\t\t\t<\/div>\n\t\t\t\t\t\t\t\t<div class=\"flex-1 min-w-50 bg-white flex flex-col\">\n\t\t\t\t\t\t\t\t\t<div class=\"item-info p-block-30 p-inline-20 flex flex-col gap-20 flex-space-between h-100\">\n\t\t\t\t\t\t\t\t\t\t<div class=\"item-header flex flex-col flex-align-start gap-10\">\n\t\t\t\t\t\t\t\t\t\t\t<h2 class=\"m-0\">Gazon Artificiel<\/h2>\n\t\t\t\t\t\t\t\t\t\t\tUtilise les gazons artificiels dans ton gymnase, pour offrir plus de confort et de polyvalence dans les entra\u00eenements de tes athl\u00e8tes.\t\t\t\t\t\t\t\t\t\t<\/div>\n\t\t\t\t\t\t\t\t\t\t<div>\n\t\t\t\t\t\t\t\t\t\t\t<a class=\"button-m\" href=\"https:\/\/geometriktarget.com\/fr\/sol-salle-sport\/gazon-artificiel\/\">Voir les produits<\/a>\n\t\t\t\t\t\t\t\t\t\t<\/div>\n\t\t\t\t\t\t\t\t\t<\/div>\n\t\t\t\t\t\t\t\t<\/div>\n\t\t\t\t\t\t\t<\/div>\n\t\t\t\t\t\t<\/div>\n\t\t\t\t\t\t\t\t\t<\/div>\n\t\t\t\t\t\t\t\t\t<div class=\"pagination\"><\/div>\n\t\t\t\t\t<script>\n\t\t\t\t\t\tconst productFamiliesSwiperActive = true;\n\t\t\t\t\t<\/script>\n\t\t\t\t\t\t\t<\/div>\n\t\t\t<\/div><\/div>\n<\/div>\n\n\n\n<div class=\"wp-block-group alignfull has-white-background-color has-background has-global-padding is-layout-constrained wp-container-core-group-is-layout-0ac99041 wp-block-group-is-layout-constrained\" style=\"padding-top:var(--wp--preset--spacing--60);padding-right:var(--wp--preset--spacing--30);padding-bottom:var(--wp--preset--spacing--60);padding-left:var(--wp--preset--spacing--30)\">\n<div class=\"wp-block-group alignwide is-layout-flow wp-block-group-is-layout-flow\">\n<p class=\"has-text-align-center has-black-color has-text-color has-link-color has-x-large-font-size wp-elements-cb2de361798f7e1f9ec898f69b499d78\" style=\"margin-bottom:var(--wp--preset--spacing--40);font-style:normal;font-weight:700\">Ce que disent nos clients<\/p>\n\n\n<\/div>\n<\/div>\n\n\n\n<div class=\"wp-block-group alignfull has-global-padding is-layout-constrained wp-container-core-group-is-layout-c5292bcf wp-block-group-is-layout-constrained\" style=\"padding-top:var(--wp--preset--spacing--60);padding-right:var(--wp--preset--spacing--30);padding-bottom:var(--wp--preset--spacing--60);padding-left:var(--wp--preset--spacing--30)\">\n<h2 class=\"wp-block-heading has-text-align-center\">Derniers articles du blog Geometrik<\/h2>\n\n\n\n<hr class=\"wp-block-separator has-alpha-channel-opacity is-style-separator-geometrik\" style=\"margin-top:var(--wp--preset--spacing--30);margin-bottom:var(--wp--preset--spacing--30)\"\/>\n\n\n\n<p class=\"has-text-align-center has-medium-font-size\"><\/p>\n\n\n\n<div class=\"wp-block-group alignwide is-layout-flow wp-block-group-is-layout-flow\" style=\"padding-top:var(--wp--preset--spacing--40);padding-bottom:var(--wp--preset--spacing--40)\"><div class=\"blog wp-block-mindprocess-featured-posts\">\n\t<div class=\"grid-container grid grid-3\"><div class=\"featured-item relative flex flex-col flex-space-between relative blog-item\"><div class=\"item-terms\"><div class=\"item-term\"><a href=\"https:\/\/geometriktarget.com\/fr\/blog\/categorie\/revetements-de-sol\/\">Rev\u00eatements de Sol<\/a><\/div><\/div><a href=\"https:\/\/geometriktarget.com\/fr\/blog\/sol-sportif\/\"><img decoding=\"async\" class=\"item-thumbnail\" src=\"https:\/\/geometriktarget.com\/wp-content\/uploads\/2024\/09\/0.-imagem_destaque_2410_bl01-400x260.jpg\" alt=\"M\u00e1quinas de remo num gin\u00e1sio\"><\/a><div class=\"item-info flex flex-col flex-align-center flex-1\"><div class=\"item-title p-20 p-b-20 flex-1 text-center\">Sol sportif\u00a0: la meilleure solution pour chaque espace sportif<\/div><div class=\"flex flex-space-between flex-align-center p-inline-20 m-b-20 w-100\"><div class=\"date\">10 Sep 2024<\/div><a class=\"button-m\" href=\"https:\/\/geometriktarget.com\/fr\/blog\/sol-sportif\/\">Lire l&rsquo;article<\/a><\/div><\/div><\/div><div class=\"featured-item relative flex flex-col flex-space-between relative blog-item\"><div class=\"item-terms\"><div class=\"item-term\"><a href=\"https:\/\/geometriktarget.com\/fr\/blog\/categorie\/conseils-salles-de-sport\/\">Salles de sport<\/a><\/div><\/div><a href=\"https:\/\/geometriktarget.com\/fr\/blog\/le-plan-des-90-premiers-jours-comment-ne-pas-perdre-de-clients-surtout-au-debut\/\"><img decoding=\"async\" class=\"item-thumbnail\" src=\"https:\/\/geometriktarget.com\/wp-content\/uploads\/2026\/04\/Design-sem-nome-15-400x260.png\" alt=\"Le Plan des 90 Premiers Jours : Comment ne pas perdre de clients, surtout au d\u00e9but\"><\/a><div class=\"item-info flex flex-col flex-align-center flex-1\"><div class=\"item-title p-20 p-b-20 flex-1 text-center\">Le Plan des 90 Premiers Jours : Comment ne pas perdre de clients, surtout au d\u00e9but<\/div><div class=\"flex flex-space-between flex-align-center p-inline-20 m-b-20 w-100\"><div class=\"date\">10 Avr 2026<\/div><a class=\"button-m\" href=\"https:\/\/geometriktarget.com\/fr\/blog\/le-plan-des-90-premiers-jours-comment-ne-pas-perdre-de-clients-surtout-au-debut\/\">Lire l&rsquo;article<\/a><\/div><\/div><\/div><div class=\"featured-item relative flex flex-col flex-space-between relative blog-item\"><div class=\"item-terms\"><div class=\"item-term\"><a href=\"https:\/\/geometriktarget.com\/fr\/blog\/categorie\/revetements-de-sol\/\">Rev\u00eatements de Sol<\/a><\/div><\/div><a href=\"https:\/\/geometriktarget.com\/fr\/blog\/sol-caoutchouc-salle-sport\/\"><img decoding=\"async\" class=\"item-thumbnail\" src=\"https:\/\/geometriktarget.com\/wp-content\/uploads\/2024\/05\/imagem_destaque-400x260.jpg\" alt=\"Pourquoi avoir un rev\u00eatement de sol en caoutchouc \u00e0 la salle de sport ?\"><\/a><div class=\"item-info flex flex-col flex-align-center flex-1\"><div class=\"item-title p-20 p-b-20 flex-1 text-center\">Pourquoi avoir un rev\u00eatement de sol en caoutchouc \u00e0 la salle de sport ?<\/div><div class=\"flex flex-space-between flex-align-center p-inline-20 m-b-20 w-100\"><div class=\"date\">28 Mai 2024<\/div><a class=\"button-m\" href=\"https:\/\/geometriktarget.com\/fr\/blog\/sol-caoutchouc-salle-sport\/\">Lire l&rsquo;article<\/a><\/div><\/div><\/div><\/div><\/div>\n<style>\n\t.grid-container {\n\t\trow-gap: 0px;\n\t\tcolumn-gap: 40px;\n\t}\n<\/style><\/div>\n\n\n\n<p class=\"has-text-align-center\"><a href=\"https:\/\/geometriktarget.com\/fr\/blog\/\" data-type=\"page\" data-id=\"77\">Voir tous les articles<\/a><\/p>\n<\/div>\n","protected":false},"excerpt":{"rendered":"<p>Trouve le rev\u00eatement le plus adapt\u00e9 pour assurer : Produits phares D\u00e9couvre les produits pr\u00e9f\u00e9r\u00e9s de nos clients. Voir toutes les solutions de rev\u00eatement de sol Ce que disent nos clients Derniers articles du blog Geometrik Voir tous les articles<\/p>\n","protected":false},"author":1,"featured_media":0,"parent":0,"menu_order":77,"comment_status":"closed","ping_status":"closed","template":"","meta":{"_acf_changed":false,"footnotes":""},"class_list":["post-2364","page","type-page","status-publish","hentry"],"acf":[],"_links":{"self":[{"href":"https:\/\/geometriktarget.com\/fr\/wp-json\/wp\/v2\/pages\/2364","targetHints":{"allow":["GET"]}}],"collection":[{"href":"https:\/\/geometriktarget.com\/fr\/wp-json\/wp\/v2\/pages"}],"about":[{"href":"https:\/\/geometriktarget.com\/fr\/wp-json\/wp\/v2\/types\/page"}],"author":[{"embeddable":true,"href":"https:\/\/geometriktarget.com\/fr\/wp-json\/wp\/v2\/users\/1"}],"replies":[{"embeddable":true,"href":"https:\/\/geometriktarget.com\/fr\/wp-json\/wp\/v2\/comments?post=2364"}],"version-history":[{"count":9,"href":"https:\/\/geometriktarget.com\/fr\/wp-json\/wp\/v2\/pages\/2364\/revisions"}],"predecessor-version":[{"id":5612,"href":"https:\/\/geometriktarget.com\/fr\/wp-json\/wp\/v2\/pages\/2364\/revisions\/5612"}],"wp:attachment":[{"href":"https:\/\/geometriktarget.com\/fr\/wp-json\/wp\/v2\/media?parent=2364"}],"curies":[{"name":"wp","href":"https:\/\/api.w.org\/{rel}","templated":true}]}}