{"id":4157,"date":"2024-03-07T21:21:23","date_gmt":"2024-03-07T21:21:23","guid":{"rendered":"http:\/\/geometrik.local\/contactos\/"},"modified":"2024-04-12T08:53:45","modified_gmt":"2024-04-12T07:53:45","slug":"contacts","status":"publish","type":"page","link":"https:\/\/geometriktarget.com\/fr\/contacts\/","title":{"rendered":"Contacts"},"content":{"rendered":"\n<div class=\"wp-block-group p-block-40 p-inline-30 xxs-p-30 has-white-background-color has-background has-global-padding is-layout-constrained wp-block-group-is-layout-constrained\">\n<div class=\"wp-block-group m-text-center has-global-padding is-layout-constrained wp-block-group-is-layout-constrained\" style=\"margin-bottom:var(--wp--preset--spacing--40)\">\n<h2 class=\"wp-block-heading\">Contacts<\/h2>\n\n\n\n<p>Nous sommes \u00e0 ta disposition pour tout compl\u00e9ment d\u2019information.<br>Tu peux \u00e9galement consulter la rubrique <a href=\"https:\/\/geometriktarget.com\/fr\/foire-aux-questions\/\" data-type=\"page\" data-id=\"4620\">Foire aux Questions<\/a>.<\/p>\n<\/div>\n\n\n\n<div class=\"wp-block-group flex gap-40 m-flex-col-reverse has-global-padding is-layout-constrained wp-block-group-is-layout-constrained\">\n<div class=\"wp-block-group flex-1 is-layout-flow wp-block-group-is-layout-flow\">\n<div class=\"wp-block-group flex gap-20 is-layout-flow wp-block-group-is-layout-flow\" style=\"margin-bottom:var(--wp--preset--spacing--40)\">\n<figure class=\"wp-block-image size-full is-resized\"><img loading=\"lazy\" decoding=\"async\" width=\"120\" height=\"120\" src=\"https:\/\/geometriktarget.com\/wp-content\/uploads\/2024\/04\/aconselhamento-tecnico.svg\" alt=\"\" class=\"wp-image-4745\" style=\"width:50px\" srcset=\"https:\/\/geometriktarget.com\/wp-content\/uploads\/2024\/04\/aconselhamento-tecnico.svg 150w, https:\/\/geometriktarget.com\/wp-content\/uploads\/2024\/04\/aconselhamento-tecnico.svg 300w, https:\/\/geometriktarget.com\/wp-content\/uploads\/2024\/04\/aconselhamento-tecnico.svg 1024w, https:\/\/geometriktarget.com\/wp-content\/uploads\/2024\/04\/aconselhamento-tecnico.svg 1536w, https:\/\/geometriktarget.com\/wp-content\/uploads\/2024\/04\/aconselhamento-tecnico.svg 2048w, https:\/\/geometriktarget.com\/wp-content\/uploads\/2024\/04\/aconselhamento-tecnico.svg 100w, https:\/\/geometriktarget.com\/wp-content\/uploads\/2024\/04\/aconselhamento-tecnico.svg 400w, https:\/\/geometriktarget.com\/wp-content\/uploads\/2024\/04\/aconselhamento-tecnico.svg 620w, https:\/\/geometriktarget.com\/wp-content\/uploads\/2024\/04\/aconselhamento-tecnico.svg 120w\" sizes=\"auto, (max-width: 120px) 100vw, 120px\" \/><\/figure>\n\n\n\n<div class=\"wp-block-group has-global-padding is-layout-constrained wp-block-group-is-layout-constrained\">\n<h3 class=\"wp-block-heading has-medium-font-size\">Si\u00e8ge<\/h3>\n\n\n\n<p>Rua Fam\u00edlia Malaquias, Lote 2<br>3880-327 Ovar<br>Portugal<\/p>\n\n\n\n<p class=\"has-small-font-size\"><a href=\"https:\/\/maps.app.goo.gl\/6zqYwdfzgZQLjxPh9\" target=\"_blank\" rel=\"noreferrer noopener\">Voir emplacement<\/a><\/p>\n<\/div>\n<\/div>\n\n\n\n<div class=\"wp-block-group flex gap-20 is-layout-flow wp-block-group-is-layout-flow\" style=\"margin-bottom:var(--wp--preset--spacing--40)\">\n<figure class=\"wp-block-image size-full is-resized\"><img loading=\"lazy\" decoding=\"async\" width=\"120\" height=\"120\" src=\"https:\/\/geometriktarget.com\/wp-content\/uploads\/2024\/04\/servico-pos-venda.svg\" alt=\"\" class=\"wp-image-4735\" style=\"width:50px\" srcset=\"https:\/\/geometriktarget.com\/wp-content\/uploads\/2024\/04\/servico-pos-venda.svg 150w, https:\/\/geometriktarget.com\/wp-content\/uploads\/2024\/04\/servico-pos-venda.svg 300w, https:\/\/geometriktarget.com\/wp-content\/uploads\/2024\/04\/servico-pos-venda.svg 1024w, https:\/\/geometriktarget.com\/wp-content\/uploads\/2024\/04\/servico-pos-venda.svg 1536w, https:\/\/geometriktarget.com\/wp-content\/uploads\/2024\/04\/servico-pos-venda.svg 2048w, https:\/\/geometriktarget.com\/wp-content\/uploads\/2024\/04\/servico-pos-venda.svg 100w, https:\/\/geometriktarget.com\/wp-content\/uploads\/2024\/04\/servico-pos-venda.svg 400w, https:\/\/geometriktarget.com\/wp-content\/uploads\/2024\/04\/servico-pos-venda.svg 620w, https:\/\/geometriktarget.com\/wp-content\/uploads\/2024\/04\/servico-pos-venda.svg 120w\" sizes=\"auto, (max-width: 120px) 100vw, 120px\" \/><\/figure>\n\n\n\n<div class=\"wp-block-group has-global-padding is-layout-constrained wp-block-group-is-layout-constrained\">\n<h3 class=\"wp-block-heading has-medium-font-size\">T\u00e9l\u00e9phone<\/h3>\n\n\n\n<p>FR <a href=\"tel:+33756796332\">(+33) 756 796 332<\/a><\/p>\n\n\n\n<p>Du lundi au jeudi : De 9h30 \u00e0 19h00<br>Vendredi : De 9h30 \u00e0 13h30<\/p>\n<\/div>\n<\/div>\n\n\n\n<div class=\"wp-block-group flex gap-20 is-layout-flow wp-block-group-is-layout-flow\">\n<figure class=\"wp-block-image size-full is-resized\"><img loading=\"lazy\" decoding=\"async\" width=\"120\" height=\"120\" src=\"https:\/\/geometriktarget.com\/wp-content\/uploads\/2024\/04\/email.svg\" alt=\"\" class=\"wp-image-4787\" style=\"width:50px\" srcset=\"https:\/\/geometriktarget.com\/wp-content\/uploads\/2024\/04\/email.svg 150w, https:\/\/geometriktarget.com\/wp-content\/uploads\/2024\/04\/email.svg 300w, https:\/\/geometriktarget.com\/wp-content\/uploads\/2024\/04\/email.svg 1024w, https:\/\/geometriktarget.com\/wp-content\/uploads\/2024\/04\/email.svg 1536w, https:\/\/geometriktarget.com\/wp-content\/uploads\/2024\/04\/email.svg 2048w, https:\/\/geometriktarget.com\/wp-content\/uploads\/2024\/04\/email.svg 100w, https:\/\/geometriktarget.com\/wp-content\/uploads\/2024\/04\/email.svg 400w, https:\/\/geometriktarget.com\/wp-content\/uploads\/2024\/04\/email.svg 620w, https:\/\/geometriktarget.com\/wp-content\/uploads\/2024\/04\/email.svg 120w\" sizes=\"auto, (max-width: 120px) 100vw, 120px\" \/><\/figure>\n\n\n\n<div class=\"wp-block-group has-global-padding is-layout-constrained wp-block-group-is-layout-constrained\">\n<h3 class=\"wp-block-heading has-medium-font-size\">Courriel<\/h3>\n\n\n\n<p><a href=\"mailto:info@geometriktarget.com\">info@geometriktarget.com<\/a><\/p>\n<\/div>\n<\/div>\n<\/div>\n\n\n\n<div class=\"wp-block-group flex-1 has-global-padding is-layout-constrained wp-block-group-is-layout-constrained\"><div class=\"\"><div class='_form_135'><\/div><script type='text\/javascript' src='https:\/\/geometriktarget.activehosted.com\/f\/embed.php?static=0&id=135&69E00B61C9865&nostyles=0&preview=0'><\/script><\/div><\/div>\n<\/div>\n<\/div>\n","protected":false},"excerpt":{"rendered":"<p>Contacts Nous sommes \u00e0 ta disposition pour tout compl\u00e9ment d\u2019information.Tu peux \u00e9galement consulter la rubrique Foire aux Questions. Si\u00e8ge Rua Fam\u00edlia Malaquias, Lote 23880-327 OvarPortugal Voir emplacement T\u00e9l\u00e9phone FR (+33) 756 796 332 Du lundi au jeudi : De 9h30 \u00e0 19h00Vendredi : De 9h30 \u00e0 13h30 Courriel info@geometriktarget.com<\/p>\n","protected":false},"author":1,"featured_media":0,"parent":0,"menu_order":74,"comment_status":"closed","ping_status":"closed","template":"","meta":{"_acf_changed":false,"footnotes":""},"class_list":["post-4157","page","type-page","status-publish","hentry"],"acf":[],"_links":{"self":[{"href":"https:\/\/geometriktarget.com\/fr\/wp-json\/wp\/v2\/pages\/4157","targetHints":{"allow":["GET"]}}],"collection":[{"href":"https:\/\/geometriktarget.com\/fr\/wp-json\/wp\/v2\/pages"}],"about":[{"href":"https:\/\/geometriktarget.com\/fr\/wp-json\/wp\/v2\/types\/page"}],"author":[{"embeddable":true,"href":"https:\/\/geometriktarget.com\/fr\/wp-json\/wp\/v2\/users\/1"}],"replies":[{"embeddable":true,"href":"https:\/\/geometriktarget.com\/fr\/wp-json\/wp\/v2\/comments?post=4157"}],"version-history":[{"count":17,"href":"https:\/\/geometriktarget.com\/fr\/wp-json\/wp\/v2\/pages\/4157\/revisions"}],"predecessor-version":[{"id":5375,"href":"https:\/\/geometriktarget.com\/fr\/wp-json\/wp\/v2\/pages\/4157\/revisions\/5375"}],"wp:attachment":[{"href":"https:\/\/geometriktarget.com\/fr\/wp-json\/wp\/v2\/media?parent=4157"}],"curies":[{"name":"wp","href":"https:\/\/api.w.org\/{rel}","templated":true}]}}