{"id":4216,"date":"2024-03-15T18:38:51","date_gmt":"2024-03-15T18:38:51","guid":{"rendered":"http:\/\/geometrik.local\/revetements-de-sol\/relvas-artificiais\/"},"modified":"2026-04-20T19:45:27","modified_gmt":"2026-04-20T18:45:27","slug":"gazon-artificiel","status":"publish","type":"page","link":"https:\/\/geometriktarget.com\/fr\/sol-salle-sport\/gazon-artificiel\/","title":{"rendered":"Gazon Artificiel"},"content":{"rendered":"\n<div class=\"wp-block-group p-block-60 p-inline-30 xs-p-block-30 xs-p-inline-0 has-global-padding is-layout-constrained wp-block-group-is-layout-constrained\">\n<div class=\"wp-block-group alignwide is-layout-flow wp-block-group-is-layout-flow\">\n<div class=\"wp-block-group xs-p-inline-30 is-layout-flow wp-block-group-is-layout-flow\">\n<h1 class=\"wp-block-heading has-text-align-center\">Gazon Artificiel<\/h1>\n\n\n\n<hr class=\"wp-block-separator has-alpha-channel-opacity is-style-separator-geometrik\"\/>\n\n\n\n<p class=\"has-text-align-center has-medium-font-size\" style=\"margin-bottom:var(--wp--preset--spacing--40)\">Optimisez la s\u00e9curit\u00e9, le confort et les performances de votre espace d\u2019entra\u00eenement avec le bon rev\u00eatement de sol.<\/p>\n<\/div>\n\n\n\n<div class=\"wp-block-query display-grid is-layout-flow wp-block-query-is-layout-flow\"><ul class=\"grid grid-2 gap-40 l-grid-1 xs-gap-0 wp-block-post-template is-layout-flow wp-block-post-template-is-layout-flow\"><li class=\"wp-block-post post-4040 pavimento-ginasio type-pavimento-ginasio status-publish has-post-thumbnail hentry tipo-pavimento-gazon-artificiel aplicacao-pavimento-crossfit-cross-training-fr aplicacao-pavimento-entrainement-fonctionnel aplicacao-pavimento-golf-fr aplicacao-pavimento-homegym-fr aplicacao-pavimento-pistes-de-sprint\">\n\n<div class=\"wp-block-group flex product-loop-item has-white-background-color has-background is-layout-flow wp-block-group-is-layout-flow\" style=\"padding-top:0;padding-right:0;padding-bottom:0;padding-left:0\"><figure class=\"flex-1 max-w-50 m-max-w-100 product-loop-image wp-block-post-featured-image\"><a href=\"https:\/\/geometriktarget.com\/fr\/sol-salle-sport\/gazon-sport-curledtrail\/\" target=\"_self\"  ><img loading=\"lazy\" decoding=\"async\" width=\"900\" height=\"900\" src=\"https:\/\/geometriktarget.com\/wp-content\/uploads\/2024\/03\/pavimento-curledtrail-1.jpg\" class=\"attachment-post-thumbnail size-post-thumbnail wp-post-image\" alt=\"CurledTrail\" style=\"object-fit:cover;\" srcset=\"https:\/\/geometriktarget.com\/wp-content\/uploads\/2024\/03\/pavimento-curledtrail-1.jpg 900w, https:\/\/geometriktarget.com\/wp-content\/uploads\/2024\/03\/pavimento-curledtrail-1-300x300.jpg 300w, https:\/\/geometriktarget.com\/wp-content\/uploads\/2024\/03\/pavimento-curledtrail-1-150x150.jpg 150w, https:\/\/geometriktarget.com\/wp-content\/uploads\/2024\/03\/pavimento-curledtrail-1-768x768.jpg 768w, https:\/\/geometriktarget.com\/wp-content\/uploads\/2024\/03\/pavimento-curledtrail-1-100x100.jpg 100w, https:\/\/geometriktarget.com\/wp-content\/uploads\/2024\/03\/pavimento-curledtrail-1-400x400.jpg 400w, https:\/\/geometriktarget.com\/wp-content\/uploads\/2024\/03\/pavimento-curledtrail-1-620x620.jpg 620w\" sizes=\"auto, (max-width: 900px) 100vw, 900px\" \/><\/a><\/figure>\n\n\n<div class=\"wp-block-group flex-1 max-w-50 flex flex-col flex-space-between flex-align-start m-max-w-100 is-layout-flow wp-block-group-is-layout-flow\" style=\"padding-top:var(--wp--preset--spacing--20);padding-right:var(--wp--preset--spacing--20);padding-bottom:var(--wp--preset--spacing--20);padding-left:var(--wp--preset--spacing--20)\">\n<div class=\"wp-block-group is-layout-flow wp-container-core-group-is-layout-9b635ac4 wp-block-group-is-layout-flow\"><h2 class=\"has-link-color wp-elements-19c43d4948cf522f1245508ca23b2abe wp-block-post-title has-text-color has-black-color\">CurledTrail<\/h2>\n\n\n<div class=\"wp-block-group is-layout-flow wp-container-core-group-is-layout-81d5c4b5 wp-block-group-is-layout-flow\">\n<h3 class=\"wp-block-heading has-primary-color has-text-color has-link-color has-medium-font-size wp-elements-8494a6a693b1dc1e757656ce4f6b885d\" style=\"font-style:normal;font-weight:600;line-height:1.2\">Gazon synth\u00e9tique en rouleau<\/h3>\n\n\n\n<p class=\"short-intro\" style=\"line-height:1.2\">Optimise la pratique des exercices de traction et de glisse<\/p>\n\n\n<div class=\"icons taxonomy-terms flex flex-col gap-10 wp-elements-4e45418efed07dc352207650756e34ae wp-block-mindprocess-display-taxonomy has-text-color has-dark-grey-color\">\n<div class=\"term small\">CrossFit\/Cross Training<\/div><div class=\"term small\">Entra\u00eenement fonctionnel<\/div><div class=\"term small\">Golf<\/div><div class=\"term small\">HomeGym<\/div><\/div><\/div>\n<\/div>\n\n\n\n<div class=\"wp-block-group is-layout-flow wp-container-core-group-is-layout-81d5c4b5 wp-block-group-is-layout-flow\"><a href=\"https:\/\/geometriktarget.com\/fr\/sol-salle-sport\/gazon-sport-curledtrail\/\" class=\"wp-elements-0f432b84afb13c1f3983158b2fc0ff33 wp-block-mindprocess-read-more has-text-color has-white-color\">\n\tEn savoir plus<\/a><\/div>\n<\/div>\n<\/div>\n\n<\/li><li class=\"wp-block-post post-6787 pavimento-ginasio type-pavimento-ginasio status-publish has-post-thumbnail hentry tipo-pavimento-gazon-artificiel aplicacao-pavimento-crossfit-cross-training-fr aplicacao-pavimento-entrainement-fonctionnel aplicacao-pavimento-homegym-fr aplicacao-pavimento-multisport aplicacao-pavimento-salles-de-sport\">\n\n<div class=\"wp-block-group flex product-loop-item has-white-background-color has-background is-layout-flow wp-block-group-is-layout-flow\" style=\"padding-top:0;padding-right:0;padding-bottom:0;padding-left:0\"><figure class=\"flex-1 max-w-50 m-max-w-100 product-loop-image wp-block-post-featured-image\"><a href=\"https:\/\/geometriktarget.com\/fr\/sol-salle-sport\/multitrail\/\" target=\"_self\"  ><img loading=\"lazy\" decoding=\"async\" width=\"900\" height=\"900\" src=\"https:\/\/geometriktarget.com\/wp-content\/uploads\/2024\/05\/X_multitrail_verde_aplicada.jpg\" class=\"attachment-post-thumbnail size-post-thumbnail wp-post-image\" alt=\"MultiTrail\" style=\"object-fit:cover;\" srcset=\"https:\/\/geometriktarget.com\/wp-content\/uploads\/2024\/05\/X_multitrail_verde_aplicada.jpg 900w, https:\/\/geometriktarget.com\/wp-content\/uploads\/2024\/05\/X_multitrail_verde_aplicada-300x300.jpg 300w, https:\/\/geometriktarget.com\/wp-content\/uploads\/2024\/05\/X_multitrail_verde_aplicada-150x150.jpg 150w, https:\/\/geometriktarget.com\/wp-content\/uploads\/2024\/05\/X_multitrail_verde_aplicada-768x768.jpg 768w, https:\/\/geometriktarget.com\/wp-content\/uploads\/2024\/05\/X_multitrail_verde_aplicada-100x100.jpg 100w, https:\/\/geometriktarget.com\/wp-content\/uploads\/2024\/05\/X_multitrail_verde_aplicada-400x400.jpg 400w, https:\/\/geometriktarget.com\/wp-content\/uploads\/2024\/05\/X_multitrail_verde_aplicada-620x620.jpg 620w\" sizes=\"auto, (max-width: 900px) 100vw, 900px\" \/><\/a><\/figure>\n\n\n<div class=\"wp-block-group flex-1 max-w-50 flex flex-col flex-space-between flex-align-start m-max-w-100 is-layout-flow wp-block-group-is-layout-flow\" style=\"padding-top:var(--wp--preset--spacing--20);padding-right:var(--wp--preset--spacing--20);padding-bottom:var(--wp--preset--spacing--20);padding-left:var(--wp--preset--spacing--20)\">\n<div class=\"wp-block-group is-layout-flow wp-container-core-group-is-layout-9b635ac4 wp-block-group-is-layout-flow\"><h2 class=\"has-link-color wp-elements-19c43d4948cf522f1245508ca23b2abe wp-block-post-title has-text-color has-black-color\">MultiTrail<\/h2>\n\n\n<div class=\"wp-block-group is-layout-flow wp-container-core-group-is-layout-81d5c4b5 wp-block-group-is-layout-flow\">\n<h3 class=\"wp-block-heading has-primary-color has-text-color has-link-color has-medium-font-size wp-elements-8494a6a693b1dc1e757656ce4f6b885d\" style=\"font-style:normal;font-weight:600;line-height:1.2\">Rouleau de gazon synth\u00e9tique<\/h3>\n\n\n\n<p class=\"short-intro\" style=\"line-height:1.2\">Confort et r\u00e9sistance pour les exercices de mobilit\u00e9 et de vitesse<\/p>\n\n\n<div class=\"icons taxonomy-terms flex flex-col gap-10 wp-elements-4e45418efed07dc352207650756e34ae wp-block-mindprocess-display-taxonomy has-text-color has-dark-grey-color\">\n<div class=\"term small\">CrossFit\/Cross Training<\/div><div class=\"term small\">Entra\u00eenement fonctionnel<\/div><div class=\"term small\">HomeGym<\/div><div class=\"term small\">Multisport<\/div><\/div><\/div>\n<\/div>\n\n\n\n<div class=\"wp-block-group is-layout-flow wp-container-core-group-is-layout-81d5c4b5 wp-block-group-is-layout-flow\"><a href=\"https:\/\/geometriktarget.com\/fr\/sol-salle-sport\/multitrail\/\" class=\"wp-elements-0f432b84afb13c1f3983158b2fc0ff33 wp-block-mindprocess-read-more has-text-color has-white-color\">\n\tEn savoir plus<\/a><\/div>\n<\/div>\n<\/div>\n\n<\/li><li class=\"wp-block-post post-4048 pavimento-ginasio type-pavimento-ginasio status-publish has-post-thumbnail hentry tipo-pavimento-gazon-artificiel aplicacao-pavimento-crossfit-cross-training-fr aplicacao-pavimento-homegym-fr aplicacao-pavimento-multisport aplicacao-pavimento-padel-fr aplicacao-pavimento-pistes-de-sprint aplicacao-pavimento-tennis-fr\">\n\n<div class=\"wp-block-group flex product-loop-item has-white-background-color has-background is-layout-flow wp-block-group-is-layout-flow\" style=\"padding-top:0;padding-right:0;padding-bottom:0;padding-left:0\"><figure class=\"flex-1 max-w-50 m-max-w-100 product-loop-image wp-block-post-featured-image\"><a href=\"https:\/\/geometriktarget.com\/fr\/sol-salle-sport\/gazon-sport-trail15hd\/\" target=\"_self\"  ><img loading=\"lazy\" decoding=\"async\" width=\"900\" height=\"900\" src=\"https:\/\/geometriktarget.com\/wp-content\/uploads\/2024\/03\/X_trail15hd_vermelha_utilizacao.jpg\" class=\"attachment-post-thumbnail size-post-thumbnail wp-post-image\" alt=\"Trail15HD\" style=\"object-fit:cover;\" srcset=\"https:\/\/geometriktarget.com\/wp-content\/uploads\/2024\/03\/X_trail15hd_vermelha_utilizacao.jpg 900w, https:\/\/geometriktarget.com\/wp-content\/uploads\/2024\/03\/X_trail15hd_vermelha_utilizacao-300x300.jpg 300w, https:\/\/geometriktarget.com\/wp-content\/uploads\/2024\/03\/X_trail15hd_vermelha_utilizacao-150x150.jpg 150w, https:\/\/geometriktarget.com\/wp-content\/uploads\/2024\/03\/X_trail15hd_vermelha_utilizacao-768x768.jpg 768w, https:\/\/geometriktarget.com\/wp-content\/uploads\/2024\/03\/X_trail15hd_vermelha_utilizacao-100x100.jpg 100w, https:\/\/geometriktarget.com\/wp-content\/uploads\/2024\/03\/X_trail15hd_vermelha_utilizacao-400x400.jpg 400w, https:\/\/geometriktarget.com\/wp-content\/uploads\/2024\/03\/X_trail15hd_vermelha_utilizacao-620x620.jpg 620w\" sizes=\"auto, (max-width: 900px) 100vw, 900px\" \/><\/a><\/figure>\n\n\n<div class=\"wp-block-group flex-1 max-w-50 flex flex-col flex-space-between flex-align-start m-max-w-100 is-layout-flow wp-block-group-is-layout-flow\" style=\"padding-top:var(--wp--preset--spacing--20);padding-right:var(--wp--preset--spacing--20);padding-bottom:var(--wp--preset--spacing--20);padding-left:var(--wp--preset--spacing--20)\">\n<div class=\"wp-block-group is-layout-flow wp-container-core-group-is-layout-9b635ac4 wp-block-group-is-layout-flow\"><h2 class=\"has-link-color wp-elements-19c43d4948cf522f1245508ca23b2abe wp-block-post-title has-text-color has-black-color\">Trail15HD<\/h2>\n\n\n<div class=\"wp-block-group is-layout-flow wp-container-core-group-is-layout-81d5c4b5 wp-block-group-is-layout-flow\">\n<h3 class=\"wp-block-heading has-primary-color has-text-color has-link-color has-medium-font-size wp-elements-8494a6a693b1dc1e757656ce4f6b885d\" style=\"font-style:normal;font-weight:600;line-height:1.2\">Gazon synth\u00e9tique en rouleau<\/h3>\n\n\n\n<p class=\"short-intro\" style=\"line-height:1.2\">R\u00e9sistance et adh\u00e9rence pour les exercices de haute intensit\u00e9<\/p>\n\n\n<div class=\"icons taxonomy-terms flex flex-col gap-10 wp-elements-4e45418efed07dc352207650756e34ae wp-block-mindprocess-display-taxonomy has-text-color has-dark-grey-color\">\n<div class=\"term small\">CrossFit\/Cross Training<\/div><div class=\"term small\">HomeGym<\/div><div class=\"term small\">Multisport<\/div><div class=\"term small\">Padel<\/div><\/div><\/div>\n<\/div>\n\n\n\n<div class=\"wp-block-group is-layout-flow wp-container-core-group-is-layout-81d5c4b5 wp-block-group-is-layout-flow\"><a href=\"https:\/\/geometriktarget.com\/fr\/sol-salle-sport\/gazon-sport-trail15hd\/\" class=\"wp-elements-0f432b84afb13c1f3983158b2fc0ff33 wp-block-mindprocess-read-more has-text-color has-white-color\">\n\tEn savoir plus<\/a><\/div>\n<\/div>\n<\/div>\n\n<\/li><li class=\"wp-block-post post-9022 pavimento-ginasio type-pavimento-ginasio status-publish has-post-thumbnail hentry tipo-pavimento-gazon-artificiel aplicacao-pavimento-crossfit-cross-training-fr aplicacao-pavimento-entrainement-fonctionnel aplicacao-pavimento-homegym-fr aplicacao-pavimento-multisport aplicacao-pavimento-salles-de-sport\">\n\n<div class=\"wp-block-group flex product-loop-item has-white-background-color has-background is-layout-flow wp-block-group-is-layout-flow\" style=\"padding-top:0;padding-right:0;padding-bottom:0;padding-left:0\"><figure class=\"flex-1 max-w-50 m-max-w-100 product-loop-image wp-block-post-featured-image\"><a href=\"https:\/\/geometriktarget.com\/fr\/sol-salle-sport\/gazon-sport-laddertrail\/\" target=\"_self\"  ><img loading=\"lazy\" decoding=\"async\" width=\"900\" height=\"900\" src=\"https:\/\/geometriktarget.com\/wp-content\/uploads\/2024\/06\/relva-ladder-site-7.jpg\" class=\"attachment-post-thumbnail size-post-thumbnail wp-post-image\" alt=\"LadderTrail\" style=\"object-fit:cover;\" srcset=\"https:\/\/geometriktarget.com\/wp-content\/uploads\/2024\/06\/relva-ladder-site-7.jpg 900w, https:\/\/geometriktarget.com\/wp-content\/uploads\/2024\/06\/relva-ladder-site-7-300x300.jpg 300w, https:\/\/geometriktarget.com\/wp-content\/uploads\/2024\/06\/relva-ladder-site-7-150x150.jpg 150w, https:\/\/geometriktarget.com\/wp-content\/uploads\/2024\/06\/relva-ladder-site-7-768x768.jpg 768w, https:\/\/geometriktarget.com\/wp-content\/uploads\/2024\/06\/relva-ladder-site-7-100x100.jpg 100w, https:\/\/geometriktarget.com\/wp-content\/uploads\/2024\/06\/relva-ladder-site-7-400x400.jpg 400w, https:\/\/geometriktarget.com\/wp-content\/uploads\/2024\/06\/relva-ladder-site-7-620x620.jpg 620w\" sizes=\"auto, (max-width: 900px) 100vw, 900px\" \/><\/a><\/figure>\n\n\n<div class=\"wp-block-group flex-1 max-w-50 flex flex-col flex-space-between flex-align-start m-max-w-100 is-layout-flow wp-block-group-is-layout-flow\" style=\"padding-top:var(--wp--preset--spacing--20);padding-right:var(--wp--preset--spacing--20);padding-bottom:var(--wp--preset--spacing--20);padding-left:var(--wp--preset--spacing--20)\">\n<div class=\"wp-block-group is-layout-flow wp-container-core-group-is-layout-9b635ac4 wp-block-group-is-layout-flow\"><h2 class=\"has-link-color wp-elements-19c43d4948cf522f1245508ca23b2abe wp-block-post-title has-text-color has-black-color\">LadderTrail<\/h2>\n\n\n<div class=\"wp-block-group is-layout-flow wp-container-core-group-is-layout-81d5c4b5 wp-block-group-is-layout-flow\">\n<h3 class=\"wp-block-heading has-primary-color has-text-color has-link-color has-medium-font-size wp-elements-8494a6a693b1dc1e757656ce4f6b885d\" style=\"font-style:normal;font-weight:600;line-height:1.2\">Gazon synth\u00e9tique en rouleau<\/h3>\n\n\n\n<p class=\"short-intro\" style=\"line-height:1.2\">Entra\u00eenements de vitesse et d&rsquo;agilit\u00e9 plus pr\u00e9cis.<\/p>\n\n\n<div class=\"icons taxonomy-terms flex flex-col gap-10 wp-elements-4e45418efed07dc352207650756e34ae wp-block-mindprocess-display-taxonomy has-text-color has-dark-grey-color\">\n<div class=\"term small\">CrossFit\/Cross Training<\/div><div class=\"term small\">Entra\u00eenement fonctionnel<\/div><div class=\"term small\">HomeGym<\/div><div class=\"term small\">Multisport<\/div><\/div><\/div>\n<\/div>\n\n\n\n<div class=\"wp-block-group is-layout-flow wp-container-core-group-is-layout-81d5c4b5 wp-block-group-is-layout-flow\"><a href=\"https:\/\/geometriktarget.com\/fr\/sol-salle-sport\/gazon-sport-laddertrail\/\" class=\"wp-elements-0f432b84afb13c1f3983158b2fc0ff33 wp-block-mindprocess-read-more has-text-color has-white-color\">\n\tEn savoir plus<\/a><\/div>\n<\/div>\n<\/div>\n\n<\/li><li class=\"wp-block-post post-9004 pavimento-ginasio type-pavimento-ginasio status-publish has-post-thumbnail hentry tipo-pavimento-gazon-artificiel tipo-pavimento-personnalisation-salle-de-sport aplicacao-pavimento-crossfit-cross-training-fr aplicacao-pavimento-entrainement-fonctionnel aplicacao-pavimento-homegym-fr aplicacao-pavimento-multisport aplicacao-pavimento-salles-de-sport\">\n\n<div class=\"wp-block-group flex product-loop-item has-white-background-color has-background is-layout-flow wp-block-group-is-layout-flow\" style=\"padding-top:0;padding-right:0;padding-bottom:0;padding-left:0\"><figure class=\"flex-1 max-w-50 m-max-w-100 product-loop-image wp-block-post-featured-image\"><a href=\"https:\/\/geometriktarget.com\/fr\/sol-salle-sport\/gazon-sport-customtrail\/\" target=\"_self\"  ><img loading=\"lazy\" decoding=\"async\" width=\"900\" height=\"900\" src=\"https:\/\/geometriktarget.com\/wp-content\/uploads\/2024\/06\/relva-costumizada-1-site.jpg\" class=\"attachment-post-thumbnail size-post-thumbnail wp-post-image\" alt=\"CustomTrail\" style=\"object-fit:cover;\" srcset=\"https:\/\/geometriktarget.com\/wp-content\/uploads\/2024\/06\/relva-costumizada-1-site.jpg 900w, https:\/\/geometriktarget.com\/wp-content\/uploads\/2024\/06\/relva-costumizada-1-site-300x300.jpg 300w, https:\/\/geometriktarget.com\/wp-content\/uploads\/2024\/06\/relva-costumizada-1-site-150x150.jpg 150w, https:\/\/geometriktarget.com\/wp-content\/uploads\/2024\/06\/relva-costumizada-1-site-768x768.jpg 768w, https:\/\/geometriktarget.com\/wp-content\/uploads\/2024\/06\/relva-costumizada-1-site-100x100.jpg 100w, https:\/\/geometriktarget.com\/wp-content\/uploads\/2024\/06\/relva-costumizada-1-site-400x400.jpg 400w, https:\/\/geometriktarget.com\/wp-content\/uploads\/2024\/06\/relva-costumizada-1-site-620x620.jpg 620w\" sizes=\"auto, (max-width: 900px) 100vw, 900px\" \/><\/a><\/figure>\n\n\n<div class=\"wp-block-group flex-1 max-w-50 flex flex-col flex-space-between flex-align-start m-max-w-100 is-layout-flow wp-block-group-is-layout-flow\" style=\"padding-top:var(--wp--preset--spacing--20);padding-right:var(--wp--preset--spacing--20);padding-bottom:var(--wp--preset--spacing--20);padding-left:var(--wp--preset--spacing--20)\">\n<div class=\"wp-block-group is-layout-flow wp-container-core-group-is-layout-9b635ac4 wp-block-group-is-layout-flow\"><h2 class=\"has-link-color wp-elements-19c43d4948cf522f1245508ca23b2abe wp-block-post-title has-text-color has-black-color\">CustomTrail<\/h2>\n\n\n<div class=\"wp-block-group is-layout-flow wp-container-core-group-is-layout-81d5c4b5 wp-block-group-is-layout-flow\">\n<h3 class=\"wp-block-heading has-primary-color has-text-color has-link-color has-medium-font-size wp-elements-8494a6a693b1dc1e757656ce4f6b885d\" style=\"font-style:normal;font-weight:600;line-height:1.2\">Gazon synth\u00e9tique customis\u00e9 <\/h3>\n\n\n\n<p class=\"short-intro\" style=\"line-height:1.2\">Espace haut de gamme confortable pour les entra\u00eenements de traction et de glissement.<\/p>\n\n\n<div class=\"icons taxonomy-terms flex flex-col gap-10 wp-elements-4e45418efed07dc352207650756e34ae wp-block-mindprocess-display-taxonomy has-text-color has-dark-grey-color\">\n<div class=\"term small\">CrossFit\/Cross Training<\/div><div class=\"term small\">Entra\u00eenement fonctionnel<\/div><div class=\"term small\">HomeGym<\/div><div class=\"term small\">Multisport<\/div><\/div><\/div>\n<\/div>\n\n\n\n<div class=\"wp-block-group is-layout-flow wp-container-core-group-is-layout-81d5c4b5 wp-block-group-is-layout-flow\"><a href=\"https:\/\/geometriktarget.com\/fr\/sol-salle-sport\/gazon-sport-customtrail\/\" class=\"wp-elements-0f432b84afb13c1f3983158b2fc0ff33 wp-block-mindprocess-read-more has-text-color has-white-color\">\n\tEn savoir plus<\/a><\/div>\n<\/div>\n<\/div>\n\n<\/li><\/ul>\n\n\n<div class=\"wp-block-group has-global-padding is-layout-constrained wp-block-group-is-layout-constrained\" style=\"padding-top:var(--wp--preset--spacing--20)\">\n\n<\/div>\n<\/div>\n<\/div>\n<\/div>\n\n\n\n<div class=\"wp-block-group cta-duvidas-container flex flex-justify-start flex-align-center xs-flex-align-end relative has-cta-background-color has-background has-global-padding is-layout-constrained wp-container-core-group-is-layout-f90d3be4 wp-block-group-is-layout-constrained\" style=\"min-height:313px;padding-top:var(--wp--preset--spacing--40);padding-right:var(--wp--preset--spacing--30);padding-bottom:var(--wp--preset--spacing--40);padding-left:var(--wp--preset--spacing--30);background-image:url(&apos;https:\/\/geometriktarget.com\/wp-content\/uploads\/2024\/04\/Design-sem-nome-6-1.png&apos;);background-position:78% 36%;background-size:cover;\">\n<div class=\"wp-block-group alignwide w-100 is-layout-flow wp-block-group-is-layout-flow\">\n<p><\/p>\n\n\n\n<h3 class=\"wp-block-heading has-primary-color has-text-color has-link-color has-x-large-font-size wp-elements-29c74a765837e61ee4159625811bb155\" style=\"margin-bottom:var(--wp--preset--spacing--60)\">Tu cherches d\u2019autres solutions ?<\/h3>\n\n\n\n<div class=\"wp-block-buttons is-layout-flex wp-block-buttons-is-layout-flex\">\n<div class=\"wp-block-button\"><a class=\"wp-block-button__link has-white-color has-cta-background-color has-text-color has-background has-link-color has-medium-font-size has-text-align-center has-custom-font-size wp-element-button\" href=\"https:\/\/api.whatsapp.com\/send?phone=33756796328&amp;utm_source=website&amp;utm_medium=whatsapp&amp;utm_campaign=botao\" style=\"padding-right:var(--wp--preset--spacing--30);padding-left:var(--wp--preset--spacing--30)\" target=\"_blank\" rel=\"noopener\">Envoie-nous un message!<\/a><\/div>\n<\/div>\n<\/div>\n<\/div>\n","protected":false},"excerpt":{"rendered":"<p>Utilise les gazons artificiels dans ton gymnase, pour offrir plus de confort et de polyvalence dans les entra\u00eenements de tes athl\u00e8tes.<\/p>\n","protected":false},"author":1,"featured_media":1363,"parent":3788,"menu_order":34,"comment_status":"closed","ping_status":"closed","template":"","meta":{"_acf_changed":false,"footnotes":""},"class_list":["post-4216","page","type-page","status-publish","has-post-thumbnail","hentry"],"acf":[],"_links":{"self":[{"href":"https:\/\/geometriktarget.com\/fr\/wp-json\/wp\/v2\/pages\/4216","targetHints":{"allow":["GET"]}}],"collection":[{"href":"https:\/\/geometriktarget.com\/fr\/wp-json\/wp\/v2\/pages"}],"about":[{"href":"https:\/\/geometriktarget.com\/fr\/wp-json\/wp\/v2\/types\/page"}],"author":[{"embeddable":true,"href":"https:\/\/geometriktarget.com\/fr\/wp-json\/wp\/v2\/users\/1"}],"replies":[{"embeddable":true,"href":"https:\/\/geometriktarget.com\/fr\/wp-json\/wp\/v2\/comments?post=4216"}],"version-history":[{"count":10,"href":"https:\/\/geometriktarget.com\/fr\/wp-json\/wp\/v2\/pages\/4216\/revisions"}],"predecessor-version":[{"id":12998,"href":"https:\/\/geometriktarget.com\/fr\/wp-json\/wp\/v2\/pages\/4216\/revisions\/12998"}],"up":[{"embeddable":true,"href":"https:\/\/geometriktarget.com\/fr\/wp-json\/wp\/v2\/pages\/3788"}],"wp:featuredmedia":[{"embeddable":true,"href":"https:\/\/geometriktarget.com\/fr\/wp-json\/wp\/v2\/media\/1363"}],"wp:attachment":[{"href":"https:\/\/geometriktarget.com\/fr\/wp-json\/wp\/v2\/media?parent=4216"}],"curies":[{"name":"wp","href":"https:\/\/api.w.org\/{rel}","templated":true}]}}