{"id":4643,"date":"2024-03-10T03:52:19","date_gmt":"2024-03-10T03:52:19","guid":{"rendered":"http:\/\/geometrik.local\/termos-e-condicoes\/"},"modified":"2024-04-12T08:51:22","modified_gmt":"2024-04-12T07:51:22","slug":"conditions-generales-dutilisation","status":"publish","type":"page","link":"https:\/\/geometriktarget.com\/fr\/conditions-generales-dutilisation\/","title":{"rendered":"Conditions G\u00e9n\u00e9rales d&rsquo;Utilisation du Site"},"content":{"rendered":"\n<div class=\"wp-block-group has-global-padding is-layout-constrained wp-container-core-group-is-layout-c5292bcf wp-block-group-is-layout-constrained\" style=\"padding-top:var(--wp--preset--spacing--60);padding-right:var(--wp--preset--spacing--30);padding-bottom:var(--wp--preset--spacing--60);padding-left:var(--wp--preset--spacing--30)\">\n<div class=\"wp-block-group has-global-padding is-layout-constrained wp-block-group-is-layout-constrained\">\n<h1 class=\"wp-block-heading has-text-align-center\">Conditions G\u00e9n\u00e9rales d&rsquo;Utilisation du Site<\/h1>\n\n\n\n<hr class=\"wp-block-separator has-alpha-channel-opacity is-style-separator-geometrik-left\"\/>\n\n\n\n<h3 class=\"wp-block-heading\">Propri\u00e9t\u00e9, contacts et service client<\/h3>\n\n\n\n<p>La soci\u00e9t\u00e9 Geometriktarget Lda (dor\u00e9navant Geometrik ou vendeur), sise Rua dos Carvalhais, n\u00ba&nbsp;320, 3885-033 Arada-Ovar, Portugal, personne morale immatricul\u00e9e sous le n\u00ba&nbsp;PT&nbsp;510&nbsp;385&nbsp;486, est le l\u00e9gitime propri\u00e9taire du site au domaine suivant&nbsp;: https:\/\/geometriktarget.com.<\/p>\n\n\n\n<p>En cas de doute sur les pr\u00e9sentes conditions g\u00e9n\u00e9rales d\u2019utilisation, contacte-nous&nbsp;:<\/p>\n\n\n\n<ul class=\"wp-block-list\">\n<li>par <strong>courriel<\/strong> : info@geometriktarget.com<\/li>\n\n\n\n<li>par <strong>courrier<\/strong> : Geometriktarget, Rua Fam\u00edlia Malaquias, Lote 2, 3880-327 Ovar&nbsp;;<\/li>\n\n\n\n<li>par <strong>t\u00e9l\u00e9phone<\/strong> : (+33) 178 906 727<\/li>\n<\/ul>\n\n\n\n<p>Note bien que GEOMETRIK peut unilat\u00e9ralement modifier, sans pr\u00e9avis, aussi bien ses contenus et services que les conditions g\u00e9n\u00e9rales d\u2019utilisation. Seront appliqu\u00e9es \u00e0 chaque commande les conditions en vigueur \u00e0 la date de la commande de l\u2019utilisateur.<\/p>\n\n\n\n<h3 class=\"wp-block-heading\">D\u00e9claration d\u2019acceptation<\/h3>\n\n\n\n<p>La navigation sur le site et\/ou des applications num\u00e9riques emporte acceptation des pr\u00e9sentes conditions, ainsi que de la politique de confidentialit\u00e9.<\/p>\n\n\n\n<h3 class=\"wp-block-heading\">Propri\u00e9t\u00e9 intellectuelle<\/h3>\n\n\n\n<p>GEOMETRIK est la propri\u00e9taire de ce site web. Sauf indication contraire expresse, GEOMETRIK et\/ou ses partenaires\/fournisseurs sont les propri\u00e9taires de l\u2019ensemble de ses contenus (logos, design, photos et pr\u00e9sentations), lesquels sont prot\u00e9g\u00e9s par le droit de la propri\u00e9t\u00e9 industrielle et intellectuelle. Aucun contenu ne peut donc \u00eatre modifi\u00e9, reproduit, publi\u00e9 ou distribu\u00e9 sans l\u2019accord pr\u00e9alable de GEOMETRIK.<\/p>\n\n\n\n<h3 class=\"wp-block-heading\">Objet<\/h3>\n\n\n\n<p>Ces conditions de vente fixent les r\u00e8gles g\u00e9n\u00e9rales r\u00e9glementant la vente entre l\u2019utilisateur, en sa qualit\u00e9 d\u2019acheteur, et GEOMETRIKTARGET, en sa qualit\u00e9 de vendeur, en ce compris les modes de paiement et les conditions de livraison de la marchandise.<\/p>\n\n\n\n<p>En tant qu\u2019acheteur, le client accepte les pr\u00e9sentes conditions g\u00e9n\u00e9rales de vente qui s\u2019appliquent en g\u00e9n\u00e9ral, sauf d\u00e9rogation \u00e9crite expresse de GEOMETRIKTARGET.<\/p>\n\n\n\n<h3 class=\"wp-block-heading\">Consommateur et client professionnel<\/h3>\n\n\n\n<p>Le terme \u00ab&nbsp;consommateur&nbsp;\u00bb se rapporte \u00e0&nbsp;toute personne physique agissant, pour ce qui est des pr\u00e9sentes conditions, \u00e0 des fins qui ne s\u2019inscrivent pas principalement dans le cadre de son activit\u00e9 commerciale, industrielle, artisanale ou professionnelle.<\/p>\n\n\n\n<p>Le terme \u00ab&nbsp;client professionnel&nbsp;\u00bb indique tout(e) utilisateur individuel ou entreprise qui agit\/ach\u00e8te dans le cadre de son activit\u00e9 professionnelle.<\/p>\n\n\n\n<p>Le terme \u00ab&nbsp;utilisateur&nbsp;\u00bb se r\u00e9f\u00e8re indistinctement aux deux, consommateur ou client professionnel.<\/p>\n\n\n\n<p>En examinant les pr\u00e9sentes conditions g\u00e9n\u00e9rales de vente, note qu\u2019il peut exister des diff\u00e9rences de statut, selon que tu sois un consommateur ou un client professionnel, et v\u00e9rifie lesquelles s\u2019appliquent \u00e0 ton cas.<\/p>\n\n\n\n<h3 class=\"wp-block-heading\">Commande<\/h3>\n\n\n\n<p>L\u2019utilisateur peut adresser une demande d\u2019information ou de devis via ce site ou par courrier \u00e9lectronique, \u00e0 l\u2019adresse suivante&nbsp;: <a href=\"mailto:info@geometriktarget.com\"><u>info@geometriktarget.com<\/u><\/a>.<\/p>\n\n\n\n<p>Pour adresser une demande d\u2019information ou de devis, l\u2019utilisateur fournit certaines donn\u00e9es personnelles, comme par exemple son courriel, son nom, son num\u00e9ro de t\u00e9l\u00e9phone, et remplit \u00e0 cet effet tous les champs obligatoires du formulaire.<\/p>\n\n\n\n<p>GEOMETRIKTARGET est uniquement tenue d\u2019honorer une commande si, \u00e0 l\u2019issue d\u2019un contact de l\u2019utilisateur avec notre \u00e9quipe commerciale et l\u2019envoi du devis demand\u00e9, celui-ci confirme les conditions g\u00e9n\u00e9rales de vente et les prix des articles, adresse son accord par \u00e9crit et proc\u00e8de au paiement du montant total de la commande. Ce n\u2019est qu\u2019apr\u00e8s avoir rempli toutes ces conditions que GEOMETRIKTARGET valide la commande et y donne suite.<\/p>\n\n\n\n<p>En cas de non-confirmation du paiement, de commande incompl\u00e8te ou incorrecte ou d\u2019inex\u00e9cution de l\u2019une ou l\u2019autre des conditions de vente, Geometrik se r\u00e9serve le droit de ne pas accepter la commande de l\u2019utilisateur ou de l\u2019annuler totalement ou en partie, m\u00eame si celle-ci est confirm\u00e9e, l\u2019utilisateur \u00e9tant inform\u00e9 par courriel que le contrat de vente n\u2019a pas \u00e9t\u00e9 effectu\u00e9 et que le vendeur ne donne pas suite \u00e0 la vente, en en pr\u00e9cisant les raisons.<\/p>\n\n\n\n<p>Tous les produits\/\u00e9quipements sont soumis \u00e0 un pr\u00e9paiement. L\u2019exp\u00e9dition\/livraison a uniquement lieu apr\u00e8s le bon encaissement du montant total de la commande. GEOMETRIKTARGET peut se refuser d\u2019honorer la commande en cas d\u2019impay\u00e9 de l\u2019UTILISATEUR.<\/p>\n\n\n\n<p>M\u00eame apr\u00e8s la confirmation de la commande, GEOMETRIKTARGET se r\u00e9serve le droit de l\u2019annuler dans les conditions suivantes et ne peut \u00eatre tenue pour responsable de tous dommages ou frais&nbsp;:<\/p>\n\n\n\n<ul class=\"wp-block-list\">\n<li>le produit n\u2019est plus disponible&nbsp;;<\/li>\n\n\n\n<li>les \u00e9l\u00e9ments de la facture ne sont pas les bons ou v\u00e9rifiables&nbsp;;<\/li>\n\n\n\n<li>la commande est signal\u00e9e par nos syst\u00e8mes de s\u00e9curit\u00e9 comme une commande erron\u00e9e ou une commande \u00e9ventuellement frauduleuse&nbsp;;<\/li>\n\n\n\n<li>si le paiement de la commande n\u2019est pas re\u00e7u dans un d\u00e9lai de 30 jours \u00e0 compter de son acceptation&nbsp;;<\/li>\n\n\n\n<li>s\u2019il n\u2019est pas possible de livrer la commande \u00e0 l\u2019adresse fournie par l\u2019utilisateur&nbsp;;<\/li>\n\n\n\n<li>s\u2019il est estim\u00e9 que l\u2019utilisateur ne jouissait pas de la capacit\u00e9 de passer commande.<\/li>\n<\/ul>\n\n\n\n<h3 class=\"wp-block-heading\">Responsabilit\u00e9<\/h3>\n\n\n\n<p>Tous les produits pr\u00e9sents sur le site web sont conformes \u00e0 la l\u00e9gislation portugaise.<\/p>\n\n\n\n<p>Geometrik n\u2019est pas responsable des pr\u00e9judices d\u00e9coulant de tous virus informatiques, interf\u00e9rences, interruptions, pannes ou d\u00e9connexions du syst\u00e8me d\u2019exploitation susceptibles d\u2019emp\u00eacher, \u00e0 titre temporaire, l\u2019acc\u00e8s, la navigation ou la prestation de services \u00e0 l\u2019utilisateur.<\/p>\n\n\n\n<p>Geometrik d\u00e9cline toute responsabilit\u00e9 en cas de retard \u00e9ventuel ou d\u2019impossibilit\u00e9 de traitement de la commande, notamment \u00e0 la livraison, issu(e) de toute erreur ou insuffisance des donn\u00e9es communiqu\u00e9es par l\u2019utilisateur. Par ailleurs, Geometrik ne saurait \u00eatre tenue pour responsable de tout manquement \u00e0 ses obligations au motif d\u2019un fait impr\u00e9visible ou insurmontable de la part d\u2019un tiers ou d\u2019un cas de force majeure.<\/p>\n\n\n\n<p>Geometrik ne saurait \u00eatre tenue pour responsable des dommages subis en cons\u00e9quence d\u2019un mauvais usage de nos produits.<\/p>\n\n\n\n<h3 class=\"wp-block-heading\">Validit\u00e9 de la promotion<\/h3>\n\n\n\n<p>Toutes offres susceptibles d\u2019\u00eatre annonc\u00e9es sur ce site sont valables uniquement au moment de leur diffusion, \u00e0 moins que toute mention contraire ne soit indiqu\u00e9e.&nbsp;Geometrik&nbsp;n\u2019est li\u00e9e \u00e0 aucune offre en cas d\u2019erreurs d\u2019orthographe, de prix ou autres parmi les informations du site. Le vendeur se r\u00e9serve le droit d\u2019annuler toute vente conclue en vertu de telles erreurs.<\/p>\n\n\n\n<h3 class=\"wp-block-heading\">Marques et propri\u00e9t\u00e9 industrielle<\/h3>\n\n\n\n<p>En r\u00e9alisant une transaction avec GEOMETRIKTARGET, l\u2019utilisateur accepte les pr\u00e9sentes conditions g\u00e9n\u00e9rales, l\u2019utilisateur reconna\u00eet express\u00e9ment que les marques et les mod\u00e8les des produits fournis par GEOMETRIKTARGET appartiennent exclusivement \u00e0 cette derni\u00e8re et qu\u2019il n\u2019en contestera jamais la propri\u00e9t\u00e9, ni ne les utilisera, les copiera ou les divulguera, par quelque moyen que ce soit, sauf si GEOMETRIKTARGET l\u2019y autorise express\u00e9ment par \u00e9crit.<\/p>\n\n\n\n<h3 class=\"wp-block-heading\">Accord total<\/h3>\n\n\n\n<p>Les pr\u00e9sentes conditions g\u00e9n\u00e9rales de vente constituent l\u2019accord total entre l\u2019utilisateur et Geometrik<\/p>\n\n\n\n<hr class=\"wp-block-separator has-alpha-channel-opacity is-style-separator-geometrik\"\/>\n\n\n\n<h3 class=\"wp-block-heading\" id=\"ral\">R\u00e8glement de litiges en ligne et livre de r\u00e9clamation en ligne<\/h3>\n\n\n\n<p>Le livre de r\u00e9clamation en ligne est \u00e0 ta disposition sur le site suivant : <a href=\"https:\/\/www.livroreclamacoes.pt\/Inicio\/\" target=\"_blank\" rel=\"noreferrer noopener\">https:\/\/www.livroreclamacoes.pt\/inicio<\/a><\/p>\n\n\n\n<p>L\u2019Union europ\u00e9enne a cr\u00e9\u00e9 un site pour aider les consommateurs \u00e0 d\u00e9poser leurs r\u00e9clamations sur tout litige les concernant. \u00c0 cet effet, nous fournissons toutes les informations pour te permettre d\u2019exercer ton droit de r\u00e9clamation aupr\u00e8s d\u2019un organisme officiel, tiers et impartial, (\u00ab organisme de r\u00e8glement des litiges \u00bb) qui t\u2019aidera \u00e0 r\u00e9gler le litige en question.<\/p>\n\n\n\n<p>Ainsi, si tu n\u2019es pas satisfait de l\u2019achat d\u2019un bien ou service, ou par la solution que nous t\u2019avons pr\u00e9sent\u00e9e pour r\u00e9gler la situation, tu peux acc\u00e9der \u00e0 ce site officiel <a href=\"https:\/\/webgate.ec.europa.eu\/odr\/main\/?event=main.home.show\" target=\"_blank\" rel=\"noreferrer noopener\"><u>https:\/\/webgate.ec.europa.eu\/odr\/main\/?event=main.home.show<\/u><\/a> et exposer tes motifs.<\/p>\n\n\n\n<h3 class=\"wp-block-heading\">Qu\u2019est-ce que le r\u00e8glement alternatif des litiges&nbsp;?<\/h3>\n\n\n\n<p>Le r\u00e8glement alternatif des litiges est une possibilit\u00e9 donn\u00e9e \u00e0 tous les consommateurs de faire appel \u00e0 des organismes officiels pour les aider \u00e0 r\u00e9gler ou les orienter dans le cadre d\u2019un litige, avant d\u2019engager une proc\u00e9dure de contentieux devant les tribunaux.<\/p>\n\n\n\n<p>En r\u00e8gle g\u00e9n\u00e9rale, la marche \u00e0 suivre est la suivante&nbsp;: l\u2019utilisateur demande \u00e0 un tiers impartial d\u2019intervenir en qualit\u00e9 d\u2019interm\u00e9diaire entre le commer\u00e7ant objet de sa r\u00e9clamation et lui. L\u2019interm\u00e9diaire peut sugg\u00e9rer une solution \u00e0 sa r\u00e9clamation, imposer une solution aux deux parties ou r\u00e9unir les parties afin de trouver une solution.<\/p>\n\n\n\n<p>Peut-\u00eatre connais-tu le concept de r\u00e8glement alternatif des litiges sous un autre nom : \u2018m\u00e9diation\u2019, \u2018conciliation\u2019, \u2018arbitrage\u2019 ou \u2018comit\u00e9 comp\u00e9tent en mati\u00e8re de litiges de consommation\u2019.<\/p>\n\n\n\n<p>Le r\u00e8glement alternatif des litiges est normalement moins co\u00fbteux, moins formel et plus rapide que la voie judiciaire.<\/p>\n\n\n\n<p>En cas de litige de consommation, le consommateur peut faire appel aux organismes de r\u00e8glement des litiges de consommation suivants&nbsp;:<\/p>\n\n\n\n<ul class=\"wp-block-list\">\n<li>CNIACC \u2013 Centre national d\u2019information et d\u2019arbitrage des litiges de consommation (<em>Centro Nacional de Informa\u00e7\u00e3o e Arbitragem de Conflitos de Consumo<\/em>) \u2013 <a href=\"https:\/\/www.cniacc.pt\" target=\"_blank\" rel=\"noreferrer noopener\">https:\/\/www.cniacc.pt<\/a><\/li>\n\n\n\n<li>Centre d\u2019information sur la consommation et d\u2019arbitrage de Porto (CICAP \u2013 <em>Centro de Informa\u00e7\u00e3o de Consumo e Arbitragem do Porto<\/em>) \u2013 <a href=\"http:\/\/www.cicap.pt\/\" target=\"_blank\" rel=\"noreferrer noopener\">http:\/\/www.cicap.pt\/<\/a><\/li>\n\n\n\n<li>Centre d\u2019arbitrage des litiges de consommation de Lisbonne (CACCL \u2013 <em>Centro de Arbitragem de Conflitos de Consumo de Lisboa<\/em>) \u2013 <a href=\"http:\/\/www.centroarbitragemlisboa.pt\/\" target=\"_blank\" rel=\"noreferrer noopener\">http:\/\/www.centroarbitragemlisboa.pt\/<\/a><\/li>\n\n\n\n<li>Centre d\u2019arbitrage des litiges de consommation du district de Coimbra (CACCDC \u2013 Centro de Arbitragem de Conflitos de Consumo do Distrito de Coimbra) \u2013 <a href=\"http:\/\/www.centrodearbitragemdecoimbra.com\/\" target=\"_blank\" rel=\"noreferrer noopener\">http:\/\/www.centrodearbitragemdecoimbra.com\/<\/a><\/li>\n\n\n\n<li>TRIAVE \u2013 Centre d\u2019arbitrage des litiges de consommation de la vall\u00e9e de l\u2019Ave (<em>Centro de Arbitragem de Conflitos de Consumo do Vale do Ave<\/em>) \u2013 <a href=\"http:\/\/www.triave.pt\/\" target=\"_blank\" rel=\"noreferrer noopener\">http:\/\/www.triave.pt\/<\/a><\/li>\n\n\n\n<li>Centre d\u2019information, de m\u00e9diation et d\u2019arbitrage des litiges de consommation de l\u2019Algarve (CIMAAL \u2013 <em>Centro de Informa\u00e7\u00e3o, Media\u00e7\u00e3o e Arbitragem de Conflitos de Consumo do Algarve<\/em>) \u2013 <a href=\"http:\/\/www.consumidoronline.pt\/\" target=\"_blank\" rel=\"noreferrer noopener\">http:\/\/www.consumidoronline.pt\/<\/a><\/li>\n\n\n\n<li>Centre d\u2019arbitrage des litiges de consommation de la r\u00e9gion de Mad\u00e8re (CACC-RAM \u2013 <em>Centro de Arbitragem de Conflitos de Consumo da Regi\u00e3o da Madeira<\/em>) \u2013 <a href=\"http:\/\/www.srrh.gov-madeira.pt\/cacc\" target=\"_blank\" rel=\"noreferrer noopener\">http:\/\/www.srrh.gov-madeira.pt\/cacc<\/a><\/li>\n\n\n\n<li>CIAB \u2013 Tribunal arbitral de la consommation (<em>Tribunal Arbitral de Consumo<\/em>) \u2013 <a href=\"https:\/\/www.ciab.pt\" target=\"_blank\" rel=\"noreferrer noopener\">https:\/\/www.ciab.pt<\/a><\/li>\n<\/ul>\n<\/div>\n<\/div>\n","protected":false},"excerpt":{"rendered":"<p>Conditions G\u00e9n\u00e9rales d&rsquo;Utilisation du Site Propri\u00e9t\u00e9, contacts et service client La soci\u00e9t\u00e9 Geometriktarget Lda (dor\u00e9navant Geometrik ou vendeur), sise Rua dos Carvalhais, n\u00ba&nbsp;320, 3885-033 Arada-Ovar, Portugal, personne morale immatricul\u00e9e sous le n\u00ba&nbsp;PT&nbsp;510&nbsp;385&nbsp;486, est le l\u00e9gitime propri\u00e9taire du site au domaine suivant&nbsp;: https:\/\/geometriktarget.com. En cas de doute sur les pr\u00e9sentes conditions g\u00e9n\u00e9rales d\u2019utilisation, contacte-nous&nbsp;: Note bien [&hellip;]<\/p>\n","protected":false},"author":1,"featured_media":0,"parent":0,"menu_order":50,"comment_status":"closed","ping_status":"closed","template":"","meta":{"_acf_changed":false,"footnotes":""},"class_list":["post-4643","page","type-page","status-publish","hentry"],"acf":[],"_links":{"self":[{"href":"https:\/\/geometriktarget.com\/fr\/wp-json\/wp\/v2\/pages\/4643","targetHints":{"allow":["GET"]}}],"collection":[{"href":"https:\/\/geometriktarget.com\/fr\/wp-json\/wp\/v2\/pages"}],"about":[{"href":"https:\/\/geometriktarget.com\/fr\/wp-json\/wp\/v2\/types\/page"}],"author":[{"embeddable":true,"href":"https:\/\/geometriktarget.com\/fr\/wp-json\/wp\/v2\/users\/1"}],"replies":[{"embeddable":true,"href":"https:\/\/geometriktarget.com\/fr\/wp-json\/wp\/v2\/comments?post=4643"}],"version-history":[{"count":2,"href":"https:\/\/geometriktarget.com\/fr\/wp-json\/wp\/v2\/pages\/4643\/revisions"}],"predecessor-version":[{"id":4699,"href":"https:\/\/geometriktarget.com\/fr\/wp-json\/wp\/v2\/pages\/4643\/revisions\/4699"}],"wp:attachment":[{"href":"https:\/\/geometriktarget.com\/fr\/wp-json\/wp\/v2\/media?parent=4643"}],"curies":[{"name":"wp","href":"https:\/\/api.w.org\/{rel}","templated":true}]}}