{"id":4665,"date":"2024-03-10T03:52:31","date_gmt":"2024-03-10T03:52:31","guid":{"rendered":"http:\/\/geometrik.local\/politica-de-qualidade\/"},"modified":"2024-04-12T08:50:28","modified_gmt":"2024-04-12T07:50:28","slug":"politique-qualite","status":"publish","type":"page","link":"https:\/\/geometriktarget.com\/fr\/politique-qualite\/","title":{"rendered":"Politique Qualit\u00e9"},"content":{"rendered":"\n<div class=\"wp-block-group has-global-padding is-layout-constrained wp-container-core-group-is-layout-c5292bcf wp-block-group-is-layout-constrained\" style=\"padding-top:var(--wp--preset--spacing--60);padding-right:var(--wp--preset--spacing--30);padding-bottom:var(--wp--preset--spacing--60);padding-left:var(--wp--preset--spacing--30)\">\n<div class=\"wp-block-group has-global-padding is-layout-constrained wp-block-group-is-layout-constrained\">\n<h1 class=\"wp-block-heading has-text-align-center\">Politique Qualit\u00e9<\/h1>\n\n\n\n<hr class=\"wp-block-separator has-alpha-channel-opacity is-style-separator-geometrik-left\"\/>\n\n\n\n<p>Pour r\u00e9pondre aux besoins de nos clients, nous sommes sur le march\u00e9 dans le but de pr\u00e9senter des solutions de rev\u00eatement sur mesure pour chaque espace sportif, commercial et r\u00e9sidentiel.<\/p>\n\n\n\n<p>\u00c0 cet effet, nous prenons les engagements suivants :<\/p>\n\n\n\n<ul class=\"is-style-icons-vertical wp-block-list\">\n<li>Assurer un syst\u00e8me de management qualit\u00e9 selon la norme NP EN ISO 9001, par l&rsquo;optimisation des m\u00e9thodes de travail et la garantie d&rsquo;am\u00e9lioration continue des processus mis en \u0153uvre\u00a0;<\/li>\n\n\n\n<li>Fournir des produits de rev\u00eatement pour les zones sportives, commerciales et r\u00e9sidentielles, dans le d\u00e9lai fix\u00e9, en garantir la stabilit\u00e9, la s\u00e9curit\u00e9, le confort et la durabilit\u00e9 vis-\u00e0-vis des utilisateurs\u00a0;<\/li>\n\n\n\n<li>Rechercher et d\u00e9velopper de nouvelles solutions de rev\u00eatement de sol, veiller \u00e0 la r\u00e9ussite et \u00e0 la p\u00e9rennit\u00e9 de l&rsquo;entreprise, en cherchant \u00e0 augmenter les niveaux de satisfaction client\u00a0;<\/li>\n\n\n\n<li>Promouvoir le d\u00e9veloppement continu des collaborateurs et leur fournir les moyens d&rsquo;ex\u00e9cuter leurs fonctions conform\u00e9ment au standard de performance d\u00e9fini, garantissant une \u00e9quipe satisfaite et unie ;<\/li>\n\n\n\n<li>Veiller au respect des exigences l\u00e9gales et autres applicables.<\/li>\n<\/ul>\n\n\n\n<p>Nous nous engageons \u00e0 cr\u00e9er les conditions favorables au sein de l\u2019organisation pour que cette politique soit comprise, mise en \u0153uvre et maintenue par tous les collaborateurs.<\/p>\n\n\n\n<p>Ovar (Portugal), le 9 janvier 2024<\/p>\n<\/div>\n<\/div>\n","protected":false},"excerpt":{"rendered":"<p>Politique Qualit\u00e9 Pour r\u00e9pondre aux besoins de nos clients, nous sommes sur le march\u00e9 dans le but de pr\u00e9senter des solutions de rev\u00eatement sur mesure pour chaque espace sportif, commercial et r\u00e9sidentiel. \u00c0 cet effet, nous prenons les engagements suivants : Nous nous engageons \u00e0 cr\u00e9er les conditions favorables au sein de l\u2019organisation pour que [&hellip;]<\/p>\n","protected":false},"author":1,"featured_media":0,"parent":0,"menu_order":45,"comment_status":"closed","ping_status":"closed","template":"","meta":{"_acf_changed":false,"footnotes":""},"class_list":["post-4665","page","type-page","status-publish","hentry"],"acf":[],"_links":{"self":[{"href":"https:\/\/geometriktarget.com\/fr\/wp-json\/wp\/v2\/pages\/4665","targetHints":{"allow":["GET"]}}],"collection":[{"href":"https:\/\/geometriktarget.com\/fr\/wp-json\/wp\/v2\/pages"}],"about":[{"href":"https:\/\/geometriktarget.com\/fr\/wp-json\/wp\/v2\/types\/page"}],"author":[{"embeddable":true,"href":"https:\/\/geometriktarget.com\/fr\/wp-json\/wp\/v2\/users\/1"}],"replies":[{"embeddable":true,"href":"https:\/\/geometriktarget.com\/fr\/wp-json\/wp\/v2\/comments?post=4665"}],"version-history":[{"count":1,"href":"https:\/\/geometriktarget.com\/fr\/wp-json\/wp\/v2\/pages\/4665\/revisions"}],"predecessor-version":[{"id":4670,"href":"https:\/\/geometriktarget.com\/fr\/wp-json\/wp\/v2\/pages\/4665\/revisions\/4670"}],"wp:attachment":[{"href":"https:\/\/geometriktarget.com\/fr\/wp-json\/wp\/v2\/media?parent=4665"}],"curies":[{"name":"wp","href":"https:\/\/api.w.org\/{rel}","templated":true}]}}