{"id":4678,"date":"2024-03-10T03:52:44","date_gmt":"2024-03-10T03:52:44","guid":{"rendered":"http:\/\/geometrik.local\/politica-de-privacidade-e-cookies\/"},"modified":"2024-04-12T08:49:33","modified_gmt":"2024-04-12T07:49:33","slug":"politique-confidentialite","status":"publish","type":"page","link":"https:\/\/geometriktarget.com\/fr\/politique-confidentialite\/","title":{"rendered":"Politique de Confidentialit\u00e9"},"content":{"rendered":"\n<div class=\"wp-block-group has-global-padding is-layout-constrained wp-container-core-group-is-layout-0ac99041 wp-block-group-is-layout-constrained\" style=\"padding-top:var(--wp--preset--spacing--60);padding-right:var(--wp--preset--spacing--30);padding-bottom:var(--wp--preset--spacing--60);padding-left:var(--wp--preset--spacing--30)\">\n<div class=\"wp-block-group has-global-padding is-layout-constrained wp-block-group-is-layout-constrained\">\n<h1 class=\"wp-block-heading has-text-align-center\">Politique de Confidentialit\u00e9<\/h1>\n\n\n\n<hr class=\"wp-block-separator has-alpha-channel-opacity is-style-separator-geometrik-left\"\/>\n\n\n\n<h2 class=\"wp-block-heading\">Informations g\u00e9n\u00e9rales<\/h2>\n\n\n\n<h3 class=\"wp-block-heading\">A. Responsable du traitement<\/h3>\n\n\n\n<p>La soci\u00e9t\u00e9 Geometriktarget, Lda, ci-apr\u00e8s \u00ab&nbsp;Geometrik&nbsp;\u00bb, est le responsable du traitement de vos donn\u00e9es personnelles.<br>Pour toute question li\u00e9e \u00e0 tes donn\u00e9es personnelles et leur traitement, tu peux nous contacter aux coordonn\u00e9es suivantes.<\/p>\n\n\n\n<p><strong>Adresse&nbsp;<\/strong>: Rua Fam\u00edlia Malaquias, Lote 2, 3880-327 Ovar (Portugal)<br><strong>Courriel&nbsp;<\/strong>: info@geometriktarget.com<br><strong>T\u00e9l\u00e9phone&nbsp;<\/strong>: (+33) 178 906 727<\/p>\n\n\n\n<p>GEOMETRIKTARGET assure aux visiteurs de ce site Internet (l\u2019\u00ab&nbsp;utilisateur&nbsp;\u00bb ou les \u00ab&nbsp;utilisateurs&nbsp;\u00bb) le respect de leur vie priv\u00e9e. Le fait de visiter ce site Internet n\u2019entra\u00eene en soi l\u2019enregistrement automatique d\u2019aucune donn\u00e9e personnelle identifiant l\u2019utilisateur. Cependant, l\u2019utilisation de certaines fonctionnalit\u00e9s peut n\u00e9cessiter des donn\u00e9es personnelles de la part des utilisateurs. Cette politique de confidentialit\u00e9 fait partie int\u00e9grante des conditions g\u00e9n\u00e9rales d\u2019utilisation du site Internet et r\u00e9glemente la collecte et le traitement des donn\u00e9es personnelles fournies par les utilisateurs sur le site Internet, ainsi que l\u2019exercice de leurs droits concernant ces donn\u00e9es, conform\u00e9ment \u00e0 la loi sur la protection des donn\u00e9es personnelles en vigueur.<\/p>\n\n\n\n<h3 class=\"wp-block-heading\">B. Comment prot\u00e9geons-nous tes donn\u00e9es ?<\/h3>\n\n\n\n<p>Geometrik s\u2019appuie sur plusieurs mesures pour prot\u00e9ger tes donn\u00e9es personnelles et en assurer la s\u00e9curit\u00e9, l\u2019int\u00e9grit\u00e9, et la disponibilit\u00e9. N\u00e9anmoins, il est impossible de garantir constamment une s\u00e9curit\u00e9 totale contre les intrusions lorsque tu nous fournis tes donn\u00e9es par courrier \u00e9lectronique ou via le site Internet.&nbsp;<\/p>\n\n\n\n<p>Malgr\u00e9 tout, nos fournisseurs, clients, prestataires de services et nous-m\u00eames nous effor\u00e7ons de mettre en \u0153uvre, maintenir et mettre \u00e0 jour des mesures de s\u00e9curisation physique, \u00e9lectronique, et des proc\u00e9dures en vue de prot\u00e9ger tes donn\u00e9es.&nbsp;<\/p>\n\n\n\n<p>Citons entre autres&nbsp;: la restriction de l\u2019acc\u00e8s \u00e0 tes donn\u00e9es, les outils de cryptage, chiffrement ou \u00e9quivalents, le pare-feu, l\u2019antivirus et l\u2019assistance informatique, la surveillance.<\/p>\n\n\n\n<h3 class=\"wp-block-heading\">C. Contacte-nous, tes droits et le droit d\u2019introduire une r\u00e9clamation aupr\u00e8s de l\u2019autorit\u00e9 de contr\u00f4le<\/h3>\n\n\n\n<p>Pour toute question li\u00e9e \u00e0 tes donn\u00e9es personnelles, tu peux nous contacter aux coordonn\u00e9es indiqu\u00e9es ci-dessus.<\/p>\n\n\n\n<p>Sous certaines conditions, tu peux nous demander :<\/p>\n\n\n\n<ol class=\"wp-block-list\" style=\"list-style-type:upper-roman\">\n<li>des informations compl\u00e9mentaires sur l\u2019utilisation que nous faisons de tes donn\u00e9es personnelles ;<\/li>\n\n\n\n<li>une copie des donn\u00e9es personnelles que tu nous as fournies ;<\/li>\n\n\n\n<li>de fournir, \u00e0 ta demande, tes donn\u00e9es personnelles \u00e0 un autre responsable du traitement ;<\/li>\n\n\n\n<li>de corriger toutes erreurs concernant les donn\u00e9es personnelles que nous conservons ;<\/li>\n\n\n\n<li>d\u2019effacer les donn\u00e9es personnelles dont l\u2019utilisation n\u2019est plus l\u00e9gitime, y compris par le retrait de ton consentement ;<\/li>\n\n\n\n<li>de refuser de prendre des d\u00e9cisions qui te touchent sur la base du traitement automatis\u00e9 de tes donn\u00e9es personnelles ;<\/li>\n\n\n\n<li>de limiter notre fa\u00e7on d\u2019utiliser tes donn\u00e9es personnelles jusqu\u2019\u00e0 ce que la r\u00e9clamation introduite soit trait\u00e9e.<\/li>\n<\/ol>\n\n\n\n<p>L\u2019exercice de ces droits est soumis \u00e0 certaines exceptions destin\u00e9es \u00e0 pr\u00e9server l\u2019int\u00e9r\u00eat public (pr\u00e9vention ou d\u00e9tection de d\u00e9lits) ou notre int\u00e9r\u00eat (maintien du secret professionnel).<\/p>\n\n\n\n<p>Ces droits doivent faire l\u2019objet d\u2019un usage raisonnable. Si l\u2019exercice de ces droits s\u2019av\u00e8re d\u00e9raisonnable de par son caract\u00e8re r\u00e9p\u00e9titif ou pour tout autre motif, Geometrik peut te facturer des frais administratifs ou refuser ta demande sur ce motif.<\/p>\n\n\n\n<p>En cas d\u2019exercice de ces droits, nous proc\u00e8derons \u00e0 l\u2019examen de la situation et r\u00e9pondrons au plus tard sous 1 (un) mois.<\/p>\n\n\n\n<p>Si l\u2019usage que nous faisons de tes donn\u00e9es personnelles ou la r\u00e9ponse que nous fournissons apr\u00e8s l\u2019exercice de l\u2019un ou l\u2019autre de ces droits ne te convient pas, tu as le droit d\u2019introduire une r\u00e9clamation aupr\u00e8s de la <em>Comiss\u00e3o Nacional de Prote\u00e7\u00e3o de Dados<\/em>&nbsp;(Commission nationale de protection des donn\u00e9es) | Av. D. Carlos I, 134 \u2013 1.\u00ba 1200-651 Lisbonne | T\u00e9l.&nbsp;: 351 213928400 | Fax&nbsp;: +351 213976832 | Courriel&nbsp;: <a href=\"mailto:geral@cnpd.pt\"><u>geral@cnpd.pt<\/u><\/a>.<\/p>\n\n\n\n<h3 class=\"wp-block-heading\">D. Modification de la politique de confidentialit\u00e9<\/h3>\n\n\n\n<p>GEOMETRIKTARGET se r\u00e9serve \u00e0 tout moment le droit de modifier, d\u2019ajouter ou abroger, totalement ou en partie, sans pr\u00e9avis et avec prise d\u2019effet imm\u00e9diate, cette politique de confidentialit\u00e9. Toute modification sera aussit\u00f4t divulgu\u00e9e sur cette m\u00eame page Internet. Ainsi, nous te conseillons de la consulter r\u00e9guli\u00e8rement pour te tenir au courant.<\/p>\n\n\n\n<h2 class=\"wp-block-heading\">Informations sp\u00e9cifiques<\/h2>\n\n\n\n<h3 class=\"wp-block-heading\">A. Clients et fournisseurs<\/h3>\n\n\n\n<h4 class=\"wp-block-heading\">Quelles donn\u00e9es traitons-nous et pourquoi les collectons-nous&nbsp;?<\/h4>\n\n\n\n<p>\u00c0 chaque signature de contrat, chaque demande de notre part ou chaque demande de devis qui nous est adress\u00e9e ou bien \u00e0 chaque d\u00e9marche entam\u00e9e, par tout autre moyen, dans le but de signer un contrat, nous pouvons traiter les donn\u00e9es suivantes&nbsp;:<\/p>\n\n\n\n<p>I. Donn\u00e9es d\u2019identification<br>Nous pouvons traiter les donn\u00e9es suivantes&nbsp;: Nom, NIF (num\u00e9ro d\u2019identification fiscale), r\u00e9gime de TVA, n\u00ba fiscal dans le pays d\u2019origine, adresse. Ces donn\u00e9es se destinent \u00e0 remplir des obligations l\u00e9gales, parmi lesquelles des obligations de nature fiscale, \u00e0 d\u00e9livrer tes factures et re\u00e7us, ainsi qu\u2019\u00e0 formaliser et ex\u00e9cuter chacun des contrats et\/ou devis.<\/p>\n\n\n\n<p>II. Contacts<br>Nous pouvons traiter les donn\u00e9es suivantes : num\u00e9ro de t\u00e9l\u00e9phone, y compris de t\u00e9l\u00e9phone mobile, et adresse \u00e9lectronique. Ces donn\u00e9es sont n\u00e9cessaires \u00e0 l\u2019envoi des devis, \u00e0 la confirmation des commandes et\/ou l\u2019exp\u00e9dition de biens, au contact lorsque les biens sont pr\u00eats au retrait, au contact en cas de paiement et afin de communiquer avec toi, raison pour laquelle nous les collectons aux fins d\u2019ex\u00e9cution de chacun des contrats, ou d\u2019envoi d\u2019informations pr\u00e9contractuelles ou dans l\u2019int\u00e9r\u00eat des deux parties.<\/p>\n\n\n\n<p>III. Donn\u00e9es de livraison<br>Ces donn\u00e9es peuvent co\u00efncider ou non avec les donn\u00e9es d\u2019identification, selon le choix du client. Nous pouvons collecter, entre autres, les donn\u00e9es suivantes : Adresse de livraison, donn\u00e9es de la personne \u00e0 laquelle la commande est adress\u00e9e. Ces donn\u00e9es sont n\u00e9cessaires \u00e0 l\u2019ex\u00e9cution du contrat.<\/p>\n\n\n\n<p>IV. Historique du client\/fournisseur<br>Tes demandes, les contrats qui nous lient, les biens que tu nous ach\u00e8tes ou vends, leurs montants, tes factures et re\u00e7us ainsi que tes r\u00e9clamations sont importants \u00e0 nos yeux. Ces donn\u00e9es sont n\u00e9cessaires \u00e0 l\u2019accomplissement d\u2019obligations l\u00e9gales et \u00e0 l\u2019ex\u00e9cution de contrats, \u00e0 la gestion et l\u2019\u00e9valuation de la relation contractuelle.<\/p>\n\n\n\n<p>V. Donn\u00e9es de r\u00e8glement<br>\u00c0 chaque signature de contrat, nous pouvons traiter tes donn\u00e9es personnelles concernant le mode de r\u00e8glement. Ces donn\u00e9es peuvent inclure, entre autres, les \u00e9l\u00e9ments relatifs aux comptes que tu utilises pour effectuer le r\u00e8glement, tels que l\u2019IBAN, le nom de la banque, le code SWIFT, ou autres \u00e9quivalents associ\u00e9s \u00e0 la carte de cr\u00e9dit\/d\u00e9bit ou autres n\u00e9cessaires au r\u00e8glement et ton identification. Ces donn\u00e9es sont n\u00e9cessaires \u00e0 l\u2019ex\u00e9cution du contrat.<\/p>\n\n\n\n<h4 class=\"wp-block-heading\">Quels en sont les fondements&nbsp;?<\/h4>\n\n\n\n<p>Le traitement de ces donn\u00e9es est motiv\u00e9 par la pr\u00e9paration, la formalisation et l\u2019ex\u00e9cution du contrat, ainsi que l\u2019accomplissement d\u2019obligations l\u00e9gales. Par ailleurs, elles peuvent \u00e9ventuellement \u00eatre fond\u00e9es sur des int\u00e9r\u00eats l\u00e9gitimes.<\/p>\n\n\n\n<h4 class=\"wp-block-heading\">Combien de temps conservons-nous vos donn\u00e9es&nbsp;?<\/h4>\n\n\n\n<p>Les donn\u00e9es sont conserv\u00e9es le temps n\u00e9cessaire \u00e0 la finalit\u00e9 sous-jacente ou tant que le traitement est admissible, suivant ce qui se produit en premier lieu.<\/p>\n\n\n\n<p>Il s\u2019agit d\u2019une d\u00e9termination au cas par cas qui d\u00e9pend de facteurs comme la nature des donn\u00e9es, le motif pour lequel elles sont collect\u00e9es et trait\u00e9es et les besoins de conservation op\u00e9rationnels ou l\u00e9gaux pertinents.<\/p>\n\n\n\n<p>\u00c0 titre illustratif&nbsp;:<\/p>\n\n\n\n<ul class=\"wp-block-list\">\n<li>aux fins de d\u00e9monstration de l\u2019accomplissement d\u2019obligations fiscales, les donn\u00e9es peuvent \u00eatre conserv\u00e9es 12 ans\u00a0;<\/li>\n\n\n\n<li>aux fins de d\u00e9monstration de l\u2019accomplissement ou de l\u2019inex\u00e9cution d\u2019obligations contractuelles, les donn\u00e9es peuvent \u00eatre conserv\u00e9es 21 (vingt et un) ans maximum\u00a0;<\/li>\n\n\n\n<li>les d\u00e9lais de conservation susmentionn\u00e9s peuvent \u00eatre prorog\u00e9s au motif d\u2019une action en justice, jusqu\u2019\u00e0 six mois apr\u00e8s le transfert des donn\u00e9es aux autorit\u00e9s judiciaires ou le passage du jugement en force de chose jug\u00e9e.<\/li>\n<\/ul>\n\n\n\n<p>Au terme du d\u00e9lai, vos donn\u00e9es sont soit anonymis\u00e9es, soit d\u00e9truites en toute s\u00e9curit\u00e9.<\/p>\n\n\n\n<h4 class=\"wp-block-heading\">Avec qui pouvons-nous partager tes donn\u00e9es&nbsp;?<\/h4>\n\n\n\n<p>Tes donn\u00e9es peuvent \u00eatre trait\u00e9es en sous-traitance et doivent \u00eatre communiqu\u00e9es \u00e0 des tiers uniquement pour tes besoins sp\u00e9cifiques et pour r\u00e9pondre aux obligations l\u00e9gales du responsable du traitement..<\/p>\n\n\n\n<p>Les donn\u00e9es personnelles peuvent ainsi \u00eatre partag\u00e9es, entre autres, avec les entit\u00e9s suivantes&nbsp;:<\/p>\n\n\n\n<ol class=\"wp-block-list\" style=\"list-style-type:upper-roman\">\n<li>conseillers juridiques\/avocats ;<\/li>\n\n\n\n<li>transporteurs\/soci\u00e9t\u00e9s en charge du transport et de l\u2019exp\u00e9dition de biens\/commandes ;<\/li>\n\n\n\n<li>comptables\/experts-comptables ;<\/li>\n\n\n\n<li>conseillers informatiques ;<\/li>\n\n\n\n<li>\u00e9tablissements financiers et bancaires g\u00e9rant les comptes destin\u00e9s \u00e0 nos paiements\/encaissements ;<\/li>\n\n\n\n<li>Autorit\u00e9 fiscale ;<\/li>\n\n\n\n<li>huissiers de justice ;<\/li>\n\n\n\n<li>entit\u00e9s auxquelles les donn\u00e9es sont \u00e0 communiquer en vertu de toute disposition l\u00e9gale ou \u00e0 la demande de la personne concern\u00e9e.<\/li>\n<\/ol>\n\n\n\n<p>Geometrik exige que ses sous-traitants s\u2019engagent \u00e0 se conformer aux devoirs de confidentialit\u00e9 en coh\u00e9rence avec cette politique relative aux donn\u00e9es et les accords qui seront \u00e9tablis avec eux.<\/p>\n\n\n\n<h3 class=\"wp-block-heading\">B. Formulaires de contact, newsletter, publicit\u00e9 et marketing direct &nbsp;<\/h3>\n\n\n\n<h4 class=\"wp-block-heading\">Quelles donn\u00e9es traitons-nous&nbsp;?<\/h4>\n\n\n\n<p>Dans ce cas, nous pouvons traiter les donn\u00e9es suivantes&nbsp;: nom, coordonn\u00e9es t\u00e9l\u00e9phoniques (fixes et mobiles), adresse e-mail, entreprise\/employeur, historique et pr\u00e9f\u00e9rences client,&nbsp;\u00e9ventuelles informations compl\u00e9mentaires saisies dans les champs \u00ab&nbsp;Objet&nbsp;\u00bb et \u00ab&nbsp;Message&nbsp;\u00bb<\/p>\n\n\n\n<h4 class=\"wp-block-heading\">Information sur le consentement libre et facultatif<\/h4>\n\n\n\n<p>Sur les formulaires de contact du site Internet et le formulaire d\u2019abonnement \u00e0 la newsletter, l\u2019utilisateur accepte et autorise, en cochant la case du consentement de traitement des donn\u00e9es personnelles, aux fins de publicit\u00e9 collective ou personnalis\u00e9e, d\u2019\u00e9tudes de march\u00e9, d\u2019organisation de notre processus commercial et de personnalisation de notre site Internet, le traitement des donn\u00e9es d\u2019utilisation personnalis\u00e9es (tels que le nombre d\u2019acc\u00e8s au site Internet et la dur\u00e9e de chaque acc\u00e8s), ainsi que d\u2019autres donn\u00e9es personnelles collect\u00e9es par nos soins ou susceptibles d\u2019\u00eatre collect\u00e9es \u00e0 propos de l\u2019utilisateur, dans le cadre de notre relation commerciale, pour la mise en \u0153uvre, l\u2019ex\u00e9cution ou la cessation de relations commerciales.<\/p>\n\n\n\n<p>Si tu nous donnes le consentement susmentionn\u00e9, nous utiliserons les donn\u00e9es (y compris vos donn\u00e9es personnelles) aux fins de marketing direct, dans le but de t\u2019envoyer, par exemple, des informations sur les services ou campagnes marketing qui pourraient t\u2019int\u00e9resser \u00e0 titre personnel.<\/p>\n\n\n\n<h4 class=\"wp-block-heading\">Quels en sont les fondements et les finalit\u00e9s&nbsp;?<\/h4>\n\n\n\n<p>Le traitement des donn\u00e9es que tu autorises par la pr\u00e9sente d\u00e9claration repose sur ton consentement, que tu pourras retirer \u00e0 tout moment. \u00c0 cet effet, tu dois nous retourner une d\u00e9claration \u00e9crite en ce sens en utilisant le contact indiqu\u00e9 plus haut.<\/p>\n\n\n\n<p>Le traitement des donn\u00e9es que tu autorises par la pr\u00e9sente d\u00e9claration se destine \u00e0 : r\u00e9pondre \u00e0 tes contacts et messages, les incorporer dans notre base de donn\u00e9es, cr\u00e9er ta fiche client individuelle et pr\u00e9parer et envoyer des communications relatives \u00e0 nos produits, services et \u00e9v\u00e8nements. Nous nous engageons donc \u00e0 fournir un service de proximit\u00e9 et adapt\u00e9 \u00e0 tes int\u00e9r\u00eats, ainsi qu\u2019\u00e0 am\u00e9liorer nos produits et services.<\/p>\n\n\n\n<p>Cependant, si un devis nous est demand\u00e9 ou si un contrat est conclu, le fondement et la finalit\u00e9 du traitement ne seront pas ton consentement, mais seront bien li\u00e9s \u00e0 des finalit\u00e9s et des fondements intrins\u00e8quement en rapport avec les d\u00e9marches pr\u00e9contractuelles, la formalisation, l\u2019ex\u00e9cution, la gestion et l\u2019\u00e9valuation du contrat. Pour acc\u00e9der \u00e0 notre politique de confidentialit\u00e9 applicable dans ces cas, tu dois consulter la rubrique \u00ab Clients et fournisseurs \u00bb.<\/p>\n\n\n\n<h4 class=\"wp-block-heading\">Combien de temps conservons-nous tes donn\u00e9es&nbsp;?<\/h4>\n\n\n\n<p>Tes donn\u00e9es sont conserv\u00e9es 5 (cinq) ans ou jusqu\u2019\u00e0 ce que tu retires ton consentement, suivant ce qui se produit en premier lieu.<\/p>\n\n\n\n<p>Cependant, si un devis nous est demand\u00e9 ou si un contrat est conclu, tes donn\u00e9es sont conserv\u00e9es le temps n\u00e9cessaire au fait contractuel qui lui est sous-jacent ou tant que le traitement est admissible, suivant ce qui se produit en premier lieu. Il s\u2019agit d\u2019une d\u00e9termination au cas par cas qui d\u00e9pend de facteurs comme la nature des donn\u00e9es, le motif pour lequel elles sont collect\u00e9es et trait\u00e9es et les besoins de conservation op\u00e9rationnels ou l\u00e9gaux pertinents.<\/p>\n\n\n\n<p>Les d\u00e9lais de conservation susmentionn\u00e9s peuvent \u00eatre prorog\u00e9s au motif d\u2019une action en justice, jusqu\u2019\u00e0 six mois apr\u00e8s le transfert des donn\u00e9es aux autorit\u00e9s judiciaires ou le passage du jugement en force de chose jug\u00e9e.<\/p>\n\n\n\n<p>Au terme du d\u00e9lai, tes donn\u00e9es sont soit anonymis\u00e9es, soit d\u00e9truites en toute s\u00e9curit\u00e9.<\/p>\n\n\n\n<h4 class=\"wp-block-heading\">Avec qui pouvons-nous partager tes donn\u00e9es&nbsp;?<\/h4>\n\n\n\n<p>Tes donn\u00e9es personnelles dont l\u2019autorisation est ici fournie ne sont pas partag\u00e9es, en r\u00e8gle g\u00e9n\u00e9rale, avec des tiers.<\/p>\n\n\n\n<p>Cependant, si un devis nous est demand\u00e9 ou si un contrat est conclu avec toi, tes donn\u00e9es peuvent \u00eatre partag\u00e9es avec des tiers et\/ou sous-traitants. Pour des informations d\u00e9taill\u00e9es en la mati\u00e8re, tu dois consulter la politique de confidentialit\u00e9 applicable, \u00e0 savoir la rubrique \u00ab Clients et fournisseurs \u00bb.<\/p>\n\n\n\n<p>\u00c0 titre exceptionnel, nous pouvons \u00e9galement partager des informations avec les autorit\u00e9s ou en r\u00e9ponse \u00e0 des demandes conform\u00e9ment \u00e0 la loi, dans le strict respect des dispositions l\u00e9gales.<\/p>\n\n\n\n<h4 class=\"wp-block-heading\">Si nous concluons un contrat avec toi ou si un devis nous est demand\u00e9<\/h4>\n\n\n\n<p>Si nous concluons un contrat avec toi, nous pouvons avoir besoin de traiter d\u2019autres donn\u00e9es personnelles. Dans ce cas, consulte notre politique de confidentialit\u00e9 applicable, \u00e0 savoir la rubrique \u00ab&nbsp;Clients et fournisseurs&nbsp;\u00bb.<\/p>\n\n\n\n<h3 class=\"wp-block-heading\">C. Cookies<\/h3>\n\n\n\n<h4 class=\"wp-block-heading\">Qu\u2019est-ce que les cookies et \u00e0 quoi servent-ils&nbsp;?<\/h4>\n\n\n\n<p>Geometrik utilise des syst\u00e8mes automatiques de collecte de donn\u00e9es comme les cookies. Un cookie est un dispositif plac\u00e9 sur le disque dur d\u2019un utilisateur d\u2019Internet. Bien que les cookies ne contiennent aucune information intelligible, ils nous permettent de lier un utilisateur d\u2019Internet \u00e0 ses informations personnelles. &nbsp;<\/p>\n\n\n\n<p>Les cookies sont diffus\u00e9s par nos serveurs et personne ne peut avoir acc\u00e8s aux informations qu\u2019ils contiennent. Seule Geometrik a acc\u00e8s aux informations collect\u00e9es par les cookies, de fa\u00e7on collective et anonyme, afin d\u2019optimiser ses services et ceux de ce site pour les besoins et pr\u00e9f\u00e9rences de l\u2019utilisateur et pour que la pr\u00e9paration des pages Internet soit personnalis\u00e9e.<\/p>\n\n\n\n<p>L\u2019acceptation de nos proc\u00e9dures automatiques de collecte de donn\u00e9es et d\u2019utilisation des cookies est n\u00e9cessaire pour tirer parti au maximum des ressources et services offert par ce site. Si tu configures ton navigateur afin de bloquer ou supprimer les cookies, nous ne pouvons garantir que tu auras acc\u00e8s \u00e0 l\u2019ensemble des ressources et services offerts sur ce site.<\/p>\n\n\n\n<h4 class=\"wp-block-heading\">Quel type de cookies utilisons-nous&nbsp;?<\/h4>\n\n\n\n<h5 class=\"wp-block-heading\">Cookies essentiels&nbsp;:&nbsp;<\/h5>\n\n\n\n<p>Ces cookies sont li\u00e9s au fonctionnement technique du site.<\/p>\n\n\n\n<p>Dans le cas de Geometrik, le site Internet conserve les informations suivantes&nbsp;: langue choisie par l\u2019utilisateur, adresse IP, navigateur Internet utilis\u00e9 (Google Chrome, Firefox, Safari, etc.), et appareils d\u2019acc\u00e8s (ordinateur, t\u00e9l\u00e9phone mobile, tablette, etc.).<\/p>\n\n\n\n<h5 class=\"wp-block-heading\">Cookies d\u2019analyse&nbsp;:&nbsp;<\/h5>\n\n\n\n<p>Ils nous permettent de collecter des donn\u00e9es (via Google Analytics) li\u00e9es \u00e0 la navigation et au comportement de l\u2019utilisateur.<\/p>\n\n\n\n<p>Dans le cas de Geometrik, le site Internet conserve les informations suivantes&nbsp;: r\u00e9gion de l\u2019utilisateur, temps de navigation total et sur chaque page, pages les plus visit\u00e9es, date et moment de la journ\u00e9e o\u00f9 l\u2019utilisateur visite le site Internet.<\/p>\n\n\n\n<h4 class=\"wp-block-heading\">Comment d\u00e9sactiver l\u2019utilisation des cookies ?<\/h4>\n\n\n\n<p>En d\u00e9pit du fait que l\u2019utilisation de cookies am\u00e9liore consid\u00e9rablement l\u2019exp\u00e9rience d\u2019utilisation et qu\u2019elle soit recommand\u00e9e, l\u2019utilisateur peut choisir de les d\u00e9sactiver. Tu dois suivre les consignes fournies pour le navigateur Internet de ton choix, qui se trouvent normalement dans \u00ab&nbsp;Param\u00e8tres&nbsp;\u00bb ou \u00ab&nbsp;Pr\u00e9f\u00e9rences&nbsp;\u00bb.<\/p>\n\n\n\n<p>Voici les liens fournis pour t\u2019aider par certains des navigateurs Internet les plus utilis\u00e9s :<\/p>\n\n\n\n<p>Microsoft Edge<br><a href=\"https:\/\/support.microsoft.com\/pt-pt\/help\/4468242\/microsoft-edge-browsing-data-and-privacy-microsoft-privacy\" target=\"_blank\" rel=\"noopener\">https:\/\/support.microsoft.com\/pt-pt\/help\/4468242\/microsoft-edge-browsing-data-and-privacy-microsoft-privacy<\/a><\/p>\n\n\n\n<p>Microsoft Internet Explorer<br><a href=\"https:\/\/support.microsoft.com\/pt-pt\/help\/278835\/how-to-delete-cookie-files-in-internet-explorer\" target=\"_blank\" rel=\"noopener\">https:\/\/support.microsoft.com\/pt-pt\/help\/278835\/how-to-delete-cookie-files-in-internet-explorer<\/a><\/p>\n\n\n\n<p>Mozilla Firefox<br><a href=\"https:\/\/support.mozilla.org\/pt-PT\/kb\/ativar-desativar-cookies-websites-utilizam-monitorizar-preferencias\" target=\"_blank\" rel=\"noopener\">https:\/\/support.mozilla.org\/pt-PT\/kb\/ativar-desativar-cookies-websites-utilizam-monitorizar-preferencias<\/a><\/p>\n\n\n\n<p>Google Chrome<br><a href=\"https:\/\/support.google.com\/chrome\/answer\/95647\" target=\"_blank\" rel=\"noopener\">https:\/\/support.google.com\/chrome\/answer\/95647<\/a><\/p>\n\n\n\n<p>Apple Safari<br><a href=\"https:\/\/support.apple.com\/pt-pt\/HT201265\" target=\"_blank\" rel=\"noopener\">https:\/\/support.apple.com\/pt-pt\/HT201265<\/a><\/p>\n\n\n\n<p>Opera<br><a href=\"https:\/\/www.opera.com\/help\/tutorials\/security\/privacy\/\" target=\"_blank\" rel=\"noopener\">https:\/\/www.opera.com\/help\/tutorials\/security\/privacy\/<\/a><\/p>\n<\/div>\n<\/div>\n","protected":false},"excerpt":{"rendered":"<p>Politique de Confidentialit\u00e9 Informations g\u00e9n\u00e9rales A. Responsable du traitement La soci\u00e9t\u00e9 Geometriktarget, Lda, ci-apr\u00e8s \u00ab&nbsp;Geometrik&nbsp;\u00bb, est le responsable du traitement de vos donn\u00e9es personnelles.Pour toute question li\u00e9e \u00e0 tes donn\u00e9es personnelles et leur traitement, tu peux nous contacter aux coordonn\u00e9es suivantes. Adresse&nbsp;: Rua Fam\u00edlia Malaquias, Lote 2, 3880-327 Ovar (Portugal)Courriel&nbsp;: info@geometriktarget.comT\u00e9l\u00e9phone&nbsp;: (+33) 178 906 727 [&hellip;]<\/p>\n","protected":false},"author":1,"featured_media":0,"parent":0,"menu_order":41,"comment_status":"closed","ping_status":"closed","template":"","meta":{"_acf_changed":false,"footnotes":""},"class_list":["post-4678","page","type-page","status-publish","hentry"],"acf":[],"_links":{"self":[{"href":"https:\/\/geometriktarget.com\/fr\/wp-json\/wp\/v2\/pages\/4678","targetHints":{"allow":["GET"]}}],"collection":[{"href":"https:\/\/geometriktarget.com\/fr\/wp-json\/wp\/v2\/pages"}],"about":[{"href":"https:\/\/geometriktarget.com\/fr\/wp-json\/wp\/v2\/types\/page"}],"author":[{"embeddable":true,"href":"https:\/\/geometriktarget.com\/fr\/wp-json\/wp\/v2\/users\/1"}],"replies":[{"embeddable":true,"href":"https:\/\/geometriktarget.com\/fr\/wp-json\/wp\/v2\/comments?post=4678"}],"version-history":[{"count":1,"href":"https:\/\/geometriktarget.com\/fr\/wp-json\/wp\/v2\/pages\/4678\/revisions"}],"predecessor-version":[{"id":4685,"href":"https:\/\/geometriktarget.com\/fr\/wp-json\/wp\/v2\/pages\/4678\/revisions\/4685"}],"wp:attachment":[{"href":"https:\/\/geometriktarget.com\/fr\/wp-json\/wp\/v2\/media?parent=4678"}],"curies":[{"name":"wp","href":"https:\/\/api.w.org\/{rel}","templated":true}]}}