{"id":4755,"date":"2024-03-10T03:48:32","date_gmt":"2024-03-10T03:48:32","guid":{"rendered":"http:\/\/geometrik.local\/sobre-nos\/"},"modified":"2024-08-13T16:19:55","modified_gmt":"2024-08-13T15:19:55","slug":"a-propos-geometrik","status":"publish","type":"page","link":"https:\/\/geometriktarget.com\/fr\/a-propos-geometrik\/","title":{"rendered":"\u00c0 Propos Geometrik"},"content":{"rendered":"\n<div class=\"wp-block-group has-global-padding is-layout-constrained wp-container-core-group-is-layout-0ac99041 wp-block-group-is-layout-constrained\" style=\"padding-top:var(--wp--preset--spacing--60);padding-right:var(--wp--preset--spacing--30);padding-bottom:var(--wp--preset--spacing--60);padding-left:var(--wp--preset--spacing--30)\">\n<div class=\"wp-block-group has-global-padding is-layout-constrained wp-block-group-is-layout-constrained\">\n<h1 class=\"wp-block-heading has-text-align-center\">Geometrik Flooring Solutions<\/h1>\n\n\n\n<hr class=\"wp-block-separator has-alpha-channel-opacity is-style-separator-geometrik\"\/>\n\n\n\n<p class=\"has-text-align-center has-medium-font-size\" style=\"margin-bottom:var(--wp--preset--spacing--40)\">Trouve le rev\u00eatement de sol id\u00e9al pour ton club de fitness, ton commerce ou ton logement.<\/p>\n<\/div>\n<\/div>\n\n\n\n<div class=\"wp-block-group has-white-background-color has-background has-global-padding is-layout-constrained wp-container-core-group-is-layout-c5292bcf wp-block-group-is-layout-constrained\" style=\"padding-top:var(--wp--preset--spacing--60);padding-right:var(--wp--preset--spacing--30);padding-bottom:var(--wp--preset--spacing--60);padding-left:var(--wp--preset--spacing--30)\">\n<div class=\"wp-block-group has-global-padding is-layout-constrained wp-block-group-is-layout-constrained\">\n<h2 class=\"wp-block-heading\">L&rsquo;entreprise<\/h2>\n\n\n\n<p>Notre <strong>entreprise est sp\u00e9cialis\u00e9e dans la vente de solutions de rev\u00eatement de sol<\/strong> et c\u2019est l\u00e0 que nous faisons la diff\u00e9rence. Que ce soit un <strong>projet personnel<\/strong> ou <strong>professionnel<\/strong>, le choix d\u2019un rev\u00eatement de sol est une d\u00e9marche plus complexe qu\u2019il n\u2019y peut para\u00eetre au d\u00e9part. Le choix de la bonne solution peut optimiser votre espace de fa\u00e7on non perceptible au premier abord. Ce n\u2019est qu\u2019apr\u00e8s l\u2019investissement que des besoins ou des questions vont le faire appara\u00eetre.<\/p>\n\n\n\n<p>Le r\u00f4le de Geometrik est d\u2019acc\u00e9l\u00e9rer cette courbe d\u2019apprentissage et de t\u2019aider \u00e0 trouver la meilleure alternative suivant tes objectifs.<\/p>\n\n\n\n<h3 class=\"wp-block-heading\" style=\"margin-bottom:var(--wp--preset--spacing--40)\">Augmente le confort et la s\u00e9curit\u00e9 de ton espace avec le bon rev\u00eatement de sol.<\/h3>\n\n\n\n<div class=\"wp-block-buttons is-content-justification-center is-layout-flex wp-container-core-buttons-is-layout-a89b3969 wp-block-buttons-is-layout-flex\">\n<div class=\"wp-block-button\"><a class=\"wp-block-button__link has-white-color has-cta-background-color has-text-color has-background has-link-color wp-element-button\" href=\"https:\/\/geometriktarget.com\/fr\/revetements-de-sol\/\">Voir tous les rev\u00eatements de sol<\/a><\/div>\n<\/div>\n<\/div>\n<\/div>\n\n\n\n<div class=\"wp-block-group has-global-padding is-layout-constrained wp-container-core-group-is-layout-c5292bcf wp-block-group-is-layout-constrained\" style=\"padding-top:var(--wp--preset--spacing--60);padding-right:var(--wp--preset--spacing--30);padding-bottom:var(--wp--preset--spacing--60);padding-left:var(--wp--preset--spacing--30)\">\n<div class=\"wp-block-group alignwide is-layout-flow wp-block-group-is-layout-flow\">\n<h2 class=\"wp-block-heading has-text-align-center\">Ce que Geometrik peut faire pour toi<\/h2>\n\n\n\n<hr class=\"wp-block-separator has-alpha-channel-opacity is-style-separator-geometrik\"\/>\n\n\n\n<div class=\"wp-block-group grid grid-4 gap-20 xl-grid-3 m-grid-2 xs-grid-1 has-dark-grey-color has-text-color has-link-color wp-elements-7194ba5310beba6fa59a0886b73edbbf is-layout-flow wp-block-group-is-layout-flow\" style=\"margin-bottom:var(--wp--preset--spacing--30);line-height:1.2;text-transform:none\">\n<div class=\"wp-block-group w-100 relative linkable feature-button has-border-color has-medium-light-grey-border-color has-global-padding is-content-justification-left is-layout-constrained wp-container-core-group-is-layout-c1cd3b84 wp-block-group-is-layout-constrained\" style=\"border-width:1px;padding-top:var(--wp--preset--spacing--30);padding-right:var(--wp--preset--spacing--30);padding-bottom:var(--wp--preset--spacing--30);padding-left:var(--wp--preset--spacing--30)\">\n<figure class=\"wp-block-image size-full is-resized\"><img loading=\"lazy\" decoding=\"async\" width=\"120\" height=\"120\" src=\"https:\/\/geometriktarget.com\/wp-content\/uploads\/2024\/04\/aconselhamento-tecnico.svg\" alt=\"\" class=\"wp-image-4745\" style=\"width:120px;height:auto\"\/><\/figure>\n\n\n\n<h3 class=\"wp-block-heading\">Conseil technique<\/h3>\n\n\n\n<p>Ensemble, nous trouvons la <strong>solution la mieux<\/strong> adapt\u00e9e \u00e0 ton espace.<\/p>\n<\/div>\n\n\n\n<div class=\"wp-block-group w-100 relative linkable feature-button has-border-color has-medium-light-grey-border-color has-global-padding is-content-justification-left is-layout-constrained wp-container-core-group-is-layout-c1cd3b84 wp-block-group-is-layout-constrained\" style=\"border-width:1px;padding-top:var(--wp--preset--spacing--30);padding-right:var(--wp--preset--spacing--30);padding-bottom:var(--wp--preset--spacing--30);padding-left:var(--wp--preset--spacing--30)\">\n<figure class=\"wp-block-image size-full is-resized\"><img loading=\"lazy\" decoding=\"async\" width=\"120\" height=\"120\" src=\"https:\/\/geometriktarget.com\/wp-content\/uploads\/2024\/04\/consultoria.svg\" alt=\"\" class=\"wp-image-4740\" style=\"width:120px;height:auto\"\/><\/figure>\n\n\n\n<h3 class=\"wp-block-heading\">Conseil<\/h3>\n\n\n\n<p>Nous \u00e9tudions ton projet en d\u00e9tail pour <strong>rentabiliser au mieux ton investissement<\/strong>.<\/p>\n<\/div>\n\n\n\n<div class=\"wp-block-group w-100 relative linkable feature-button has-border-color has-medium-light-grey-border-color has-global-padding is-content-justification-left is-layout-constrained wp-container-core-group-is-layout-c1cd3b84 wp-block-group-is-layout-constrained\" style=\"border-width:1px;padding-top:var(--wp--preset--spacing--30);padding-right:var(--wp--preset--spacing--30);padding-bottom:var(--wp--preset--spacing--30);padding-left:var(--wp--preset--spacing--30)\">\n<figure class=\"wp-block-image size-full is-resized\"><img loading=\"lazy\" decoding=\"async\" width=\"120\" height=\"120\" src=\"https:\/\/geometriktarget.com\/wp-content\/uploads\/2024\/04\/servico-pos-venda.svg\" alt=\"\" class=\"wp-image-4735\" style=\"width:120px;height:auto\"\/><\/figure>\n\n\n\n<h3 class=\"wp-block-heading\">Service apr\u00e8s-vente<\/h3>\n\n\n\n<p>Notre suivi ne s&rsquo;ach\u00e8ve pas au moment de la vente. Notre \u00e9quipe technique est \u00e0 disposition pour t&rsquo;<strong>aider \u00e0 tout moment<\/strong>.<\/p>\n<\/div>\n\n\n\n<div class=\"wp-block-group w-100 relative linkable feature-button has-border-color has-medium-light-grey-border-color has-global-padding is-content-justification-left is-layout-constrained wp-container-core-group-is-layout-c1cd3b84 wp-block-group-is-layout-constrained\" style=\"border-width:1px;padding-top:var(--wp--preset--spacing--30);padding-right:var(--wp--preset--spacing--30);padding-bottom:var(--wp--preset--spacing--30);padding-left:var(--wp--preset--spacing--30)\">\n<figure class=\"wp-block-image size-full is-resized\"><img loading=\"lazy\" decoding=\"async\" width=\"120\" height=\"120\" src=\"https:\/\/geometriktarget.com\/wp-content\/uploads\/2024\/04\/performance.svg\" alt=\"\" class=\"wp-image-4730\" style=\"width:120px;height:auto\"\/><\/figure>\n\n\n\n<h3 class=\"wp-block-heading\">Performance<\/h3>\n\n\n\n<p>Des rev\u00eatements de sol de qualit\u00e9 pour une plus <strong>grande durabilit\u00e9<\/strong> de ton espace et de tes \u00e9quipements.<\/p>\n<\/div>\n\n\n\n<div class=\"wp-block-group w-100 relative linkable feature-button has-border-color has-medium-light-grey-border-color has-global-padding is-content-justification-left is-layout-constrained wp-container-core-group-is-layout-c1cd3b84 wp-block-group-is-layout-constrained\" style=\"border-width:1px;padding-top:var(--wp--preset--spacing--30);padding-right:var(--wp--preset--spacing--30);padding-bottom:var(--wp--preset--spacing--30);padding-left:var(--wp--preset--spacing--30)\">\n<figure class=\"wp-block-image size-full is-resized\"><img loading=\"lazy\" decoding=\"async\" width=\"120\" height=\"120\" src=\"https:\/\/geometriktarget.com\/wp-content\/uploads\/2024\/04\/sustentabilidade.svg\" alt=\"\" class=\"wp-image-4725\" style=\"width:120px;height:auto\"\/><\/figure>\n\n\n\n<h3 class=\"wp-block-heading\">Durabilit\u00e9<\/h3>\n\n\n\n<p>Dans le but de pr\u00e9server notre plan\u00e8te, nous privil\u00e9gions l&rsquo;usage de <strong>mat\u00e9riaux et de techniques durables<\/strong>.<\/p>\n<\/div>\n\n\n\n<div class=\"wp-block-group w-100 relative linkable feature-button has-border-color has-medium-light-grey-border-color has-global-padding is-content-justification-left is-layout-constrained wp-container-core-group-is-layout-c1cd3b84 wp-block-group-is-layout-constrained\" style=\"border-width:1px;padding-top:var(--wp--preset--spacing--30);padding-right:var(--wp--preset--spacing--30);padding-bottom:var(--wp--preset--spacing--30);padding-left:var(--wp--preset--spacing--30)\">\n<figure class=\"wp-block-image size-full is-resized\"><img loading=\"lazy\" decoding=\"async\" width=\"120\" height=\"120\" src=\"https:\/\/geometriktarget.com\/wp-content\/uploads\/2024\/04\/garantia-qualidade.svg\" alt=\"\" class=\"wp-image-4720\" style=\"width:120px;height:auto\"\/><\/figure>\n\n\n\n<h3 class=\"wp-block-heading\">Garantie de qualit\u00e9<\/h3>\n\n\n\n<p>Nous veillons \u00e0 la qualit\u00e9 de nos produits gr\u00e2ce \u00e0 un <strong>contr\u00f4le r\u00e9gulier et rigoureux<\/strong>, ainsi qu&rsquo;\u00e0 tous les <strong>tests<\/strong> n\u00e9cessaires \u00e0 la bonne performance du rev\u00eatement de sol.<\/p>\n<\/div>\n\n\n\n<div class=\"wp-block-group w-100 relative linkable feature-button has-border-color has-medium-light-grey-border-color has-global-padding is-content-justification-left is-layout-constrained wp-container-core-group-is-layout-c1cd3b84 wp-block-group-is-layout-constrained\" style=\"border-width:1px;padding-top:var(--wp--preset--spacing--30);padding-right:var(--wp--preset--spacing--30);padding-bottom:var(--wp--preset--spacing--30);padding-left:var(--wp--preset--spacing--30)\">\n<figure class=\"wp-block-image size-full is-resized\"><img loading=\"lazy\" decoding=\"async\" width=\"120\" height=\"120\" src=\"https:\/\/geometriktarget.com\/wp-content\/uploads\/2024\/04\/seguranca.svg\" alt=\"\" class=\"wp-image-4715\" style=\"width:120px;height:auto\"\/><\/figure>\n\n\n\n<h3 class=\"wp-block-heading\">S\u00e9curit\u00e9<\/h3>\n\n\n\n<p>Un bon rev\u00eatement de sol adapt\u00e9 \u00e0 ton espace offre davantage de <strong>confort et de s\u00e9curit\u00e9<\/strong> aux usagers et \u00e0 l&rsquo;environnement.<\/p>\n<\/div>\n\n\n\n<div class=\"wp-block-group w-100 relative linkable feature-button has-border-color has-medium-light-grey-border-color has-global-padding is-content-justification-left is-layout-constrained wp-container-core-group-is-layout-c1cd3b84 wp-block-group-is-layout-constrained\" style=\"border-width:1px;padding-top:var(--wp--preset--spacing--30);padding-right:var(--wp--preset--spacing--30);padding-bottom:var(--wp--preset--spacing--30);padding-left:var(--wp--preset--spacing--30)\">\n<figure class=\"wp-block-image size-full is-resized\"><img loading=\"lazy\" decoding=\"async\" width=\"120\" height=\"120\" src=\"https:\/\/geometriktarget.com\/wp-content\/uploads\/2024\/04\/confianca.svg\" alt=\"\" class=\"wp-image-4710\" style=\"width:120px;height:auto\"\/><\/figure>\n\n\n\n<h3 class=\"wp-block-heading\">Confiance<\/h3>\n\n\n\n<p>Nous souhaitons nouer avec toi une relation de proximit\u00e9, transparente et durable sur le long terme.<\/p>\n<\/div>\n<\/div>\n<\/div>\n<\/div>\n","protected":false},"excerpt":{"rendered":"<p>Geometrik Flooring Solutions Trouve le rev\u00eatement de sol id\u00e9al pour ton club de fitness, ton commerce ou ton logement. L&rsquo;entreprise Notre entreprise est sp\u00e9cialis\u00e9e dans la vente de solutions de rev\u00eatement de sol et c\u2019est l\u00e0 que nous faisons la diff\u00e9rence. Que ce soit un projet personnel ou professionnel, le choix d\u2019un rev\u00eatement de sol [&hellip;]<\/p>\n","protected":false},"author":1,"featured_media":0,"parent":0,"menu_order":77,"comment_status":"closed","ping_status":"closed","template":"","meta":{"_acf_changed":false,"footnotes":""},"class_list":["post-4755","page","type-page","status-publish","hentry"],"acf":[],"_links":{"self":[{"href":"https:\/\/geometriktarget.com\/fr\/wp-json\/wp\/v2\/pages\/4755","targetHints":{"allow":["GET"]}}],"collection":[{"href":"https:\/\/geometriktarget.com\/fr\/wp-json\/wp\/v2\/pages"}],"about":[{"href":"https:\/\/geometriktarget.com\/fr\/wp-json\/wp\/v2\/types\/page"}],"author":[{"embeddable":true,"href":"https:\/\/geometriktarget.com\/fr\/wp-json\/wp\/v2\/users\/1"}],"replies":[{"embeddable":true,"href":"https:\/\/geometriktarget.com\/fr\/wp-json\/wp\/v2\/comments?post=4755"}],"version-history":[{"count":4,"href":"https:\/\/geometriktarget.com\/fr\/wp-json\/wp\/v2\/pages\/4755\/revisions"}],"predecessor-version":[{"id":9380,"href":"https:\/\/geometriktarget.com\/fr\/wp-json\/wp\/v2\/pages\/4755\/revisions\/9380"}],"wp:attachment":[{"href":"https:\/\/geometriktarget.com\/fr\/wp-json\/wp\/v2\/media?parent=4755"}],"curies":[{"name":"wp","href":"https:\/\/api.w.org\/{rel}","templated":true}]}}