{"id":4158,"date":"2024-03-07T21:21:23","date_gmt":"2024-03-07T21:21:23","guid":{"rendered":"http:\/\/geometrik.local\/contactos\/"},"modified":"2025-05-16T08:45:14","modified_gmt":"2025-05-16T07:45:14","slug":"contatti","status":"publish","type":"page","link":"https:\/\/geometriktarget.com\/it\/contatti\/","title":{"rendered":"Contatti"},"content":{"rendered":"\n<div class=\"wp-block-group p-block-40 p-inline-30 xxs-p-30 has-white-background-color has-background has-global-padding is-layout-constrained wp-block-group-is-layout-constrained\">\n<div class=\"wp-block-group m-text-center has-global-padding is-layout-constrained wp-block-group-is-layout-constrained\" style=\"margin-bottom:var(--wp--preset--spacing--40)\">\n<h2 class=\"wp-block-heading\">Contatti<\/h2>\n\n\n\n<p>Siamo a disposizione per rispondere a qualsiasi tua domanda.<br>Visita la sezione <a href=\"https:\/\/geometriktarget.com\/it\/domande-frequenti\/\" data-type=\"page\" data-id=\"4630\">Domande Frequenti<\/a>.<\/p>\n<\/div>\n\n\n\n<div class=\"wp-block-group flex gap-40 m-flex-col-reverse has-global-padding is-layout-constrained wp-block-group-is-layout-constrained\">\n<div class=\"wp-block-group flex-1 is-layout-flow wp-block-group-is-layout-flow\">\n<div class=\"wp-block-group flex gap-20 is-layout-flow wp-block-group-is-layout-flow\" style=\"margin-bottom:var(--wp--preset--spacing--40)\">\n<figure class=\"wp-block-image size-full is-resized\"><img loading=\"lazy\" decoding=\"async\" width=\"120\" height=\"120\" src=\"https:\/\/geometriktarget.com\/wp-content\/uploads\/2024\/04\/aconselhamento-tecnico.svg\" alt=\"\" class=\"wp-image-4745\" style=\"width:50px\" srcset=\"https:\/\/geometriktarget.com\/wp-content\/uploads\/2024\/04\/aconselhamento-tecnico.svg 150w, https:\/\/geometriktarget.com\/wp-content\/uploads\/2024\/04\/aconselhamento-tecnico.svg 300w, https:\/\/geometriktarget.com\/wp-content\/uploads\/2024\/04\/aconselhamento-tecnico.svg 1024w, https:\/\/geometriktarget.com\/wp-content\/uploads\/2024\/04\/aconselhamento-tecnico.svg 1536w, https:\/\/geometriktarget.com\/wp-content\/uploads\/2024\/04\/aconselhamento-tecnico.svg 2048w, https:\/\/geometriktarget.com\/wp-content\/uploads\/2024\/04\/aconselhamento-tecnico.svg 100w, https:\/\/geometriktarget.com\/wp-content\/uploads\/2024\/04\/aconselhamento-tecnico.svg 400w, https:\/\/geometriktarget.com\/wp-content\/uploads\/2024\/04\/aconselhamento-tecnico.svg 620w, https:\/\/geometriktarget.com\/wp-content\/uploads\/2024\/04\/aconselhamento-tecnico.svg 120w\" sizes=\"auto, (max-width: 120px) 100vw, 120px\" \/><\/figure>\n\n\n\n<div class=\"wp-block-group has-global-padding is-layout-constrained wp-block-group-is-layout-constrained\">\n<h3 class=\"wp-block-heading has-medium-font-size\">Ufficio<\/h3>\n\n\n\n<p>Rua Fam\u00edlia Malaquias, Lote 2<br>3880-327 Ovar<br>Portugal<\/p>\n\n\n\n<p class=\"has-small-font-size\"><a href=\"https:\/\/maps.app.goo.gl\/6zqYwdfzgZQLjxPh9\" target=\"_blank\" rel=\"noreferrer noopener\">Vedi posizione<\/a><\/p>\n<\/div>\n<\/div>\n\n\n\n<div class=\"wp-block-group flex gap-20 is-layout-flow wp-block-group-is-layout-flow\" style=\"margin-bottom:var(--wp--preset--spacing--40)\">\n<figure class=\"wp-block-image size-full is-resized\"><img loading=\"lazy\" decoding=\"async\" width=\"120\" height=\"120\" src=\"https:\/\/geometriktarget.com\/wp-content\/uploads\/2024\/04\/servico-pos-venda.svg\" alt=\"\" class=\"wp-image-4735\" style=\"width:50px\" srcset=\"https:\/\/geometriktarget.com\/wp-content\/uploads\/2024\/04\/servico-pos-venda.svg 150w, https:\/\/geometriktarget.com\/wp-content\/uploads\/2024\/04\/servico-pos-venda.svg 300w, https:\/\/geometriktarget.com\/wp-content\/uploads\/2024\/04\/servico-pos-venda.svg 1024w, https:\/\/geometriktarget.com\/wp-content\/uploads\/2024\/04\/servico-pos-venda.svg 1536w, https:\/\/geometriktarget.com\/wp-content\/uploads\/2024\/04\/servico-pos-venda.svg 2048w, https:\/\/geometriktarget.com\/wp-content\/uploads\/2024\/04\/servico-pos-venda.svg 100w, https:\/\/geometriktarget.com\/wp-content\/uploads\/2024\/04\/servico-pos-venda.svg 400w, https:\/\/geometriktarget.com\/wp-content\/uploads\/2024\/04\/servico-pos-venda.svg 620w, https:\/\/geometriktarget.com\/wp-content\/uploads\/2024\/04\/servico-pos-venda.svg 120w\" sizes=\"auto, (max-width: 120px) 100vw, 120px\" \/><\/figure>\n\n\n\n<div class=\"wp-block-group has-global-padding is-layout-constrained wp-block-group-is-layout-constrained\">\n<h3 class=\"wp-block-heading has-medium-font-size\">Telefono<\/h3>\n\n\n\n<p><a href=\"tel:+39 02 9475 1615\">+39 02 9475 1615<\/a><\/p>\n\n\n\n<p>Luned\u00ec &#8211; Gioved\u00ec: dalle 9h30 alle 19h<br>Venerd\u00ec: dalle 9h30 alle 13h30<\/p>\n<\/div>\n<\/div>\n\n\n\n<div class=\"wp-block-group flex gap-20 is-layout-flow wp-block-group-is-layout-flow\">\n<figure class=\"wp-block-image size-full is-resized\"><img loading=\"lazy\" decoding=\"async\" width=\"120\" height=\"120\" src=\"https:\/\/geometriktarget.com\/wp-content\/uploads\/2024\/04\/email.svg\" alt=\"\" class=\"wp-image-4787\" style=\"width:50px\" srcset=\"https:\/\/geometriktarget.com\/wp-content\/uploads\/2024\/04\/email.svg 150w, https:\/\/geometriktarget.com\/wp-content\/uploads\/2024\/04\/email.svg 300w, https:\/\/geometriktarget.com\/wp-content\/uploads\/2024\/04\/email.svg 1024w, https:\/\/geometriktarget.com\/wp-content\/uploads\/2024\/04\/email.svg 1536w, https:\/\/geometriktarget.com\/wp-content\/uploads\/2024\/04\/email.svg 2048w, https:\/\/geometriktarget.com\/wp-content\/uploads\/2024\/04\/email.svg 100w, https:\/\/geometriktarget.com\/wp-content\/uploads\/2024\/04\/email.svg 400w, https:\/\/geometriktarget.com\/wp-content\/uploads\/2024\/04\/email.svg 620w, https:\/\/geometriktarget.com\/wp-content\/uploads\/2024\/04\/email.svg 120w\" sizes=\"auto, (max-width: 120px) 100vw, 120px\" \/><\/figure>\n\n\n\n<div class=\"wp-block-group has-global-padding is-layout-constrained wp-block-group-is-layout-constrained\">\n<h3 class=\"wp-block-heading has-medium-font-size\">E-mail<\/h3>\n\n\n\n<p><a href=\"mailto:info@geometriktarget.com\">info@geometriktarget.com<\/a><\/p>\n<\/div>\n<\/div>\n<\/div>\n\n\n\n<div class=\"wp-block-group flex-1 has-global-padding is-layout-constrained wp-block-group-is-layout-constrained\"><div class=\"\"><div class='_form_139'><\/div><script type='text\/javascript' src='https:\/\/geometriktarget.activehosted.com\/f\/embed.php?static=0&id=139&69DEAEB429F13&nostyles=0&preview=0'><\/script><\/div><\/div>\n<\/div>\n<\/div>\n","protected":false},"excerpt":{"rendered":"<p>Contatti Siamo a disposizione per rispondere a qualsiasi tua domanda.Visita la sezione Domande Frequenti. Ufficio Rua Fam\u00edlia Malaquias, Lote 23880-327 OvarPortugal Vedi posizione Telefono +39 02 9475 1615 Luned\u00ec &#8211; Gioved\u00ec: dalle 9h30 alle 19hVenerd\u00ec: dalle 9h30 alle 13h30 E-mail info@geometriktarget.com<\/p>\n","protected":false},"author":1,"featured_media":0,"parent":0,"menu_order":76,"comment_status":"closed","ping_status":"closed","template":"","meta":{"_acf_changed":false,"footnotes":""},"class_list":["post-4158","page","type-page","status-publish","hentry"],"acf":[],"_links":{"self":[{"href":"https:\/\/geometriktarget.com\/it\/wp-json\/wp\/v2\/pages\/4158","targetHints":{"allow":["GET"]}}],"collection":[{"href":"https:\/\/geometriktarget.com\/it\/wp-json\/wp\/v2\/pages"}],"about":[{"href":"https:\/\/geometriktarget.com\/it\/wp-json\/wp\/v2\/types\/page"}],"author":[{"embeddable":true,"href":"https:\/\/geometriktarget.com\/it\/wp-json\/wp\/v2\/users\/1"}],"replies":[{"embeddable":true,"href":"https:\/\/geometriktarget.com\/it\/wp-json\/wp\/v2\/comments?post=4158"}],"version-history":[{"count":20,"href":"https:\/\/geometriktarget.com\/it\/wp-json\/wp\/v2\/pages\/4158\/revisions"}],"predecessor-version":[{"id":10582,"href":"https:\/\/geometriktarget.com\/it\/wp-json\/wp\/v2\/pages\/4158\/revisions\/10582"}],"wp:attachment":[{"href":"https:\/\/geometriktarget.com\/it\/wp-json\/wp\/v2\/media?parent=4158"}],"curies":[{"name":"wp","href":"https:\/\/api.w.org\/{rel}","templated":true}]}}