{"id":4217,"date":"2024-03-15T18:38:51","date_gmt":"2024-03-15T18:38:51","guid":{"rendered":"http:\/\/geometrik.local\/pavimenti\/relvas-artificiais\/"},"modified":"2024-04-25T17:34:45","modified_gmt":"2024-04-25T16:34:45","slug":"relvas-artificiais","status":"publish","type":"page","link":"https:\/\/geometriktarget.com\/it\/pavimenti-palestra\/relvas-artificiais\/","title":{"rendered":"Prato Sintetico"},"content":{"rendered":"\n<div class=\"wp-block-group p-block-60 p-inline-30 xs-p-block-30 xs-p-inline-0 has-global-padding is-layout-constrained wp-block-group-is-layout-constrained\">\n<div class=\"wp-block-group alignwide is-layout-flow wp-block-group-is-layout-flow\">\n<div class=\"wp-block-group xs-p-inline-30 is-layout-flow wp-block-group-is-layout-flow\">\n<h1 class=\"wp-block-heading has-text-align-center\">Prato Sintetico<\/h1>\n\n\n\n<hr class=\"wp-block-separator has-alpha-channel-opacity is-style-separator-geometrik\"\/>\n\n\n\n<p class=\"has-text-align-center has-medium-font-size\" style=\"margin-bottom:var(--wp--preset--spacing--40)\">Ottimizzate la sicurezza, il comfort e le prestazioni del vostro spazio di allenamento con la giusta pavimentazione.<\/p>\n<\/div>\n\n\n\n<div class=\"wp-block-query is-layout-flow wp-block-query-is-layout-flow\"><ul class=\"grid grid-2 gap-40 l-grid-1 xs-gap-0 wp-block-post-template is-layout-flow wp-block-post-template-is-layout-flow\"><li class=\"wp-block-post post-4145 pavimento-ginasio type-pavimento-ginasio status-publish has-post-thumbnail hentry tipo-pavimento-erba-artificiale aplicacao-pavimento-allenamento-funzionale aplicacao-pavimento-crossfit-cross-training-it aplicacao-pavimento-golf-it aplicacao-pavimento-palestra-in-casa aplicacao-pavimento-piste-sprint\">\n\n<div class=\"wp-block-group flex product-loop-item has-white-background-color has-background is-layout-flow wp-block-group-is-layout-flow\" style=\"padding-top:0;padding-right:0;padding-bottom:0;padding-left:0\"><figure class=\"flex-1 max-w-50 m-max-w-100 product-loop-image wp-block-post-featured-image\"><a href=\"https:\/\/geometriktarget.com\/it\/pavimenti-palestra\/prato-sintetico-curledtrail\/\" target=\"_self\"  ><img loading=\"lazy\" decoding=\"async\" width=\"900\" height=\"900\" src=\"https:\/\/geometriktarget.com\/wp-content\/uploads\/2024\/03\/pavimento-curledtrail-1.jpg\" class=\"attachment-post-thumbnail size-post-thumbnail wp-post-image\" alt=\"CurledTrail\" style=\"object-fit:cover;\" srcset=\"https:\/\/geometriktarget.com\/wp-content\/uploads\/2024\/03\/pavimento-curledtrail-1.jpg 900w, https:\/\/geometriktarget.com\/wp-content\/uploads\/2024\/03\/pavimento-curledtrail-1-300x300.jpg 300w, https:\/\/geometriktarget.com\/wp-content\/uploads\/2024\/03\/pavimento-curledtrail-1-150x150.jpg 150w, https:\/\/geometriktarget.com\/wp-content\/uploads\/2024\/03\/pavimento-curledtrail-1-768x768.jpg 768w, https:\/\/geometriktarget.com\/wp-content\/uploads\/2024\/03\/pavimento-curledtrail-1-100x100.jpg 100w, https:\/\/geometriktarget.com\/wp-content\/uploads\/2024\/03\/pavimento-curledtrail-1-400x400.jpg 400w, https:\/\/geometriktarget.com\/wp-content\/uploads\/2024\/03\/pavimento-curledtrail-1-620x620.jpg 620w\" sizes=\"auto, (max-width: 900px) 100vw, 900px\" \/><\/a><\/figure>\n\n\n<div class=\"wp-block-group flex-1 max-w-50 flex flex-col flex-space-between flex-align-start m-max-w-100 is-layout-flow wp-block-group-is-layout-flow\" style=\"padding-top:var(--wp--preset--spacing--20);padding-right:var(--wp--preset--spacing--20);padding-bottom:var(--wp--preset--spacing--20);padding-left:var(--wp--preset--spacing--20)\">\n<div class=\"wp-block-group is-layout-flow wp-container-core-group-is-layout-9b635ac4 wp-block-group-is-layout-flow\"><h2 class=\"has-link-color wp-elements-19c43d4948cf522f1245508ca23b2abe wp-block-post-title has-text-color has-black-color\">CurledTrail<\/h2>\n\n\n<div class=\"wp-block-group is-layout-flow wp-container-core-group-is-layout-81d5c4b5 wp-block-group-is-layout-flow\">\n<h3 class=\"wp-block-heading has-primary-color has-text-color has-link-color has-medium-font-size wp-elements-8494a6a693b1dc1e757656ce4f6b885d\" style=\"font-style:normal;font-weight:600;line-height:1.2\">Rotolo di prato sintetico<\/h3>\n\n\n\n<p class=\"short-intro\" style=\"line-height:1.2\">Miglior performance negli esercizi di trazione e scivolamento<\/p>\n\n\n<div class=\"icons taxonomy-terms flex flex-col gap-10 wp-elements-4e45418efed07dc352207650756e34ae wp-block-mindprocess-display-taxonomy has-text-color has-dark-grey-color\">\n<div class=\"term small\">Allenamento funzionale<\/div><div class=\"term small\">CrossFit\/Cross Training<\/div><div class=\"term small\">Golf<\/div><div class=\"term small\">Palestra in casa<\/div><\/div><\/div>\n<\/div>\n\n\n\n<div class=\"wp-block-group is-layout-flow wp-container-core-group-is-layout-81d5c4b5 wp-block-group-is-layout-flow\"><a href=\"https:\/\/geometriktarget.com\/it\/pavimenti-palestra\/prato-sintetico-curledtrail\/\" class=\"wp-elements-07f38b6f4ea3a2bbd9c18198c224ba7b wp-block-mindprocess-read-more has-text-color has-white-color\">\n\tVedere CurledTrail<\/a><\/div>\n<\/div>\n<\/div>\n\n<\/li><li class=\"wp-block-post post-6789 pavimento-ginasio type-pavimento-ginasio status-publish has-post-thumbnail hentry tipo-pavimento-erba-artificiale aplicacao-pavimento-allenamento-funzionale aplicacao-pavimento-crossfit-cross-training-it aplicacao-pavimento-multisport-it aplicacao-pavimento-palestra-in-casa aplicacao-pavimento-palestre\">\n\n<div class=\"wp-block-group flex product-loop-item has-white-background-color has-background is-layout-flow wp-block-group-is-layout-flow\" style=\"padding-top:0;padding-right:0;padding-bottom:0;padding-left:0\"><figure class=\"flex-1 max-w-50 m-max-w-100 product-loop-image wp-block-post-featured-image\"><a href=\"https:\/\/geometriktarget.com\/it\/pavimenti-palestra\/multitrail\/\" target=\"_self\"  ><img loading=\"lazy\" decoding=\"async\" width=\"900\" height=\"900\" src=\"https:\/\/geometriktarget.com\/wp-content\/uploads\/2024\/05\/X_multitrail_verde_aplicada.jpg\" class=\"attachment-post-thumbnail size-post-thumbnail wp-post-image\" alt=\"MultiTrail\" style=\"object-fit:cover;\" srcset=\"https:\/\/geometriktarget.com\/wp-content\/uploads\/2024\/05\/X_multitrail_verde_aplicada.jpg 900w, https:\/\/geometriktarget.com\/wp-content\/uploads\/2024\/05\/X_multitrail_verde_aplicada-300x300.jpg 300w, https:\/\/geometriktarget.com\/wp-content\/uploads\/2024\/05\/X_multitrail_verde_aplicada-150x150.jpg 150w, https:\/\/geometriktarget.com\/wp-content\/uploads\/2024\/05\/X_multitrail_verde_aplicada-768x768.jpg 768w, https:\/\/geometriktarget.com\/wp-content\/uploads\/2024\/05\/X_multitrail_verde_aplicada-100x100.jpg 100w, https:\/\/geometriktarget.com\/wp-content\/uploads\/2024\/05\/X_multitrail_verde_aplicada-400x400.jpg 400w, https:\/\/geometriktarget.com\/wp-content\/uploads\/2024\/05\/X_multitrail_verde_aplicada-620x620.jpg 620w\" sizes=\"auto, (max-width: 900px) 100vw, 900px\" \/><\/a><\/figure>\n\n\n<div class=\"wp-block-group flex-1 max-w-50 flex flex-col flex-space-between flex-align-start m-max-w-100 is-layout-flow wp-block-group-is-layout-flow\" style=\"padding-top:var(--wp--preset--spacing--20);padding-right:var(--wp--preset--spacing--20);padding-bottom:var(--wp--preset--spacing--20);padding-left:var(--wp--preset--spacing--20)\">\n<div class=\"wp-block-group is-layout-flow wp-container-core-group-is-layout-9b635ac4 wp-block-group-is-layout-flow\"><h2 class=\"has-link-color wp-elements-19c43d4948cf522f1245508ca23b2abe wp-block-post-title has-text-color has-black-color\">MultiTrail<\/h2>\n\n\n<div class=\"wp-block-group is-layout-flow wp-container-core-group-is-layout-81d5c4b5 wp-block-group-is-layout-flow\">\n<h3 class=\"wp-block-heading has-primary-color has-text-color has-link-color has-medium-font-size wp-elements-8494a6a693b1dc1e757656ce4f6b885d\" style=\"font-style:normal;font-weight:600;line-height:1.2\">Rotolo di prato sintetico<\/h3>\n\n\n\n<p class=\"short-intro\" style=\"line-height:1.2\">Comfort e resistenza per esercizi di mobilit\u00e0 e velocit\u00e0<\/p>\n\n\n<div class=\"icons taxonomy-terms flex flex-col gap-10 wp-elements-4e45418efed07dc352207650756e34ae wp-block-mindprocess-display-taxonomy has-text-color has-dark-grey-color\">\n<div class=\"term small\">Allenamento funzionale<\/div><div class=\"term small\">CrossFit\/Cross Training<\/div><div class=\"term small\">Multisport<\/div><div class=\"term small\">Palestra in casa<\/div><\/div><\/div>\n<\/div>\n\n\n\n<div class=\"wp-block-group is-layout-flow wp-container-core-group-is-layout-81d5c4b5 wp-block-group-is-layout-flow\"><a href=\"https:\/\/geometriktarget.com\/it\/pavimenti-palestra\/multitrail\/\" class=\"wp-elements-07f38b6f4ea3a2bbd9c18198c224ba7b wp-block-mindprocess-read-more has-text-color has-white-color\">\n\tVedere MultiTrail<\/a><\/div>\n<\/div>\n<\/div>\n\n<\/li><li class=\"wp-block-post post-4148 pavimento-ginasio type-pavimento-ginasio status-publish has-post-thumbnail hentry tipo-pavimento-erba-artificiale aplicacao-pavimento-crossfit-cross-training-it aplicacao-pavimento-multisport-it aplicacao-pavimento-padel-it aplicacao-pavimento-palestra-in-casa aplicacao-pavimento-piste-sprint aplicacao-pavimento-tennis-it\">\n\n<div class=\"wp-block-group flex product-loop-item has-white-background-color has-background is-layout-flow wp-block-group-is-layout-flow\" style=\"padding-top:0;padding-right:0;padding-bottom:0;padding-left:0\"><figure class=\"flex-1 max-w-50 m-max-w-100 product-loop-image wp-block-post-featured-image\"><a href=\"https:\/\/geometriktarget.com\/it\/pavimenti-palestra\/prato-sintetico-trail15hd\/\" target=\"_self\"  ><img loading=\"lazy\" decoding=\"async\" width=\"900\" height=\"900\" src=\"https:\/\/geometriktarget.com\/wp-content\/uploads\/2024\/03\/X_trail15hd_vermelha_utilizacao.jpg\" class=\"attachment-post-thumbnail size-post-thumbnail wp-post-image\" alt=\"Trail15HD\" style=\"object-fit:cover;\" srcset=\"https:\/\/geometriktarget.com\/wp-content\/uploads\/2024\/03\/X_trail15hd_vermelha_utilizacao.jpg 900w, https:\/\/geometriktarget.com\/wp-content\/uploads\/2024\/03\/X_trail15hd_vermelha_utilizacao-300x300.jpg 300w, https:\/\/geometriktarget.com\/wp-content\/uploads\/2024\/03\/X_trail15hd_vermelha_utilizacao-150x150.jpg 150w, https:\/\/geometriktarget.com\/wp-content\/uploads\/2024\/03\/X_trail15hd_vermelha_utilizacao-768x768.jpg 768w, https:\/\/geometriktarget.com\/wp-content\/uploads\/2024\/03\/X_trail15hd_vermelha_utilizacao-100x100.jpg 100w, https:\/\/geometriktarget.com\/wp-content\/uploads\/2024\/03\/X_trail15hd_vermelha_utilizacao-400x400.jpg 400w, https:\/\/geometriktarget.com\/wp-content\/uploads\/2024\/03\/X_trail15hd_vermelha_utilizacao-620x620.jpg 620w\" sizes=\"auto, (max-width: 900px) 100vw, 900px\" \/><\/a><\/figure>\n\n\n<div class=\"wp-block-group flex-1 max-w-50 flex flex-col flex-space-between flex-align-start m-max-w-100 is-layout-flow wp-block-group-is-layout-flow\" style=\"padding-top:var(--wp--preset--spacing--20);padding-right:var(--wp--preset--spacing--20);padding-bottom:var(--wp--preset--spacing--20);padding-left:var(--wp--preset--spacing--20)\">\n<div class=\"wp-block-group is-layout-flow wp-container-core-group-is-layout-9b635ac4 wp-block-group-is-layout-flow\"><h2 class=\"has-link-color wp-elements-19c43d4948cf522f1245508ca23b2abe wp-block-post-title has-text-color has-black-color\">Trail15HD<\/h2>\n\n\n<div class=\"wp-block-group is-layout-flow wp-container-core-group-is-layout-81d5c4b5 wp-block-group-is-layout-flow\">\n<h3 class=\"wp-block-heading has-primary-color has-text-color has-link-color has-medium-font-size wp-elements-8494a6a693b1dc1e757656ce4f6b885d\" style=\"font-style:normal;font-weight:600;line-height:1.2\">Rotolo di prato sintetico<\/h3>\n\n\n\n<p class=\"short-intro\" style=\"line-height:1.2\">Resistenza e aderenza per gli esercizi ad alta intensit\u00e0<\/p>\n\n\n<div class=\"icons taxonomy-terms flex flex-col gap-10 wp-elements-4e45418efed07dc352207650756e34ae wp-block-mindprocess-display-taxonomy has-text-color has-dark-grey-color\">\n<div class=\"term small\">CrossFit\/Cross Training<\/div><div class=\"term small\">Multisport<\/div><div class=\"term small\">Padel<\/div><div class=\"term small\">Palestra in casa<\/div><\/div><\/div>\n<\/div>\n\n\n\n<div class=\"wp-block-group is-layout-flow wp-container-core-group-is-layout-81d5c4b5 wp-block-group-is-layout-flow\"><a href=\"https:\/\/geometriktarget.com\/it\/pavimenti-palestra\/prato-sintetico-trail15hd\/\" class=\"wp-elements-07f38b6f4ea3a2bbd9c18198c224ba7b wp-block-mindprocess-read-more has-text-color has-white-color\">\n\tVedere Trail15HD<\/a><\/div>\n<\/div>\n<\/div>\n\n<\/li><li class=\"wp-block-post post-9023 pavimento-ginasio type-pavimento-ginasio status-publish has-post-thumbnail hentry tipo-pavimento-erba-artificiale aplicacao-pavimento-allenamento-funzionale aplicacao-pavimento-crossfit-cross-training-it aplicacao-pavimento-multisport-it aplicacao-pavimento-palestra-in-casa aplicacao-pavimento-palestre\">\n\n<div class=\"wp-block-group flex product-loop-item has-white-background-color has-background is-layout-flow wp-block-group-is-layout-flow\" style=\"padding-top:0;padding-right:0;padding-bottom:0;padding-left:0\"><figure class=\"flex-1 max-w-50 m-max-w-100 product-loop-image wp-block-post-featured-image\"><a href=\"https:\/\/geometriktarget.com\/it\/pavimenti-palestra\/prato-sintetico-laddertrail\/\" target=\"_self\"  ><img loading=\"lazy\" decoding=\"async\" width=\"900\" height=\"900\" src=\"https:\/\/geometriktarget.com\/wp-content\/uploads\/2024\/06\/relva-ladder-site-7.jpg\" class=\"attachment-post-thumbnail size-post-thumbnail wp-post-image\" alt=\"LadderTrail\" style=\"object-fit:cover;\" srcset=\"https:\/\/geometriktarget.com\/wp-content\/uploads\/2024\/06\/relva-ladder-site-7.jpg 900w, https:\/\/geometriktarget.com\/wp-content\/uploads\/2024\/06\/relva-ladder-site-7-300x300.jpg 300w, https:\/\/geometriktarget.com\/wp-content\/uploads\/2024\/06\/relva-ladder-site-7-150x150.jpg 150w, https:\/\/geometriktarget.com\/wp-content\/uploads\/2024\/06\/relva-ladder-site-7-768x768.jpg 768w, https:\/\/geometriktarget.com\/wp-content\/uploads\/2024\/06\/relva-ladder-site-7-100x100.jpg 100w, https:\/\/geometriktarget.com\/wp-content\/uploads\/2024\/06\/relva-ladder-site-7-400x400.jpg 400w, https:\/\/geometriktarget.com\/wp-content\/uploads\/2024\/06\/relva-ladder-site-7-620x620.jpg 620w\" sizes=\"auto, (max-width: 900px) 100vw, 900px\" \/><\/a><\/figure>\n\n\n<div class=\"wp-block-group flex-1 max-w-50 flex flex-col flex-space-between flex-align-start m-max-w-100 is-layout-flow wp-block-group-is-layout-flow\" style=\"padding-top:var(--wp--preset--spacing--20);padding-right:var(--wp--preset--spacing--20);padding-bottom:var(--wp--preset--spacing--20);padding-left:var(--wp--preset--spacing--20)\">\n<div class=\"wp-block-group is-layout-flow wp-container-core-group-is-layout-9b635ac4 wp-block-group-is-layout-flow\"><h2 class=\"has-link-color wp-elements-19c43d4948cf522f1245508ca23b2abe wp-block-post-title has-text-color has-black-color\">LadderTrail<\/h2>\n\n\n<div class=\"wp-block-group is-layout-flow wp-container-core-group-is-layout-81d5c4b5 wp-block-group-is-layout-flow\">\n<h3 class=\"wp-block-heading has-primary-color has-text-color has-link-color has-medium-font-size wp-elements-8494a6a693b1dc1e757656ce4f6b885d\" style=\"font-style:normal;font-weight:600;line-height:1.2\">Rotolo di prato sintetico<\/h3>\n\n\n\n<p class=\"short-intro\" style=\"line-height:1.2\">Allenamenti per velocit\u00e0 e agilit\u00e0 pi\u00f9 precisi.<\/p>\n\n\n<div class=\"icons taxonomy-terms flex flex-col gap-10 wp-elements-4e45418efed07dc352207650756e34ae wp-block-mindprocess-display-taxonomy has-text-color has-dark-grey-color\">\n<div class=\"term small\">Allenamento funzionale<\/div><div class=\"term small\">CrossFit\/Cross Training<\/div><div class=\"term small\">Multisport<\/div><div class=\"term small\">Palestra in casa<\/div><\/div><\/div>\n<\/div>\n\n\n\n<div class=\"wp-block-group is-layout-flow wp-container-core-group-is-layout-81d5c4b5 wp-block-group-is-layout-flow\"><a href=\"https:\/\/geometriktarget.com\/it\/pavimenti-palestra\/prato-sintetico-laddertrail\/\" class=\"wp-elements-07f38b6f4ea3a2bbd9c18198c224ba7b wp-block-mindprocess-read-more has-text-color has-white-color\">\n\tVedere LadderTrail<\/a><\/div>\n<\/div>\n<\/div>\n\n<\/li><li class=\"wp-block-post post-9005 pavimento-ginasio type-pavimento-ginasio status-publish has-post-thumbnail hentry tipo-pavimento-erba-artificiale tipo-pavimento-personalizza-la-tua-palestra aplicacao-pavimento-allenamento-funzionale aplicacao-pavimento-crossfit-cross-training-it aplicacao-pavimento-multisport-it aplicacao-pavimento-palestra-in-casa aplicacao-pavimento-palestre\">\n\n<div class=\"wp-block-group flex product-loop-item has-white-background-color has-background is-layout-flow wp-block-group-is-layout-flow\" style=\"padding-top:0;padding-right:0;padding-bottom:0;padding-left:0\"><figure class=\"flex-1 max-w-50 m-max-w-100 product-loop-image wp-block-post-featured-image\"><a href=\"https:\/\/geometriktarget.com\/it\/pavimenti-palestra\/prato-sintetico-customtrail\/\" target=\"_self\"  ><img loading=\"lazy\" decoding=\"async\" width=\"900\" height=\"900\" src=\"https:\/\/geometriktarget.com\/wp-content\/uploads\/2024\/06\/relva-costumizada-1-site.jpg\" class=\"attachment-post-thumbnail size-post-thumbnail wp-post-image\" alt=\"CustomTrail\" style=\"object-fit:cover;\" srcset=\"https:\/\/geometriktarget.com\/wp-content\/uploads\/2024\/06\/relva-costumizada-1-site.jpg 900w, https:\/\/geometriktarget.com\/wp-content\/uploads\/2024\/06\/relva-costumizada-1-site-300x300.jpg 300w, https:\/\/geometriktarget.com\/wp-content\/uploads\/2024\/06\/relva-costumizada-1-site-150x150.jpg 150w, https:\/\/geometriktarget.com\/wp-content\/uploads\/2024\/06\/relva-costumizada-1-site-768x768.jpg 768w, https:\/\/geometriktarget.com\/wp-content\/uploads\/2024\/06\/relva-costumizada-1-site-100x100.jpg 100w, https:\/\/geometriktarget.com\/wp-content\/uploads\/2024\/06\/relva-costumizada-1-site-400x400.jpg 400w, https:\/\/geometriktarget.com\/wp-content\/uploads\/2024\/06\/relva-costumizada-1-site-620x620.jpg 620w\" sizes=\"auto, (max-width: 900px) 100vw, 900px\" \/><\/a><\/figure>\n\n\n<div class=\"wp-block-group flex-1 max-w-50 flex flex-col flex-space-between flex-align-start m-max-w-100 is-layout-flow wp-block-group-is-layout-flow\" style=\"padding-top:var(--wp--preset--spacing--20);padding-right:var(--wp--preset--spacing--20);padding-bottom:var(--wp--preset--spacing--20);padding-left:var(--wp--preset--spacing--20)\">\n<div class=\"wp-block-group is-layout-flow wp-container-core-group-is-layout-9b635ac4 wp-block-group-is-layout-flow\"><h2 class=\"has-link-color wp-elements-19c43d4948cf522f1245508ca23b2abe wp-block-post-title has-text-color has-black-color\">CustomTrail<\/h2>\n\n\n<div class=\"wp-block-group is-layout-flow wp-container-core-group-is-layout-81d5c4b5 wp-block-group-is-layout-flow\">\n<h3 class=\"wp-block-heading has-primary-color has-text-color has-link-color has-medium-font-size wp-elements-8494a6a693b1dc1e757656ce4f6b885d\" style=\"font-style:normal;font-weight:600;line-height:1.2\">Prato sintetico personalizzabile <\/h3>\n\n\n\n<p class=\"short-intro\" style=\"line-height:1.2\">Spazio Premium confortevole per allenamenti di trazione e scorrimento.<\/p>\n\n\n<div class=\"icons taxonomy-terms flex flex-col gap-10 wp-elements-4e45418efed07dc352207650756e34ae wp-block-mindprocess-display-taxonomy has-text-color has-dark-grey-color\">\n<div class=\"term small\">Allenamento funzionale<\/div><div class=\"term small\">CrossFit\/Cross Training<\/div><div class=\"term small\">Multisport<\/div><div class=\"term small\">Palestra in casa<\/div><\/div><\/div>\n<\/div>\n\n\n\n<div class=\"wp-block-group is-layout-flow wp-container-core-group-is-layout-81d5c4b5 wp-block-group-is-layout-flow\"><a href=\"https:\/\/geometriktarget.com\/it\/pavimenti-palestra\/prato-sintetico-customtrail\/\" class=\"wp-elements-07f38b6f4ea3a2bbd9c18198c224ba7b wp-block-mindprocess-read-more has-text-color has-white-color\">\n\tVedere CustomTrail<\/a><\/div>\n<\/div>\n<\/div>\n\n<\/li><\/ul>\n\n\n<div class=\"wp-block-group has-global-padding is-layout-constrained wp-block-group-is-layout-constrained\" style=\"padding-top:var(--wp--preset--spacing--20)\">\n\n<\/div>\n<\/div>\n<\/div>\n<\/div>\n\n\n\n<div class=\"wp-block-group cta-duvidas-container flex flex-justify-start flex-align-center xs-flex-align-end relative has-cta-background-color has-background has-global-padding is-layout-constrained wp-container-core-group-is-layout-f90d3be4 wp-block-group-is-layout-constrained\" style=\"min-height:313px;padding-top:var(--wp--preset--spacing--40);padding-right:var(--wp--preset--spacing--30);padding-bottom:var(--wp--preset--spacing--40);padding-left:var(--wp--preset--spacing--30);background-image:url(&apos;https:\/\/geometriktarget.com\/wp-content\/uploads\/2024\/04\/Design-sem-nome-6-1.png&apos;);background-position:75% 50%;background-size:cover;\">\n<div class=\"wp-block-group alignwide w-100 is-layout-flow wp-block-group-is-layout-flow\">\n<p><\/p>\n\n\n\n<h3 class=\"wp-block-heading has-primary-color has-text-color has-link-color has-x-large-font-size wp-elements-2f91653495bfc4f8c1945a2147718978\" style=\"margin-bottom:var(--wp--preset--spacing--60)\">Cerchi altre soluzioni?<\/h3>\n\n\n\n<div class=\"wp-block-buttons is-layout-flex wp-block-buttons-is-layout-flex\">\n<div class=\"wp-block-button\"><a class=\"wp-block-button__link has-white-color has-text-color has-link-color has-medium-font-size has-text-align-center has-custom-font-size wp-element-button\" href=\"https:\/\/api.whatsapp.com\/send?phone=390294751615&amp;utm_source=website&amp;utm_medium=whatsapp&amp;utm_campaign=botao\" style=\"padding-right:var(--wp--preset--spacing--30);padding-left:var(--wp--preset--spacing--30)\" target=\"_blank\" rel=\"noopener\">Scrivici un messaggio!<\/a><\/div>\n<\/div>\n<\/div>\n<\/div>\n","protected":false},"excerpt":{"rendered":"<p>Utilizza i nostri prati sintetici nella tua palestra, per offrire pi\u00f9 comfort e versatilit\u00e0 ai tuoi atleti durante gli allenamenti.<\/p>\n","protected":false},"author":1,"featured_media":1364,"parent":3789,"menu_order":35,"comment_status":"closed","ping_status":"closed","template":"","meta":{"_acf_changed":false,"footnotes":""},"class_list":["post-4217","page","type-page","status-publish","has-post-thumbnail","hentry"],"acf":[],"_links":{"self":[{"href":"https:\/\/geometriktarget.com\/it\/wp-json\/wp\/v2\/pages\/4217","targetHints":{"allow":["GET"]}}],"collection":[{"href":"https:\/\/geometriktarget.com\/it\/wp-json\/wp\/v2\/pages"}],"about":[{"href":"https:\/\/geometriktarget.com\/it\/wp-json\/wp\/v2\/types\/page"}],"author":[{"embeddable":true,"href":"https:\/\/geometriktarget.com\/it\/wp-json\/wp\/v2\/users\/1"}],"replies":[{"embeddable":true,"href":"https:\/\/geometriktarget.com\/it\/wp-json\/wp\/v2\/comments?post=4217"}],"version-history":[{"count":7,"href":"https:\/\/geometriktarget.com\/it\/wp-json\/wp\/v2\/pages\/4217\/revisions"}],"predecessor-version":[{"id":5638,"href":"https:\/\/geometriktarget.com\/it\/wp-json\/wp\/v2\/pages\/4217\/revisions\/5638"}],"up":[{"embeddable":true,"href":"https:\/\/geometriktarget.com\/it\/wp-json\/wp\/v2\/pages\/3789"}],"wp:featuredmedia":[{"embeddable":true,"href":"https:\/\/geometriktarget.com\/it\/wp-json\/wp\/v2\/media\/1364"}],"wp:attachment":[{"href":"https:\/\/geometriktarget.com\/it\/wp-json\/wp\/v2\/media?parent=4217"}],"curies":[{"name":"wp","href":"https:\/\/api.w.org\/{rel}","templated":true}]}}