{"id":4666,"date":"2024-03-10T03:52:31","date_gmt":"2024-03-10T03:52:31","guid":{"rendered":"http:\/\/geometrik.local\/politica-de-qualidade\/"},"modified":"2026-04-30T14:20:34","modified_gmt":"2026-04-30T13:20:34","slug":"politica-qualita","status":"publish","type":"page","link":"https:\/\/geometriktarget.com\/it\/politica-qualita\/","title":{"rendered":"Politica sulla Qualit\u00e0"},"content":{"rendered":"\n<div class=\"wp-block-group has-global-padding is-layout-constrained wp-container-core-group-is-layout-c5292bcf wp-block-group-is-layout-constrained\" style=\"padding-top:var(--wp--preset--spacing--60);padding-right:var(--wp--preset--spacing--30);padding-bottom:var(--wp--preset--spacing--60);padding-left:var(--wp--preset--spacing--30)\">\n<div class=\"wp-block-group has-global-padding is-layout-constrained wp-block-group-is-layout-constrained\">\n<h1 class=\"wp-block-heading has-text-align-center\">Politica sulla Qualit\u00e0<\/h1>\n\n\n\n<hr class=\"wp-block-separator has-alpha-channel-opacity is-style-separator-geometrik-left\"\/>\n\n\n\n<p>Con l&#8217;obiettivo di soddisfare le esigenze dei propri Clienti, Geometrik \u00e8 presente sul mercato con lo scopo di offrire soluzioni di pavimentazione su misura per ogni spazio sportivo, commerciale e residenziale, nonch\u00e9 attrezzature sportive e articoli di decorazione d&#8217;ambiente.<\/p>\n\n\n\n<p>A tal fine, Geometrik assume i seguenti impegni:<\/p>\n\n\n\n<ul class=\"wp-block-list is-style-icons-vertical\">\n<li>Garantire un Sistema di Gestione della Qualit\u00e0 e dell&#8217;Ambiente in conformit\u00e0 alle norme NP EN ISO 9001 e NP EN ISO 14001, ottimizzando i metodi di lavoro, assicurando il miglioramento continuo e le prestazioni ambientali dei processi implementati;<\/li>\n\n\n\n<li>Fornire soluzioni di pavimentazione su misura per ogni spazio sportivo, commerciale e residenziale, nonch\u00e9 attrezzature sportive e articoli di decorazione degli spazi, nei tempi stabiliti, garantendo stabilit\u00e0, sicurezza, comfort e durabilit\u00e0 per gli utenti;<\/li>\n\n\n\n<li>Ricercare e sviluppare nuove soluzioni, assicurando il successo e la sostenibilit\u00e0 dell&#8217;organizzazione, cercando di aumentare i livelli di soddisfazione dei Clienti;<\/li>\n\n\n\n<li>Promuovere lo sviluppo continuo dei collaboratori fornendo loro i mezzi per svolgere le proprie funzioni in conformit\u00e0 con lo standard di prestazione definito, garantendo un team soddisfatto e coeso;<\/li>\n\n\n\n<li>Proteggere l&#8217;ambiente riducendo l&#8217;impronta carbonica, utilizzando le risorse in modo sostenibile, prevenendo l&#8217;inquinamento e mitigando gli impatti ambientali, contribuendo all&#8217;adattamento ai cambiamenti climatici;<\/li>\n\n\n\n<li>Garantire il rispetto dei requisiti legali e degli altri requisiti applicabili.<\/li>\n<\/ul>\n\n\n\n<p>Ci impegniamo a creare le condizioni favorevoli all&#8217;interno dell&#8217;organizzazione affinch\u00e9 questa Politica sia compresa, implementata e mantenuta da tutti i collaboratori.<\/p>\n\n\n\n<p>Ovar, 5 settembre 2025<\/p>\n<\/div>\n<\/div>\n","protected":false},"excerpt":{"rendered":"<p>Politica sulla Qualit\u00e0 Con l&#8217;obiettivo di soddisfare le esigenze dei propri Clienti, Geometrik \u00e8 presente sul mercato con lo scopo di offrire soluzioni di pavimentazione su misura per ogni spazio sportivo, commerciale e residenziale, nonch\u00e9 attrezzature sportive e articoli di decorazione d&#8217;ambiente. A tal fine, Geometrik assume i seguenti impegni: Ci impegniamo a creare le [&hellip;]<\/p>\n","protected":false},"author":1,"featured_media":0,"parent":0,"menu_order":54,"comment_status":"closed","ping_status":"closed","template":"","meta":{"_acf_changed":false,"footnotes":""},"class_list":["post-4666","page","type-page","status-publish","hentry"],"acf":[],"_links":{"self":[{"href":"https:\/\/geometriktarget.com\/it\/wp-json\/wp\/v2\/pages\/4666","targetHints":{"allow":["GET"]}}],"collection":[{"href":"https:\/\/geometriktarget.com\/it\/wp-json\/wp\/v2\/pages"}],"about":[{"href":"https:\/\/geometriktarget.com\/it\/wp-json\/wp\/v2\/types\/page"}],"author":[{"embeddable":true,"href":"https:\/\/geometriktarget.com\/it\/wp-json\/wp\/v2\/users\/1"}],"replies":[{"embeddable":true,"href":"https:\/\/geometriktarget.com\/it\/wp-json\/wp\/v2\/comments?post=4666"}],"version-history":[{"count":2,"href":"https:\/\/geometriktarget.com\/it\/wp-json\/wp\/v2\/pages\/4666\/revisions"}],"predecessor-version":[{"id":13789,"href":"https:\/\/geometriktarget.com\/it\/wp-json\/wp\/v2\/pages\/4666\/revisions\/13789"}],"wp:attachment":[{"href":"https:\/\/geometriktarget.com\/it\/wp-json\/wp\/v2\/media?parent=4666"}],"curies":[{"name":"wp","href":"https:\/\/api.w.org\/{rel}","templated":true}]}}