{"id":4756,"date":"2024-03-10T03:48:32","date_gmt":"2024-03-10T03:48:32","guid":{"rendered":"http:\/\/geometrik.local\/sobre-nos\/"},"modified":"2026-05-05T11:35:57","modified_gmt":"2026-05-05T10:35:57","slug":"su-geometrik","status":"publish","type":"page","link":"https:\/\/geometriktarget.com\/it\/su-geometrik\/","title":{"rendered":"Su Geometrik"},"content":{"rendered":"\n<div class=\"wp-block-group has-global-padding is-layout-constrained wp-container-core-group-is-layout-0ac99041 wp-block-group-is-layout-constrained\" style=\"padding-top:var(--wp--preset--spacing--60);padding-right:var(--wp--preset--spacing--30);padding-bottom:var(--wp--preset--spacing--60);padding-left:var(--wp--preset--spacing--30)\">\n<div class=\"wp-block-group has-global-padding is-layout-constrained wp-block-group-is-layout-constrained\">\n<h1 class=\"wp-block-heading has-text-align-center\">Attrezziamo spazi fitness che rendono di pi\u00f9<\/h1>\n\n\n\n<hr class=\"wp-block-separator has-alpha-channel-opacity is-style-separator-geometrik\"\/>\n\n\n\n<p class=\"has-text-align-center has-medium-font-size\" style=\"margin-bottom:var(--wp--preset--spacing--40)\">Aiutiamo proprietari di palestre, box e studi a creare spazi che funzionano: dal primo progetto fino all\u2019espansione..<\/p>\n<\/div>\n<\/div>\n\n\n\n<div class=\"wp-block-group has-white-background-color has-background has-global-padding is-layout-constrained wp-container-core-group-is-layout-c5292bcf wp-block-group-is-layout-constrained\" style=\"padding-top:var(--wp--preset--spacing--60);padding-right:var(--wp--preset--spacing--30);padding-bottom:var(--wp--preset--spacing--60);padding-left:var(--wp--preset--spacing--30)\">\n<div class=\"wp-block-group has-global-padding is-layout-constrained wp-block-group-is-layout-constrained\">\n<h2 class=\"wp-block-heading\">L\u2019Azienda<\/h2>\n\n\n\n<p><\/p>\n\n\n\n<p>Ci sono proprietari di palestre che considerano pavimentazioni e attrezzature un semplice acquisto.<br>Altri scelgono di creare uno spazio che resiste ad anni di utilizzo intensivo, fidelizza i clienti e riflette l\u2019identit\u00e0 del marchio.<br>Geometrik lavora per i secondi.<br><br>Siamo specialisti in pavimentazioni e attrezzature fitness. Ma ci\u00f2 che ci distingue non \u00e8 ci\u00f2 che vendiamo, bens\u00ec il modo in cui pensiamo ogni progetto.<br><br>Ogni conversazione inizia con una domanda diretta: di cosa hai bisogno che questo spazio faccia per te? Da l\u00ec troviamo la giusta combinazione di materiali e attrezzature affinch\u00e9 l\u2019investimento lavori a tuo favore fin dal primo giorno.<\/p>\n\n\n\n<p><br>Consigliamo ci\u00f2 che ha senso per il tuo spazio e modello di business. E seguiamo il processo finch\u00e9 non hai la certezza che tutto funzioni come previsto.<br><br><\/p>\n\n\n\n<div class=\"wp-block-buttons is-content-justification-center is-layout-flex wp-container-core-buttons-is-layout-a89b3969 wp-block-buttons-is-layout-flex\">\n<div class=\"wp-block-button\"><a class=\"wp-block-button__link has-white-color has-cta-background-color has-text-color has-background has-link-color wp-element-button\" href=\"https:\/\/geometriktarget.com\/it\/palestra-completa\/\">Crea la tua palestra con noi<\/a><\/div>\n<\/div>\n<\/div>\n<\/div>\n\n\n\n<div class=\"wp-block-group has-global-padding is-layout-constrained wp-container-core-group-is-layout-c5292bcf wp-block-group-is-layout-constrained\" style=\"padding-top:var(--wp--preset--spacing--60);padding-right:var(--wp--preset--spacing--30);padding-bottom:var(--wp--preset--spacing--60);padding-left:var(--wp--preset--spacing--30)\">\n<div class=\"wp-block-group alignwide is-layout-flow wp-block-group-is-layout-flow\">\n<h2 class=\"wp-block-heading has-text-align-center\">Cosa possiamo fare per te<\/h2>\n\n\n\n<hr class=\"wp-block-separator has-alpha-channel-opacity is-style-separator-geometrik\"\/>\n\n\n\n<div class=\"wp-block-group grid grid-4 gap-20 xl-grid-3 m-grid-2 xs-grid-1 has-dark-grey-color has-text-color has-link-color wp-elements-1cb244ce1fa1f0d518d135afd9988b04 is-layout-flow wp-block-group-is-layout-flow\" style=\"margin-bottom:var(--wp--preset--spacing--30);line-height:1.2;text-transform:none\">\n<div class=\"wp-block-group w-100 relative linkable feature-button has-border-color has-medium-light-grey-border-color has-global-padding is-content-justification-left is-layout-constrained wp-container-core-group-is-layout-c1cd3b84 wp-block-group-is-layout-constrained\" style=\"border-width:1px;padding-top:var(--wp--preset--spacing--30);padding-right:var(--wp--preset--spacing--30);padding-bottom:var(--wp--preset--spacing--30);padding-left:var(--wp--preset--spacing--30)\">\n<figure class=\"wp-block-image size-full is-resized\"><img loading=\"lazy\" decoding=\"async\" width=\"120\" height=\"120\" src=\"https:\/\/geometriktarget.com\/wp-content\/uploads\/2024\/04\/aconselhamento-tecnico.svg\" alt=\"\" class=\"wp-image-4745\" style=\"width:120px;height:auto\"\/><\/figure>\n\n\n\n<h3 class=\"wp-block-heading\">Consigli tecnici<\/h3>\n\n\n\n<p>Insieme, troviamo la <strong>soluzione migliore<\/strong> per il tuo spazio.<\/p>\n<\/div>\n\n\n\n<div class=\"wp-block-group w-100 relative linkable feature-button has-border-color has-medium-light-grey-border-color has-global-padding is-content-justification-left is-layout-constrained wp-container-core-group-is-layout-c1cd3b84 wp-block-group-is-layout-constrained\" style=\"border-width:1px;padding-top:var(--wp--preset--spacing--30);padding-right:var(--wp--preset--spacing--30);padding-bottom:var(--wp--preset--spacing--30);padding-left:var(--wp--preset--spacing--30)\">\n<figure class=\"wp-block-image size-full is-resized\"><img loading=\"lazy\" decoding=\"async\" width=\"120\" height=\"120\" src=\"https:\/\/geometriktarget.com\/wp-content\/uploads\/2024\/04\/consultoria.svg\" alt=\"\" class=\"wp-image-4740\" style=\"width:120px;height:auto\"\/><\/figure>\n\n\n\n<h3 class=\"wp-block-heading\">Consulenza<\/h3>\n\n\n\n<p>Studiamo nei dettagli il tuo progetto per ottenere il miglior <strong>ritorno sul tuo investimento<\/strong>.<\/p>\n<\/div>\n\n\n\n<div class=\"wp-block-group w-100 relative linkable feature-button has-border-color has-medium-light-grey-border-color has-global-padding is-content-justification-left is-layout-constrained wp-container-core-group-is-layout-c1cd3b84 wp-block-group-is-layout-constrained\" style=\"border-width:1px;padding-top:var(--wp--preset--spacing--30);padding-right:var(--wp--preset--spacing--30);padding-bottom:var(--wp--preset--spacing--30);padding-left:var(--wp--preset--spacing--30)\">\n<figure class=\"wp-block-image size-full is-resized\"><img loading=\"lazy\" decoding=\"async\" width=\"120\" height=\"120\" src=\"https:\/\/geometriktarget.com\/wp-content\/uploads\/2024\/04\/servico-pos-venda.svg\" alt=\"\" class=\"wp-image-4735\" style=\"width:120px;height:auto\"\/><\/figure>\n\n\n\n<h3 class=\"wp-block-heading\">Assistenza post-vendita<\/h3>\n\n\n\n<p>L\u2019assistenza non finisce con la vendita. Il nostro staff tecnico rimane a disposizione per <strong>aiutarti in qualsiasi momento<\/strong>.<\/p>\n<\/div>\n\n\n\n<div class=\"wp-block-group w-100 relative linkable feature-button has-border-color has-medium-light-grey-border-color has-global-padding is-content-justification-left is-layout-constrained wp-container-core-group-is-layout-c1cd3b84 wp-block-group-is-layout-constrained\" style=\"border-width:1px;padding-top:var(--wp--preset--spacing--30);padding-right:var(--wp--preset--spacing--30);padding-bottom:var(--wp--preset--spacing--30);padding-left:var(--wp--preset--spacing--30)\">\n<figure class=\"wp-block-image size-full is-resized\"><img loading=\"lazy\" decoding=\"async\" width=\"120\" height=\"120\" src=\"https:\/\/geometriktarget.com\/wp-content\/uploads\/2024\/04\/performance.svg\" alt=\"\" class=\"wp-image-4730\" style=\"width:120px;height:auto\"\/><\/figure>\n\n\n\n<h3 class=\"wp-block-heading\">Performance<\/h3>\n\n\n\n<p>Pavimenti e attrezzature di qualit\u00e0 per una <strong>maggior durabilit\u00e0<\/strong> dei tuoi spazi e delle tue attrezzature.<\/p>\n<\/div>\n\n\n\n<div class=\"wp-block-group w-100 relative linkable feature-button has-border-color has-medium-light-grey-border-color has-global-padding is-content-justification-left is-layout-constrained wp-container-core-group-is-layout-c1cd3b84 wp-block-group-is-layout-constrained\" style=\"border-width:1px;padding-top:var(--wp--preset--spacing--30);padding-right:var(--wp--preset--spacing--30);padding-bottom:var(--wp--preset--spacing--30);padding-left:var(--wp--preset--spacing--30)\">\n<figure class=\"wp-block-image size-full is-resized\"><img loading=\"lazy\" decoding=\"async\" width=\"120\" height=\"120\" src=\"https:\/\/geometriktarget.com\/wp-content\/uploads\/2024\/04\/sustentabilidade.svg\" alt=\"\" class=\"wp-image-4725\" style=\"width:120px;height:auto\"\/><\/figure>\n\n\n\n<h3 class=\"wp-block-heading\">Sostenibilit\u00e0<\/h3>\n\n\n\n<p>Puntando alla salvaguardia del nostro pianeta, diamo valore all&#8217;uso di <strong>materiali e tecniche sostenibili<\/strong>.<\/p>\n<\/div>\n\n\n\n<div class=\"wp-block-group w-100 relative linkable feature-button has-border-color has-medium-light-grey-border-color has-global-padding is-content-justification-left is-layout-constrained wp-container-core-group-is-layout-c1cd3b84 wp-block-group-is-layout-constrained\" style=\"border-width:1px;padding-top:var(--wp--preset--spacing--30);padding-right:var(--wp--preset--spacing--30);padding-bottom:var(--wp--preset--spacing--30);padding-left:var(--wp--preset--spacing--30)\">\n<figure class=\"wp-block-image size-full is-resized\"><img loading=\"lazy\" decoding=\"async\" width=\"120\" height=\"120\" src=\"https:\/\/geometriktarget.com\/wp-content\/uploads\/2024\/04\/garantia-qualidade.svg\" alt=\"\" class=\"wp-image-4720\" style=\"width:120px;height:auto\"\/><\/figure>\n\n\n\n<h3 class=\"wp-block-heading\">Garanzia di qualit\u00e0<\/h3>\n\n\n\n<p>Garantiamo la qualit\u00e0 dei nostri prodotti attraverso un <strong>controllo regolare e rigoroso<\/strong>, con la realizzazione di tutti i <strong>test<\/strong> necessari per una buona performance del pavimento.<\/p>\n<\/div>\n\n\n\n<div class=\"wp-block-group w-100 relative linkable feature-button has-border-color has-medium-light-grey-border-color has-global-padding is-content-justification-left is-layout-constrained wp-container-core-group-is-layout-c1cd3b84 wp-block-group-is-layout-constrained\" style=\"border-width:1px;padding-top:var(--wp--preset--spacing--30);padding-right:var(--wp--preset--spacing--30);padding-bottom:var(--wp--preset--spacing--30);padding-left:var(--wp--preset--spacing--30)\">\n<figure class=\"wp-block-image size-full is-resized\"><img loading=\"lazy\" decoding=\"async\" width=\"120\" height=\"120\" src=\"https:\/\/geometriktarget.com\/wp-content\/uploads\/2024\/04\/seguranca.svg\" alt=\"\" class=\"wp-image-4715\" style=\"width:120px;height:auto\"\/><\/figure>\n\n\n\n<h3 class=\"wp-block-heading\">Sicurezza<\/h3>\n\n\n\n<p>La corretta pavimentazione dello spazio offre pi\u00f9 <strong>comfort e sicurezza<\/strong> agli utenti e all&#8217;ambiente circostante.<\/p>\n<\/div>\n\n\n\n<div class=\"wp-block-group w-100 relative linkable feature-button has-border-color has-medium-light-grey-border-color has-global-padding is-content-justification-left is-layout-constrained wp-container-core-group-is-layout-c1cd3b84 wp-block-group-is-layout-constrained\" style=\"border-width:1px;padding-top:var(--wp--preset--spacing--30);padding-right:var(--wp--preset--spacing--30);padding-bottom:var(--wp--preset--spacing--30);padding-left:var(--wp--preset--spacing--30)\">\n<figure class=\"wp-block-image size-full is-resized\"><img loading=\"lazy\" decoding=\"async\" width=\"120\" height=\"120\" src=\"https:\/\/geometriktarget.com\/wp-content\/uploads\/2024\/04\/confianca.svg\" alt=\"\" class=\"wp-image-4710\" style=\"width:120px;height:auto\"\/><\/figure>\n\n\n\n<h3 class=\"wp-block-heading\">Fiducia<\/h3>\n\n\n\n<p>Miriamo a sviluppare <strong>relazioni solide, trasparenti<\/strong> e a <strong>lungo termine<\/strong> con te.<\/p>\n<\/div>\n<\/div>\n<\/div>\n<\/div>\n","protected":false},"excerpt":{"rendered":"<p>Attrezziamo spazi fitness che rendono di pi\u00f9 Aiutiamo proprietari di palestre, box e studi a creare spazi che funzionano: dal primo progetto fino all\u2019espansione.. L\u2019Azienda Ci sono proprietari di palestre che considerano pavimentazioni e attrezzature un semplice acquisto.Altri scelgono di creare uno spazio che resiste ad anni di utilizzo intensivo, fidelizza i clienti e riflette [&hellip;]<\/p>\n","protected":false},"author":1,"featured_media":0,"parent":0,"menu_order":75,"comment_status":"closed","ping_status":"closed","template":"","meta":{"_acf_changed":false,"footnotes":""},"class_list":["post-4756","page","type-page","status-publish","hentry"],"acf":[],"_links":{"self":[{"href":"https:\/\/geometriktarget.com\/it\/wp-json\/wp\/v2\/pages\/4756","targetHints":{"allow":["GET"]}}],"collection":[{"href":"https:\/\/geometriktarget.com\/it\/wp-json\/wp\/v2\/pages"}],"about":[{"href":"https:\/\/geometriktarget.com\/it\/wp-json\/wp\/v2\/types\/page"}],"author":[{"embeddable":true,"href":"https:\/\/geometriktarget.com\/it\/wp-json\/wp\/v2\/users\/1"}],"replies":[{"embeddable":true,"href":"https:\/\/geometriktarget.com\/it\/wp-json\/wp\/v2\/comments?post=4756"}],"version-history":[{"count":5,"href":"https:\/\/geometriktarget.com\/it\/wp-json\/wp\/v2\/pages\/4756\/revisions"}],"predecessor-version":[{"id":14022,"href":"https:\/\/geometriktarget.com\/it\/wp-json\/wp\/v2\/pages\/4756\/revisions\/14022"}],"wp:attachment":[{"href":"https:\/\/geometriktarget.com\/it\/wp-json\/wp\/v2\/media?parent=4756"}],"curies":[{"name":"wp","href":"https:\/\/api.w.org\/{rel}","templated":true}]}}